{"id":14471,"date":"2025-07-28T17:00:09","date_gmt":"2025-07-28T20:00:09","guid":{"rendered":"https:\/\/fullatacados.com.br\/index.php\/produto\/biela-cg-82\/"},"modified":"2025-12-01T13:20:30","modified_gmt":"2025-12-01T16:20:30","slug":"biela-cg-82","status":"publish","type":"product","link":"https:\/\/fullatacados.com.br\/index.php\/produto\/biela-cg-82\/","title":{"rendered":"BIELA CG\/&#8230;82"},"content":{"rendered":"<p>Biela Honda CG at\u00e9 1982<br \/>\nPe\u00e7a fabricada em a\u00e7o resistente, conecta o pist\u00e3o ao virabrequim garantindo a transmiss\u00e3o de for\u00e7a do motor. Compat\u00edvel com modelos Honda CG fabricados at\u00e9 1982. Dur\u00e1vel e com encaixe preciso.<\/p>\n","protected":false},"excerpt":{"rendered":"<p>Biela Honda CG at\u00e9 1982 Pe\u00e7a fabricada em a\u00e7o resistente, conecta o pist\u00e3o ao virabrequim garantindo a transmiss\u00e3o de for\u00e7a do motor. Compat\u00edvel com modelos Honda CG fabricados at\u00e9 1982. Dur\u00e1vel e com encaixe preciso.<\/p>\n","protected":false},"featured_media":14555,"comment_status":"open","ping_status":"closed","template":"","meta":{"_joinchat":[]},"product_brand":[],"product_cat":[482,15],"product_tag":[],"class_list":{"0":"post-14471","1":"product","2":"type-product","3":"status-publish","4":"has-post-thumbnail","6":"product_cat-moto-pecas","7":"product_cat-sem-categoria","8":"product_shipping_class-envionormal","10":"first","11":"instock","12":"shipping-taxable","13":"purchasable","14":"product-type-simple"},"_links":{"self":[{"href":"https:\/\/fullatacados.com.br\/index.php\/wp-json\/wp\/v2\/product\/14471","targetHints":{"allow":["GET"]}}],"collection":[{"href":"https:\/\/fullatacados.com.br\/index.php\/wp-json\/wp\/v2\/product"}],"about":[{"href":"https:\/\/fullatacados.com.br\/index.php\/wp-json\/wp\/v2\/types\/product"}],"replies":[{"embeddable":true,"href":"https:\/\/fullatacados.com.br\/index.php\/wp-json\/wp\/v2\/comments?post=14471"}],"wp:featuredmedia":[{"embeddable":true,"href":"https:\/\/fullatacados.com.br\/index.php\/wp-json\/wp\/v2\/media\/14555"}],"wp:attachment":[{"href":"https:\/\/fullatacados.com.br\/index.php\/wp-json\/wp\/v2\/media?parent=14471"}],"wp:term":[{"taxonomy":"product_brand","embeddable":true,"href":"https:\/\/fullatacados.com.br\/index.php\/wp-json\/wp\/v2\/product_brand?post=14471"},{"taxonomy":"product_cat","embeddable":true,"href":"https:\/\/fullatacados.com.br\/index.php\/wp-json\/wp\/v2\/product_cat?post=14471"},{"taxonomy":"product_tag","embeddable":true,"href":"https:\/\/fullatacados.com.br\/index.php\/wp-json\/wp\/v2\/product_tag?post=14471"}],"curies":[{"name":"wp","href":"https:\/\/api.w.org\/{rel}","templated":true}]}}