{"id":14470,"date":"2025-07-28T17:00:09","date_gmt":"2025-07-28T20:00:09","guid":{"rendered":"https:\/\/fullatacados.com.br\/index.php\/produto\/biela-cg-tit125-cbx-nx-xr200\/"},"modified":"2026-04-22T18:15:07","modified_gmt":"2026-04-22T21:15:07","slug":"biela-cg-tit125-cbx-nx-xr200","status":"publish","type":"product","link":"https:\/\/fullatacados.com.br\/index.php\/produto\/biela-cg-tit125-cbx-nx-xr200\/","title":{"rendered":"BIELA CG\/TIT125\/CBX\/NX\/XR200"},"content":{"rendered":"<p>Biela CG\/Titan 125 \/ CBX \/ NX \/ XR 200<br \/>\nPe\u00e7a em a\u00e7o forjado, resistente e dur\u00e1vel. Conecta o pist\u00e3o ao virabrequim, garantindo o funcionamento eficiente do motor. Compat\u00edvel com motores Honda 125cc e 200cc, como CG\/Titan, CBX, NX e XR. Encaixe preciso e alta performance.<\/p>\n","protected":false},"excerpt":{"rendered":"<p>Biela CG\/Titan 125 \/ CBX \/ NX \/ XR 200 Pe\u00e7a em a\u00e7o forjado, resistente e dur\u00e1vel. Conecta o pist\u00e3o ao virabrequim, garantindo o funcionamento eficiente do motor. Compat\u00edvel com motores Honda 125cc e 200cc, como CG\/Titan, CBX, NX e XR. Encaixe preciso e alta performance.<\/p>\n","protected":false},"featured_media":14555,"comment_status":"open","ping_status":"closed","template":"","meta":{"_joinchat":[]},"product_brand":[207],"product_cat":[482,15],"product_tag":[],"class_list":{"0":"post-14470","1":"product","2":"type-product","3":"status-publish","4":"has-post-thumbnail","6":"product_brand-metal-leve","7":"product_cat-moto-pecas","8":"product_cat-sem-categoria","9":"product_shipping_class-envionormal","11":"first","12":"instock","13":"shipping-taxable","14":"purchasable","15":"product-type-simple"},"_links":{"self":[{"href":"https:\/\/fullatacados.com.br\/index.php\/wp-json\/wp\/v2\/product\/14470","targetHints":{"allow":["GET"]}}],"collection":[{"href":"https:\/\/fullatacados.com.br\/index.php\/wp-json\/wp\/v2\/product"}],"about":[{"href":"https:\/\/fullatacados.com.br\/index.php\/wp-json\/wp\/v2\/types\/product"}],"replies":[{"embeddable":true,"href":"https:\/\/fullatacados.com.br\/index.php\/wp-json\/wp\/v2\/comments?post=14470"}],"wp:featuredmedia":[{"embeddable":true,"href":"https:\/\/fullatacados.com.br\/index.php\/wp-json\/wp\/v2\/media\/14555"}],"wp:attachment":[{"href":"https:\/\/fullatacados.com.br\/index.php\/wp-json\/wp\/v2\/media?parent=14470"}],"wp:term":[{"taxonomy":"product_brand","embeddable":true,"href":"https:\/\/fullatacados.com.br\/index.php\/wp-json\/wp\/v2\/product_brand?post=14470"},{"taxonomy":"product_cat","embeddable":true,"href":"https:\/\/fullatacados.com.br\/index.php\/wp-json\/wp\/v2\/product_cat?post=14470"},{"taxonomy":"product_tag","embeddable":true,"href":"https:\/\/fullatacados.com.br\/index.php\/wp-json\/wp\/v2\/product_tag?post=14470"}],"curies":[{"name":"wp","href":"https:\/\/api.w.org\/{rel}","templated":true}]}}