{"id":14468,"date":"2025-07-28T17:00:09","date_gmt":"2025-07-28T20:00:09","guid":{"rendered":"https:\/\/fullatacados.com.br\/index.php\/produto\/bateria-12v-motobatt-mbtz10s\/"},"modified":"2026-04-28T14:20:07","modified_gmt":"2026-04-28T17:20:07","slug":"bateria-12v-motobatt-mbtz10s","status":"publish","type":"product","link":"https:\/\/fullatacados.com.br\/index.php\/produto\/bateria-12v-motobatt-mbtz10s\/","title":{"rendered":"BATERIA 12V MOTOBATT MBTZ10S"},"content":{"rendered":"","protected":false},"excerpt":{"rendered":"<div>Bateria 12V Motobatt MBTZ10S \u2013 Caracter\u00edsticas Resumidas<\/div>\n<div>\u2022Tens\u00e3o: 12V<\/div>\n<div>\u2022Capacidade: 8,6Ah<\/div>\n<div>\u2022Corrente de partida (CCA): 190A<\/div>\n<div>\u2022Tecnologia: AGM (selada, livre de manuten\u00e7\u00e3o)<\/div>\n<div>\u2022Design: 4 polos para instala\u00e7\u00e3o vers\u00e1til<\/div>\n<div>\u2022Aplica\u00e7\u00e3o: Motos de m\u00e9dia e alta cilindrada<\/div>\n<div>\u2022Durabilidade: Alta resist\u00eancia a vibra\u00e7\u00f5es e longa vida \u00fatil<\/div>\n<div>\u2022Pronta para uso: J\u00e1 carregada de f\u00e1brica<\/div>\n","protected":false},"featured_media":14550,"comment_status":"open","ping_status":"closed","template":"","meta":{"_joinchat":[]},"product_brand":[271],"product_cat":[482,15],"product_tag":[],"class_list":{"0":"post-14468","1":"product","2":"type-product","3":"status-publish","4":"has-post-thumbnail","6":"product_brand-motobatt","7":"product_cat-moto-pecas","8":"product_cat-sem-categoria","9":"product_shipping_class-envionormal","11":"first","12":"instock","13":"shipping-taxable","14":"purchasable","15":"product-type-simple"},"_links":{"self":[{"href":"https:\/\/fullatacados.com.br\/index.php\/wp-json\/wp\/v2\/product\/14468","targetHints":{"allow":["GET"]}}],"collection":[{"href":"https:\/\/fullatacados.com.br\/index.php\/wp-json\/wp\/v2\/product"}],"about":[{"href":"https:\/\/fullatacados.com.br\/index.php\/wp-json\/wp\/v2\/types\/product"}],"replies":[{"embeddable":true,"href":"https:\/\/fullatacados.com.br\/index.php\/wp-json\/wp\/v2\/comments?post=14468"}],"wp:featuredmedia":[{"embeddable":true,"href":"https:\/\/fullatacados.com.br\/index.php\/wp-json\/wp\/v2\/media\/14550"}],"wp:attachment":[{"href":"https:\/\/fullatacados.com.br\/index.php\/wp-json\/wp\/v2\/media?parent=14468"}],"wp:term":[{"taxonomy":"product_brand","embeddable":true,"href":"https:\/\/fullatacados.com.br\/index.php\/wp-json\/wp\/v2\/product_brand?post=14468"},{"taxonomy":"product_cat","embeddable":true,"href":"https:\/\/fullatacados.com.br\/index.php\/wp-json\/wp\/v2\/product_cat?post=14468"},{"taxonomy":"product_tag","embeddable":true,"href":"https:\/\/fullatacados.com.br\/index.php\/wp-json\/wp\/v2\/product_tag?post=14468"}],"curies":[{"name":"wp","href":"https:\/\/api.w.org\/{rel}","templated":true}]}}