{"id":14467,"date":"2025-07-28T17:00:09","date_gmt":"2025-07-28T20:00:09","guid":{"rendered":"https:\/\/fullatacados.com.br\/index.php\/produto\/bateria-12v-motobatt-mbtx20u\/"},"modified":"2026-04-28T17:35:07","modified_gmt":"2026-04-28T20:35:07","slug":"bateria-12v-motobatt-mbtx20u","status":"publish","type":"product","link":"https:\/\/fullatacados.com.br\/index.php\/produto\/bateria-12v-motobatt-mbtx20u\/","title":{"rendered":"BATERIA 12V MOTOBATT MBTX20U"},"content":{"rendered":"","protected":false},"excerpt":{"rendered":"<div>Bateria 12V Motobatt MBTX20U<\/div>\n<div>\u2022Tecnologia AGM: Selada, livre de manuten\u00e7\u00e3o e ativada de f\u00e1brica.<\/div>\n<div>\u2022Capacidade: 21Ah (C10) \/ 22,3Ah (C20).<\/div>\n<div>\u2022Corrente de partida a frio (CCA): 320A.<\/div>\n<div>\u2022Corrente de partida a frio marinha (MCA): 407A.<\/div>\n<div>\u2022Corrente de partida a quente (PHCA): 624A.<\/div>\n<div>\u2022Design QuadFlex\u2122: 4 terminais para instala\u00e7\u00e3o vers\u00e1til.<\/div>\n<div>\u2022Peso: 6,5 kg.<\/div>\n<div>\u2022Dimens\u00f5es: 175 mm (comprimento) x 87 mm (largura) x 155 mm (altura).<\/div>\n<div>\u2022Aplica\u00e7\u00f5es: Motos de alta cilindrada, ATVs, UTVs e outros ve\u00edculos powersport.<\/div>\n","protected":false},"featured_media":14556,"comment_status":"open","ping_status":"closed","template":"","meta":{"_joinchat":[]},"product_brand":[271],"product_cat":[482,15],"product_tag":[],"class_list":{"0":"post-14467","1":"product","2":"type-product","3":"status-publish","4":"has-post-thumbnail","6":"product_brand-motobatt","7":"product_cat-moto-pecas","8":"product_cat-sem-categoria","9":"product_shipping_class-envionormal","11":"first","12":"instock","13":"shipping-taxable","14":"purchasable","15":"product-type-simple"},"_links":{"self":[{"href":"https:\/\/fullatacados.com.br\/index.php\/wp-json\/wp\/v2\/product\/14467","targetHints":{"allow":["GET"]}}],"collection":[{"href":"https:\/\/fullatacados.com.br\/index.php\/wp-json\/wp\/v2\/product"}],"about":[{"href":"https:\/\/fullatacados.com.br\/index.php\/wp-json\/wp\/v2\/types\/product"}],"replies":[{"embeddable":true,"href":"https:\/\/fullatacados.com.br\/index.php\/wp-json\/wp\/v2\/comments?post=14467"}],"wp:featuredmedia":[{"embeddable":true,"href":"https:\/\/fullatacados.com.br\/index.php\/wp-json\/wp\/v2\/media\/14556"}],"wp:attachment":[{"href":"https:\/\/fullatacados.com.br\/index.php\/wp-json\/wp\/v2\/media?parent=14467"}],"wp:term":[{"taxonomy":"product_brand","embeddable":true,"href":"https:\/\/fullatacados.com.br\/index.php\/wp-json\/wp\/v2\/product_brand?post=14467"},{"taxonomy":"product_cat","embeddable":true,"href":"https:\/\/fullatacados.com.br\/index.php\/wp-json\/wp\/v2\/product_cat?post=14467"},{"taxonomy":"product_tag","embeddable":true,"href":"https:\/\/fullatacados.com.br\/index.php\/wp-json\/wp\/v2\/product_tag?post=14467"}],"curies":[{"name":"wp","href":"https:\/\/api.w.org\/{rel}","templated":true}]}}