{"id":14466,"date":"2025-07-28T17:00:09","date_gmt":"2025-07-28T20:00:09","guid":{"rendered":"https:\/\/fullatacados.com.br\/index.php\/produto\/balanca-ybr125-00-16-fact125\/"},"modified":"2026-04-08T12:05:07","modified_gmt":"2026-04-08T15:05:07","slug":"balanca-ybr125-00-16-fact125","status":"publish","type":"product","link":"https:\/\/fullatacados.com.br\/index.php\/produto\/balanca-ybr125-00-16-fact125\/","title":{"rendered":"BALANCA YBR125 00\/16\/FACT125"},"content":{"rendered":"","protected":false},"excerpt":{"rendered":"<p>balan\u00e7a YBR 125 (2000 a 2016) \/ Factor 125<br \/>\nEstrutura em a\u00e7o resistente, com acabamento anticorrosivo. Compat\u00edvel com Yamaha YBR 125 (00 a 16) e Factor 125. Respons\u00e1vel pela sustenta\u00e7\u00e3o e articula\u00e7\u00e3o da roda traseira.<\/p>\n","protected":false},"featured_media":14551,"comment_status":"open","ping_status":"closed","template":"","meta":{"_joinchat":[]},"product_brand":[199],"product_cat":[482,15],"product_tag":[],"class_list":{"0":"post-14466","1":"product","2":"type-product","3":"status-publish","4":"has-post-thumbnail","6":"product_brand-importado","7":"product_cat-moto-pecas","8":"product_cat-sem-categoria","9":"product_shipping_class-envionormal","11":"first","12":"instock","13":"shipping-taxable","14":"purchasable","15":"product-type-simple"},"_links":{"self":[{"href":"https:\/\/fullatacados.com.br\/index.php\/wp-json\/wp\/v2\/product\/14466","targetHints":{"allow":["GET"]}}],"collection":[{"href":"https:\/\/fullatacados.com.br\/index.php\/wp-json\/wp\/v2\/product"}],"about":[{"href":"https:\/\/fullatacados.com.br\/index.php\/wp-json\/wp\/v2\/types\/product"}],"replies":[{"embeddable":true,"href":"https:\/\/fullatacados.com.br\/index.php\/wp-json\/wp\/v2\/comments?post=14466"}],"wp:featuredmedia":[{"embeddable":true,"href":"https:\/\/fullatacados.com.br\/index.php\/wp-json\/wp\/v2\/media\/14551"}],"wp:attachment":[{"href":"https:\/\/fullatacados.com.br\/index.php\/wp-json\/wp\/v2\/media?parent=14466"}],"wp:term":[{"taxonomy":"product_brand","embeddable":true,"href":"https:\/\/fullatacados.com.br\/index.php\/wp-json\/wp\/v2\/product_brand?post=14466"},{"taxonomy":"product_cat","embeddable":true,"href":"https:\/\/fullatacados.com.br\/index.php\/wp-json\/wp\/v2\/product_cat?post=14466"},{"taxonomy":"product_tag","embeddable":true,"href":"https:\/\/fullatacados.com.br\/index.php\/wp-json\/wp\/v2\/product_tag?post=14466"}],"curies":[{"name":"wp","href":"https:\/\/api.w.org\/{rel}","templated":true}]}}