{"id":14461,"date":"2025-07-28T17:00:08","date_gmt":"2025-07-28T20:00:08","guid":{"rendered":"https:\/\/fullatacados.com.br\/index.php\/produto\/bateria-12v-heliar-htz7l-cb300-faz\/"},"modified":"2026-04-29T15:40:08","modified_gmt":"2026-04-29T18:40:08","slug":"bateria-12v-heliar-htz7l-cb300-faz","status":"publish","type":"product","link":"https:\/\/fullatacados.com.br\/index.php\/produto\/bateria-12v-heliar-htz7l-cb300-faz\/","title":{"rendered":"BATERIA 12V HELIAR HTZ7L CB300\/FAZ"},"content":{"rendered":"<div>Bateria Heliar HTZ7L \u2013 Caracter\u00edsticas Resumidas<\/div>\n<div>\u2022Tens\u00e3o: 12\u202fV<\/div>\n<div>\u2022Capacidade nominal: 6\u202fAh (C10)<\/div>\n<div>\u2022Corrente de partida (CCA): 60\u202fA (a \u201310\u202f\u00b0C)<\/div>\n<div>\u2022Tecnologia: AGM (Absorbed Glass Mat) \u2013 selada, livre de manuten\u00e7\u00e3o, pronta para uso imediato ap\u00f3s instala\u00e7\u00e3o<\/div>\n<div>\u2022Dimens\u00f5es aproximadas: 113\u202f\u00d7\u202f70\u202f\u00d7\u202f130\u202fmm e peso de ~2,3\u202fa\u202f2,4\u202fkg<\/div>\n","protected":false},"excerpt":{"rendered":"<p>Bateria Heliar HTZ7L \u2013 Caracter\u00edsticas Resumidas \u2022Tens\u00e3o: 12\u202fV \u2022Capacidade nominal: 6\u202fAh (C10) \u2022Corrente de partida (CCA): 60\u202fA (a \u201310\u202f\u00b0C) \u2022Tecnologia: AGM (Absorbed Glass Mat) \u2013 selada, livre de manuten\u00e7\u00e3o, pronta para uso imediato ap\u00f3s instala\u00e7\u00e3o \u2022Dimens\u00f5es aproximadas: 113\u202f\u00d7\u202f70\u202f\u00d7\u202f130\u202fmm e peso de ~2,3\u202fa\u202f2,4\u202fkg<\/p>\n","protected":false},"featured_media":14562,"comment_status":"open","ping_status":"closed","template":"","meta":{"_joinchat":[]},"product_brand":[272],"product_cat":[482,15],"product_tag":[],"class_list":{"0":"post-14461","1":"product","2":"type-product","3":"status-publish","4":"has-post-thumbnail","6":"product_brand-heliar","7":"product_cat-moto-pecas","8":"product_cat-sem-categoria","9":"product_shipping_class-envionormal","11":"first","12":"instock","13":"shipping-taxable","14":"purchasable","15":"product-type-simple"},"_links":{"self":[{"href":"https:\/\/fullatacados.com.br\/index.php\/wp-json\/wp\/v2\/product\/14461","targetHints":{"allow":["GET"]}}],"collection":[{"href":"https:\/\/fullatacados.com.br\/index.php\/wp-json\/wp\/v2\/product"}],"about":[{"href":"https:\/\/fullatacados.com.br\/index.php\/wp-json\/wp\/v2\/types\/product"}],"replies":[{"embeddable":true,"href":"https:\/\/fullatacados.com.br\/index.php\/wp-json\/wp\/v2\/comments?post=14461"}],"wp:featuredmedia":[{"embeddable":true,"href":"https:\/\/fullatacados.com.br\/index.php\/wp-json\/wp\/v2\/media\/14562"}],"wp:attachment":[{"href":"https:\/\/fullatacados.com.br\/index.php\/wp-json\/wp\/v2\/media?parent=14461"}],"wp:term":[{"taxonomy":"product_brand","embeddable":true,"href":"https:\/\/fullatacados.com.br\/index.php\/wp-json\/wp\/v2\/product_brand?post=14461"},{"taxonomy":"product_cat","embeddable":true,"href":"https:\/\/fullatacados.com.br\/index.php\/wp-json\/wp\/v2\/product_cat?post=14461"},{"taxonomy":"product_tag","embeddable":true,"href":"https:\/\/fullatacados.com.br\/index.php\/wp-json\/wp\/v2\/product_tag?post=14461"}],"curies":[{"name":"wp","href":"https:\/\/api.w.org\/{rel}","templated":true}]}}