{"id":14458,"date":"2025-07-28T17:00:08","date_gmt":"2025-07-28T20:00:08","guid":{"rendered":"https:\/\/fullatacados.com.br\/index.php\/produto\/bateria-12v-motobatt-mbt12b4-11ah\/"},"modified":"2026-04-06T09:05:07","modified_gmt":"2026-04-06T12:05:07","slug":"bateria-12v-motobatt-mbt12b4-11ah","status":"publish","type":"product","link":"https:\/\/fullatacados.com.br\/index.php\/produto\/bateria-12v-motobatt-mbt12b4-11ah\/","title":{"rendered":"BATERIA 12V MOTOBATT MBT12B4 11AH"},"content":{"rendered":"<div>MotoBatt MBT12B4 12\u202fV 11\u202fAh<\/div>\n<div>\u2022Capacidade: 11\u202fAh (C10); cerca de 11,7\u202fAh (C20)<\/div>\n<div>\u2022Tens\u00e3o nominal: 12\u202fV<\/div>\n<div>\u2022Corrente de partida (CCA): aprox. 150\u202fA (norma EN)<\/div>\n<div>\u2022Tecnologia: AGM (Absorbed Glass Mat), selada e livre de manuten\u00e7\u00e3o<\/div>\n<div>\u2022Design Quad\u2011Flex\u2122: terminais vers\u00e1teis para facilitar a instala\u00e7\u00e3o<\/div>\n<div>\u2022Dimens\u00f5es: approx. 150\u202f\u00d7\u202f70\u202f\u00d7\u202f130\u202fmm (L\u202f\u00d7\u202fW\u202f\u00d7\u202fH)<\/div>\n<div>\u2022Peso: cerca de 3,52\u202fkg (7,8\u202flb)<\/div>\n<div>\u2022Substitui: modelos como YT12B-BS, YT12B4 \/ YTX12B<\/div>\n<div>\u2022Garantia: 1 ano (com possibilidade de extens\u00e3o ao registrar em at\u00e9 21 dias)<\/div>\n","protected":false},"excerpt":{"rendered":"<p>MotoBatt MBT12B4 12\u202fV 11\u202fAh \u2022Capacidade: 11\u202fAh (C10); cerca de 11,7\u202fAh (C20) \u2022Tens\u00e3o nominal: 12\u202fV \u2022Corrente de partida (CCA): aprox. 150\u202fA (norma EN) \u2022Tecnologia: AGM (Absorbed Glass Mat), selada e livre de manuten\u00e7\u00e3o \u2022Design Quad\u2011Flex\u2122: terminais vers\u00e1teis para facilitar a instala\u00e7\u00e3o \u2022Dimens\u00f5es: approx. 150\u202f\u00d7\u202f70\u202f\u00d7\u202f130\u202fmm (L\u202f\u00d7\u202fW\u202f\u00d7\u202fH) \u2022Peso: cerca de 3,52\u202fkg (7,8\u202flb) \u2022Substitui: modelos como YT12B-BS, YT12B4 \/ [&hellip;]<\/p>\n","protected":false},"featured_media":14558,"comment_status":"open","ping_status":"closed","template":"","meta":{"_joinchat":[]},"product_brand":[271],"product_cat":[482,15],"product_tag":[],"class_list":{"0":"post-14458","1":"product","2":"type-product","3":"status-publish","4":"has-post-thumbnail","6":"product_brand-motobatt","7":"product_cat-moto-pecas","8":"product_cat-sem-categoria","9":"product_shipping_class-envionormal","11":"first","12":"instock","13":"shipping-taxable","14":"purchasable","15":"product-type-simple"},"_links":{"self":[{"href":"https:\/\/fullatacados.com.br\/index.php\/wp-json\/wp\/v2\/product\/14458","targetHints":{"allow":["GET"]}}],"collection":[{"href":"https:\/\/fullatacados.com.br\/index.php\/wp-json\/wp\/v2\/product"}],"about":[{"href":"https:\/\/fullatacados.com.br\/index.php\/wp-json\/wp\/v2\/types\/product"}],"replies":[{"embeddable":true,"href":"https:\/\/fullatacados.com.br\/index.php\/wp-json\/wp\/v2\/comments?post=14458"}],"wp:featuredmedia":[{"embeddable":true,"href":"https:\/\/fullatacados.com.br\/index.php\/wp-json\/wp\/v2\/media\/14558"}],"wp:attachment":[{"href":"https:\/\/fullatacados.com.br\/index.php\/wp-json\/wp\/v2\/media?parent=14458"}],"wp:term":[{"taxonomy":"product_brand","embeddable":true,"href":"https:\/\/fullatacados.com.br\/index.php\/wp-json\/wp\/v2\/product_brand?post=14458"},{"taxonomy":"product_cat","embeddable":true,"href":"https:\/\/fullatacados.com.br\/index.php\/wp-json\/wp\/v2\/product_cat?post=14458"},{"taxonomy":"product_tag","embeddable":true,"href":"https:\/\/fullatacados.com.br\/index.php\/wp-json\/wp\/v2\/product_tag?post=14458"}],"curies":[{"name":"wp","href":"https:\/\/api.w.org\/{rel}","templated":true}]}}