{"id":14457,"date":"2025-07-28T17:00:07","date_gmt":"2025-07-28T20:00:07","guid":{"rendered":"https:\/\/fullatacados.com.br\/index.php\/produto\/bagageiro-xtz125-pto-sansao\/"},"modified":"2025-12-26T09:50:08","modified_gmt":"2025-12-26T12:50:08","slug":"bagageiro-xtz125-pto-sansao","status":"publish","type":"product","link":"https:\/\/fullatacados.com.br\/index.php\/produto\/bagageiro-xtz125-pto-sansao\/","title":{"rendered":"BAGAGEIRO XTZ125 PTO SANSAO"},"content":{"rendered":"","protected":false},"excerpt":{"rendered":"<div>Bagageiro Pro Tork Sans\u00e3o para Yamaha XTZ 125<\/div>\n<div>\u2022Aplica\u00e7\u00e3o: Compat\u00edvel com modelos Yamaha XTZ 125 de 2003 a 2016.<\/div>\n<div>\u2022Material: Fabricado em a\u00e7o maci\u00e7o, proporcionando robustez e durabilidade.<\/div>\n<div>\u2022Design: Modelo \u201cSans\u00e3o\u201d, conhecido por seu formato que facilita o transporte de cargas e instala\u00e7\u00e3o de ba\u00fas.<\/div>\n<div>\u2022Fixa\u00e7\u00e3o: Instala\u00e7\u00e3o direta utilizando as al\u00e7as laterais da moto, sem necessidade de desmontar a rabeta traseira.<\/div>\n<div>\u2022Capacidade m\u00e1xima: Suporta at\u00e9 6\u202fkg, ideal para transporte de pequenos objetos e instala\u00e7\u00e3o de ba\u00fas.<\/div>\n<div>\u2022Acabamento: Dispon\u00edvel em acabamento cromado ou pintura eletrost\u00e1tica preta, resistente \u00e0 corros\u00e3o e intemp\u00e9ries.<\/div>\n<div>\u2022Peso: Aproximadamente 2,3\u202fkg, dependendo do modelo e acabamento.<\/div>\n","protected":false},"featured_media":14568,"comment_status":"open","ping_status":"closed","template":"","meta":{"_joinchat":[]},"product_brand":[183],"product_cat":[482,15],"product_tag":[],"class_list":{"0":"post-14457","1":"product","2":"type-product","3":"status-publish","4":"has-post-thumbnail","6":"product_brand-pro-tork","7":"product_cat-moto-pecas","8":"product_cat-sem-categoria","9":"product_shipping_class-envionormal","11":"first","12":"instock","13":"shipping-taxable","14":"purchasable","15":"product-type-simple"},"_links":{"self":[{"href":"https:\/\/fullatacados.com.br\/index.php\/wp-json\/wp\/v2\/product\/14457","targetHints":{"allow":["GET"]}}],"collection":[{"href":"https:\/\/fullatacados.com.br\/index.php\/wp-json\/wp\/v2\/product"}],"about":[{"href":"https:\/\/fullatacados.com.br\/index.php\/wp-json\/wp\/v2\/types\/product"}],"replies":[{"embeddable":true,"href":"https:\/\/fullatacados.com.br\/index.php\/wp-json\/wp\/v2\/comments?post=14457"}],"wp:featuredmedia":[{"embeddable":true,"href":"https:\/\/fullatacados.com.br\/index.php\/wp-json\/wp\/v2\/media\/14568"}],"wp:attachment":[{"href":"https:\/\/fullatacados.com.br\/index.php\/wp-json\/wp\/v2\/media?parent=14457"}],"wp:term":[{"taxonomy":"product_brand","embeddable":true,"href":"https:\/\/fullatacados.com.br\/index.php\/wp-json\/wp\/v2\/product_brand?post=14457"},{"taxonomy":"product_cat","embeddable":true,"href":"https:\/\/fullatacados.com.br\/index.php\/wp-json\/wp\/v2\/product_cat?post=14457"},{"taxonomy":"product_tag","embeddable":true,"href":"https:\/\/fullatacados.com.br\/index.php\/wp-json\/wp\/v2\/product_tag?post=14457"}],"curies":[{"name":"wp","href":"https:\/\/api.w.org\/{rel}","templated":true}]}}