{"id":14454,"date":"2025-07-28T16:55:10","date_gmt":"2025-07-28T19:55:10","guid":{"rendered":"https:\/\/fullatacados.com.br\/index.php\/produto\/bagageiro-pcx150-13-pcx160-23-scam\/"},"modified":"2026-04-18T12:20:07","modified_gmt":"2026-04-18T15:20:07","slug":"bagageiro-pcx150-13-pcx160-23-scam","status":"publish","type":"product","link":"https:\/\/fullatacados.com.br\/index.php\/produto\/bagageiro-pcx150-13-pcx160-23-scam\/","title":{"rendered":"BAGAGEIRO PCX150 13\/&#8230;\/PCX160 23 SCAM"},"content":{"rendered":"<div>Bagageiro Scam SPTO167 para Honda PCX150\/160<\/div>\n<div>\u2022Aplica\u00e7\u00f5es:<\/div>\n<div>\u2022Honda PCX150: 2013 a 2022<\/div>\n<div>\u2022Honda PCX160: 2023 em diante<\/div>\n<div>\u2022Material: Chapa de a\u00e7o carbono de 3\u202fmm de espessura<\/div>\n<div>\u2022Acabamento: Pintura ep\u00f3xi na cor preto fosco, com tratamento anticorros\u00e3o<\/div>\n<div>\u2022Capacidade m\u00e1xima: 10\u202fkg<\/div>\n<div>\u2022Fixa\u00e7\u00e3o: Substitui a al\u00e7a do garupa, utilizando os pontos de fixa\u00e7\u00e3o originais da motocicleta<\/div>\n<div>\u2022Conte\u00fado da embalagem: Suporte de ba\u00fa superior + kit de fixa\u00e7\u00e3o + manual de instala\u00e7\u00e3o<\/div>\n<div>\u2022Garantia: 3 meses contra defeitos de fabrica\u00e7\u00e3o<\/div>\n<div>\u2022Compatibilidade com ba\u00fas: Adequado para ba\u00fas das principais marcas do mercado<\/div>\n","protected":false},"excerpt":{"rendered":"<p>Bagageiro Scam SPTO167 para Honda PCX150\/160 \u2022Aplica\u00e7\u00f5es: \u2022Honda PCX150: 2013 a 2022 \u2022Honda PCX160: 2023 em diante \u2022Material: Chapa de a\u00e7o carbono de 3\u202fmm de espessura \u2022Acabamento: Pintura ep\u00f3xi na cor preto fosco, com tratamento anticorros\u00e3o \u2022Capacidade m\u00e1xima: 10\u202fkg \u2022Fixa\u00e7\u00e3o: Substitui a al\u00e7a do garupa, utilizando os pontos de fixa\u00e7\u00e3o originais da motocicleta \u2022Conte\u00fado da [&hellip;]<\/p>\n","protected":false},"featured_media":14570,"comment_status":"open","ping_status":"closed","template":"","meta":{"_joinchat":[]},"product_brand":[277],"product_cat":[482,15],"product_tag":[],"class_list":{"0":"post-14454","1":"product","2":"type-product","3":"status-publish","4":"has-post-thumbnail","6":"product_brand-scam","7":"product_cat-moto-pecas","8":"product_cat-sem-categoria","9":"product_shipping_class-envionormal","11":"first","12":"outofstock","13":"shipping-taxable","14":"purchasable","15":"product-type-simple"},"_links":{"self":[{"href":"https:\/\/fullatacados.com.br\/index.php\/wp-json\/wp\/v2\/product\/14454","targetHints":{"allow":["GET"]}}],"collection":[{"href":"https:\/\/fullatacados.com.br\/index.php\/wp-json\/wp\/v2\/product"}],"about":[{"href":"https:\/\/fullatacados.com.br\/index.php\/wp-json\/wp\/v2\/types\/product"}],"replies":[{"embeddable":true,"href":"https:\/\/fullatacados.com.br\/index.php\/wp-json\/wp\/v2\/comments?post=14454"}],"wp:featuredmedia":[{"embeddable":true,"href":"https:\/\/fullatacados.com.br\/index.php\/wp-json\/wp\/v2\/media\/14570"}],"wp:attachment":[{"href":"https:\/\/fullatacados.com.br\/index.php\/wp-json\/wp\/v2\/media?parent=14454"}],"wp:term":[{"taxonomy":"product_brand","embeddable":true,"href":"https:\/\/fullatacados.com.br\/index.php\/wp-json\/wp\/v2\/product_brand?post=14454"},{"taxonomy":"product_cat","embeddable":true,"href":"https:\/\/fullatacados.com.br\/index.php\/wp-json\/wp\/v2\/product_cat?post=14454"},{"taxonomy":"product_tag","embeddable":true,"href":"https:\/\/fullatacados.com.br\/index.php\/wp-json\/wp\/v2\/product_tag?post=14454"}],"curies":[{"name":"wp","href":"https:\/\/api.w.org\/{rel}","templated":true}]}}