{"id":14453,"date":"2025-07-28T16:55:09","date_gmt":"2025-07-28T19:55:09","guid":{"rendered":"https:\/\/fullatacados.com.br\/index.php\/produto\/bagageiro-tit160-16-25\/"},"modified":"2026-04-29T18:25:08","modified_gmt":"2026-04-29T21:25:08","slug":"bagageiro-tit160-16-25","status":"publish","type":"product","link":"https:\/\/fullatacados.com.br\/index.php\/produto\/bagageiro-tit160-16-25\/","title":{"rendered":"BAGAGEIRO TIT160 16\/25"},"content":{"rendered":"<div>Bagageiro para Honda Titan 160 (2016\u20132025)<\/div>\n<div><\/div>\n<div>\ud83d\udd27 Caracter\u00edsticas principais<\/div>\n<div>\u2022Aplica\u00e7\u00e3o: Compat\u00edvel com Honda Titan 160, incluindo vers\u00f5es de 2016 a 2025.<\/div>\n<div>\u2022Material: Fabricado em a\u00e7o maci\u00e7o ou a\u00e7o tubular, dependendo do modelo.<\/div>\n<div>\u2022Acabamento: Dispon\u00edvel em preto fosco, cromado ou acabamento carbono, com pintura eletrost\u00e1tica para maior durabilidade.<\/div>\n<div>\u2022Capacidade m\u00e1xima: Suporta at\u00e9 10\u202fkg, ideal para transporte de pequenos objetos e instala\u00e7\u00e3o de ba\u00fas.<\/div>\n<div>\u2022Fixa\u00e7\u00e3o: Instala\u00e7\u00e3o direta utilizando os pontos de fixa\u00e7\u00e3o originais da motocicleta.<\/div>\n<div>\u2022Compatibilidade com ba\u00fas: Adequado para ba\u00fas das principais marcas do mercado<\/div>\n","protected":false},"excerpt":{"rendered":"<p>Bagageiro para Honda Titan 160 (2016\u20132025) \ud83d\udd27 Caracter\u00edsticas principais \u2022Aplica\u00e7\u00e3o: Compat\u00edvel com Honda Titan 160, incluindo vers\u00f5es de 2016 a 2025. \u2022Material: Fabricado em a\u00e7o maci\u00e7o ou a\u00e7o tubular, dependendo do modelo. \u2022Acabamento: Dispon\u00edvel em preto fosco, cromado ou acabamento carbono, com pintura eletrost\u00e1tica para maior durabilidade. \u2022Capacidade m\u00e1xima: Suporta at\u00e9 10\u202fkg, ideal para transporte [&hellip;]<\/p>\n","protected":false},"featured_media":14572,"comment_status":"open","ping_status":"closed","template":"","meta":{"_joinchat":[]},"product_brand":[199],"product_cat":[482,15],"product_tag":[],"class_list":{"0":"post-14453","1":"product","2":"type-product","3":"status-publish","4":"has-post-thumbnail","6":"product_brand-importado","7":"product_cat-moto-pecas","8":"product_cat-sem-categoria","9":"product_shipping_class-envionormal","11":"first","12":"instock","13":"shipping-taxable","14":"purchasable","15":"product-type-simple"},"_links":{"self":[{"href":"https:\/\/fullatacados.com.br\/index.php\/wp-json\/wp\/v2\/product\/14453","targetHints":{"allow":["GET"]}}],"collection":[{"href":"https:\/\/fullatacados.com.br\/index.php\/wp-json\/wp\/v2\/product"}],"about":[{"href":"https:\/\/fullatacados.com.br\/index.php\/wp-json\/wp\/v2\/types\/product"}],"replies":[{"embeddable":true,"href":"https:\/\/fullatacados.com.br\/index.php\/wp-json\/wp\/v2\/comments?post=14453"}],"wp:featuredmedia":[{"embeddable":true,"href":"https:\/\/fullatacados.com.br\/index.php\/wp-json\/wp\/v2\/media\/14572"}],"wp:attachment":[{"href":"https:\/\/fullatacados.com.br\/index.php\/wp-json\/wp\/v2\/media?parent=14453"}],"wp:term":[{"taxonomy":"product_brand","embeddable":true,"href":"https:\/\/fullatacados.com.br\/index.php\/wp-json\/wp\/v2\/product_brand?post=14453"},{"taxonomy":"product_cat","embeddable":true,"href":"https:\/\/fullatacados.com.br\/index.php\/wp-json\/wp\/v2\/product_cat?post=14453"},{"taxonomy":"product_tag","embeddable":true,"href":"https:\/\/fullatacados.com.br\/index.php\/wp-json\/wp\/v2\/product_tag?post=14453"}],"curies":[{"name":"wp","href":"https:\/\/api.w.org\/{rel}","templated":true}]}}