{"id":14451,"date":"2025-07-28T16:55:09","date_gmt":"2025-07-28T19:55:09","guid":{"rendered":"https:\/\/fullatacados.com.br\/index.php\/produto\/bagageiro-yamaha-fluo125-26\/"},"modified":"2026-02-25T13:35:08","modified_gmt":"2026-02-25T16:35:08","slug":"bagageiro-yamaha-fluo125-26","status":"publish","type":"product","link":"https:\/\/fullatacados.com.br\/index.php\/produto\/bagageiro-yamaha-fluo125-26\/","title":{"rendered":"BAGAGEIRO YAMAHA FLUO125 26\/&#8230;"},"content":{"rendered":"<p>O Suporte de Ba\u00fa Superior Yamaha Fluo 125 Hybrid 2026+ oferece caracter\u00edsticas semelhantes, sendo uma op\u00e7\u00e3o original da Yamaha, garantindo perfeito encaixe e compatibilidade<\/p>\n","protected":false},"excerpt":{"rendered":"<p>O Suporte de Ba\u00fa Superior Yamaha Fluo 125 Hybrid 2026+ oferece caracter\u00edsticas semelhantes, sendo uma op\u00e7\u00e3o original da Yamaha, garantindo perfeito encaixe e compatibilidade<\/p>\n","protected":false},"featured_media":14574,"comment_status":"open","ping_status":"closed","template":"","meta":{"_joinchat":[]},"product_brand":[277],"product_cat":[482,15],"product_tag":[],"class_list":{"0":"post-14451","1":"product","2":"type-product","3":"status-publish","4":"has-post-thumbnail","6":"product_brand-scam","7":"product_cat-moto-pecas","8":"product_cat-sem-categoria","9":"product_shipping_class-envionormal","11":"first","12":"instock","13":"shipping-taxable","14":"purchasable","15":"product-type-simple"},"_links":{"self":[{"href":"https:\/\/fullatacados.com.br\/index.php\/wp-json\/wp\/v2\/product\/14451","targetHints":{"allow":["GET"]}}],"collection":[{"href":"https:\/\/fullatacados.com.br\/index.php\/wp-json\/wp\/v2\/product"}],"about":[{"href":"https:\/\/fullatacados.com.br\/index.php\/wp-json\/wp\/v2\/types\/product"}],"replies":[{"embeddable":true,"href":"https:\/\/fullatacados.com.br\/index.php\/wp-json\/wp\/v2\/comments?post=14451"}],"wp:featuredmedia":[{"embeddable":true,"href":"https:\/\/fullatacados.com.br\/index.php\/wp-json\/wp\/v2\/media\/14574"}],"wp:attachment":[{"href":"https:\/\/fullatacados.com.br\/index.php\/wp-json\/wp\/v2\/media?parent=14451"}],"wp:term":[{"taxonomy":"product_brand","embeddable":true,"href":"https:\/\/fullatacados.com.br\/index.php\/wp-json\/wp\/v2\/product_brand?post=14451"},{"taxonomy":"product_cat","embeddable":true,"href":"https:\/\/fullatacados.com.br\/index.php\/wp-json\/wp\/v2\/product_cat?post=14451"},{"taxonomy":"product_tag","embeddable":true,"href":"https:\/\/fullatacados.com.br\/index.php\/wp-json\/wp\/v2\/product_tag?post=14451"}],"curies":[{"name":"wp","href":"https:\/\/api.w.org\/{rel}","templated":true}]}}