{"id":14447,"date":"2025-07-28T16:55:09","date_gmt":"2025-07-28T19:55:09","guid":{"rendered":"https:\/\/fullatacados.com.br\/index.php\/produto\/bagageiro-nc750x-22-scam\/"},"modified":"2025-12-01T13:20:31","modified_gmt":"2025-12-01T16:20:31","slug":"bagageiro-nc750x-22-scam","status":"publish","type":"product","link":"https:\/\/fullatacados.com.br\/index.php\/produto\/bagageiro-nc750x-22-scam\/","title":{"rendered":"BAGAGEIRO NC750X 22\/&#8230; SCAM"},"content":{"rendered":"<div>Bagageiro Traseiro SCAM para Honda NC750X (2022\u20132025)<\/div>\n<div>\u2022Compat\u00edvel com Honda NC700X \/ NC750X, a partir de 2022 em diante; encaixe original sem adapta\u00e7\u00f5es necess\u00e1rias\u00a0 \ufffc \ufffc<\/div>\n<div>\u2022Fabricado em tubo de a\u00e7o carbono (22 mm) com base em chapa de 3 mm, acabamento em preto fosco com pintura ep\u00f3xi anticorrosiva\u00a0 \ufffc \ufffc<\/div>\n<div>\u2022Suporta at\u00e9 10\u202fkg, ideal para instala\u00e7\u00e3o de ba\u00fa superior mantendo a al\u00e7a do garupa original da moto<\/div>\n<div>\u2022Peso aproximado: 3,5\u202fkg, dimens\u00f5es do suporte: ~65\u202f\u00d7\u202f30\u202f\u00d7\u202f40\u202fcm<\/div>\n<div>\u2022Inclui kit de fixa\u00e7\u00e3o completo e manual de montagem; garantia de 90 dias (3 meses) contra defeitos de fabrica\u00e7\u00e3o<\/div>\n","protected":false},"excerpt":{"rendered":"<p>Bagageiro Traseiro SCAM para Honda NC750X (2022\u20132025) \u2022Compat\u00edvel com Honda NC700X \/ NC750X, a partir de 2022 em diante; encaixe original sem adapta\u00e7\u00f5es necess\u00e1rias\u00a0 \ufffc \ufffc \u2022Fabricado em tubo de a\u00e7o carbono (22 mm) com base em chapa de 3 mm, acabamento em preto fosco com pintura ep\u00f3xi anticorrosiva\u00a0 \ufffc \ufffc \u2022Suporta at\u00e9 10\u202fkg, ideal [&hellip;]<\/p>\n","protected":false},"featured_media":14576,"comment_status":"open","ping_status":"closed","template":"","meta":{"_joinchat":[]},"product_brand":[],"product_cat":[482,15],"product_tag":[],"class_list":{"0":"post-14447","1":"product","2":"type-product","3":"status-publish","4":"has-post-thumbnail","6":"product_cat-moto-pecas","7":"product_cat-sem-categoria","8":"product_shipping_class-envionormal","10":"first","11":"instock","12":"shipping-taxable","13":"purchasable","14":"product-type-simple"},"_links":{"self":[{"href":"https:\/\/fullatacados.com.br\/index.php\/wp-json\/wp\/v2\/product\/14447","targetHints":{"allow":["GET"]}}],"collection":[{"href":"https:\/\/fullatacados.com.br\/index.php\/wp-json\/wp\/v2\/product"}],"about":[{"href":"https:\/\/fullatacados.com.br\/index.php\/wp-json\/wp\/v2\/types\/product"}],"replies":[{"embeddable":true,"href":"https:\/\/fullatacados.com.br\/index.php\/wp-json\/wp\/v2\/comments?post=14447"}],"wp:featuredmedia":[{"embeddable":true,"href":"https:\/\/fullatacados.com.br\/index.php\/wp-json\/wp\/v2\/media\/14576"}],"wp:attachment":[{"href":"https:\/\/fullatacados.com.br\/index.php\/wp-json\/wp\/v2\/media?parent=14447"}],"wp:term":[{"taxonomy":"product_brand","embeddable":true,"href":"https:\/\/fullatacados.com.br\/index.php\/wp-json\/wp\/v2\/product_brand?post=14447"},{"taxonomy":"product_cat","embeddable":true,"href":"https:\/\/fullatacados.com.br\/index.php\/wp-json\/wp\/v2\/product_cat?post=14447"},{"taxonomy":"product_tag","embeddable":true,"href":"https:\/\/fullatacados.com.br\/index.php\/wp-json\/wp\/v2\/product_tag?post=14447"}],"curies":[{"name":"wp","href":"https:\/\/api.w.org\/{rel}","templated":true}]}}