{"id":14446,"date":"2025-07-28T16:55:08","date_gmt":"2025-07-28T19:55:08","guid":{"rendered":"https:\/\/fullatacados.com.br\/index.php\/produto\/bagageiro-land250-19-24\/"},"modified":"2026-02-02T14:45:07","modified_gmt":"2026-02-02T17:45:07","slug":"bagageiro-land250-19-24","status":"publish","type":"product","link":"https:\/\/fullatacados.com.br\/index.php\/produto\/bagageiro-land250-19-24\/","title":{"rendered":"BAGAGEIRO LAND250 19\/24"},"content":{"rendered":"<div>agageiro SCAM Superior \u2013 Yamaha Lander 250 (2019\u20132025)<\/div>\n<div>\u2022Compatibilidade: Yamaha XTZ 250 Lander 2019 a 2025\u00a0 \ufffc \ufffc<\/div>\n<div>\u2022Material: Chapa de a\u00e7o carbono com 3\u202fmm de espessura, acabamento em pintura ep\u00f3xi preta fosca com tratamento anticorrosivo\u00a0 \ufffc \ufffc<\/div>\n<div>\u2022Capacidade de carga: At\u00e9 10\u202fkg\u00a0 \ufffc \ufffc<\/div>\n<div>\u2022Fixa\u00e7\u00e3o: Utiliza os pontos originais da motocicleta; n\u00e3o \u00e9 necess\u00e1rio fazer furos ou adapta\u00e7\u00f5es na moto\u00a0 \ufffc \ufffc<\/div>\n<div>\u2022Itens inclusos: Bagageiro, kit de fixa\u00e7\u00e3o (parafusos, buchas, manual)\u00a0 \ufffc \ufffc<\/div>\n<div>\u2022Peso aproximado: 1,5\u202fkg\u00a0 \ufffc<\/div>\n<div>\u2022Garantia: 3 meses contra defeitos de fabrica\u00e7\u00e3o<\/div>\n","protected":false},"excerpt":{"rendered":"<p>agageiro SCAM Superior \u2013 Yamaha Lander 250 (2019\u20132025) \u2022Compatibilidade: Yamaha XTZ 250 Lander 2019 a 2025\u00a0 \ufffc \ufffc \u2022Material: Chapa de a\u00e7o carbono com 3\u202fmm de espessura, acabamento em pintura ep\u00f3xi preta fosca com tratamento anticorrosivo\u00a0 \ufffc \ufffc \u2022Capacidade de carga: At\u00e9 10\u202fkg\u00a0 \ufffc \ufffc \u2022Fixa\u00e7\u00e3o: Utiliza os pontos originais da motocicleta; n\u00e3o \u00e9 necess\u00e1rio [&hellip;]<\/p>\n","protected":false},"featured_media":14586,"comment_status":"open","ping_status":"closed","template":"","meta":{"_joinchat":[]},"product_brand":[196],"product_cat":[482,15],"product_tag":[],"class_list":{"0":"post-14446","1":"product","2":"type-product","3":"status-publish","4":"has-post-thumbnail","6":"product_brand-coyote","7":"product_cat-moto-pecas","8":"product_cat-sem-categoria","9":"product_shipping_class-envionormal","11":"first","12":"instock","13":"shipping-taxable","14":"purchasable","15":"product-type-simple"},"_links":{"self":[{"href":"https:\/\/fullatacados.com.br\/index.php\/wp-json\/wp\/v2\/product\/14446","targetHints":{"allow":["GET"]}}],"collection":[{"href":"https:\/\/fullatacados.com.br\/index.php\/wp-json\/wp\/v2\/product"}],"about":[{"href":"https:\/\/fullatacados.com.br\/index.php\/wp-json\/wp\/v2\/types\/product"}],"replies":[{"embeddable":true,"href":"https:\/\/fullatacados.com.br\/index.php\/wp-json\/wp\/v2\/comments?post=14446"}],"wp:featuredmedia":[{"embeddable":true,"href":"https:\/\/fullatacados.com.br\/index.php\/wp-json\/wp\/v2\/media\/14586"}],"wp:attachment":[{"href":"https:\/\/fullatacados.com.br\/index.php\/wp-json\/wp\/v2\/media?parent=14446"}],"wp:term":[{"taxonomy":"product_brand","embeddable":true,"href":"https:\/\/fullatacados.com.br\/index.php\/wp-json\/wp\/v2\/product_brand?post=14446"},{"taxonomy":"product_cat","embeddable":true,"href":"https:\/\/fullatacados.com.br\/index.php\/wp-json\/wp\/v2\/product_cat?post=14446"},{"taxonomy":"product_tag","embeddable":true,"href":"https:\/\/fullatacados.com.br\/index.php\/wp-json\/wp\/v2\/product_tag?post=14446"}],"curies":[{"name":"wp","href":"https:\/\/api.w.org\/{rel}","templated":true}]}}