{"id":14445,"date":"2025-07-28T16:55:08","date_gmt":"2025-07-28T19:55:08","guid":{"rendered":"https:\/\/fullatacados.com.br\/index.php\/produto\/bagageiro-n-max160-21-25-scam\/"},"modified":"2026-04-02T15:35:07","modified_gmt":"2026-04-02T18:35:07","slug":"bagageiro-n-max160-21-25-scam","status":"publish","type":"product","link":"https:\/\/fullatacados.com.br\/index.php\/produto\/bagageiro-n-max160-21-25-scam\/","title":{"rendered":"BAGAGEIRO N MAX160 21\/25 SCAM"},"content":{"rendered":"<div>Bagageiro SCAM SPTO534 \u2013 Yamaha NMAX\u202f160 (2021\u20132025)<\/div>\n<div>\u2022Compat\u00edvel com modelos Yamaha NMA\u202f160 dos anos 2021 a 2025<\/div>\n<div>\u2022Fabricado em tubo de a\u00e7o carbono de 19 mm e base de chapa de a\u00e7o carbono de 3 mm, com pintura ep\u00f3xi preta fosca e tratamento anticorrosivo<\/div>\n<div>\u2022Suporta at\u00e9 10\u202fkg, compat\u00edvel com ba\u00fas das principais marcas do mercado<\/div>\n<div>\u2022Instala\u00e7\u00e3o simples, substituindo a al\u00e7a do garupa e utilizando os pontos de fixa\u00e7\u00e3o originais da moto<\/div>\n<div>\u2022Peso aproximado de 2\u202fkg, com dimens\u00f5es de 43 \u00d7 25 \u00d7 9\u202fcm<\/div>\n<div>\u2022Inclui suporte, kit de fixa\u00e7\u00e3o e manual de instala\u00e7\u00e3o, com garantia de 3 meses contra defeitos de fabrica\u00e7\u00e3o<\/div>\n","protected":false},"excerpt":{"rendered":"<p>Bagageiro SCAM SPTO534 \u2013 Yamaha NMAX\u202f160 (2021\u20132025) \u2022Compat\u00edvel com modelos Yamaha NMA\u202f160 dos anos 2021 a 2025 \u2022Fabricado em tubo de a\u00e7o carbono de 19 mm e base de chapa de a\u00e7o carbono de 3 mm, com pintura ep\u00f3xi preta fosca e tratamento anticorrosivo \u2022Suporta at\u00e9 10\u202fkg, compat\u00edvel com ba\u00fas das principais marcas do mercado [&hellip;]<\/p>\n","protected":false},"featured_media":14583,"comment_status":"open","ping_status":"closed","template":"","meta":{"_joinchat":[]},"product_brand":[277],"product_cat":[482,15],"product_tag":[],"class_list":{"0":"post-14445","1":"product","2":"type-product","3":"status-publish","4":"has-post-thumbnail","6":"product_brand-scam","7":"product_cat-moto-pecas","8":"product_cat-sem-categoria","9":"product_shipping_class-envionormal","11":"first","12":"outofstock","13":"shipping-taxable","14":"purchasable","15":"product-type-simple"},"_links":{"self":[{"href":"https:\/\/fullatacados.com.br\/index.php\/wp-json\/wp\/v2\/product\/14445","targetHints":{"allow":["GET"]}}],"collection":[{"href":"https:\/\/fullatacados.com.br\/index.php\/wp-json\/wp\/v2\/product"}],"about":[{"href":"https:\/\/fullatacados.com.br\/index.php\/wp-json\/wp\/v2\/types\/product"}],"replies":[{"embeddable":true,"href":"https:\/\/fullatacados.com.br\/index.php\/wp-json\/wp\/v2\/comments?post=14445"}],"wp:featuredmedia":[{"embeddable":true,"href":"https:\/\/fullatacados.com.br\/index.php\/wp-json\/wp\/v2\/media\/14583"}],"wp:attachment":[{"href":"https:\/\/fullatacados.com.br\/index.php\/wp-json\/wp\/v2\/media?parent=14445"}],"wp:term":[{"taxonomy":"product_brand","embeddable":true,"href":"https:\/\/fullatacados.com.br\/index.php\/wp-json\/wp\/v2\/product_brand?post=14445"},{"taxonomy":"product_cat","embeddable":true,"href":"https:\/\/fullatacados.com.br\/index.php\/wp-json\/wp\/v2\/product_cat?post=14445"},{"taxonomy":"product_tag","embeddable":true,"href":"https:\/\/fullatacados.com.br\/index.php\/wp-json\/wp\/v2\/product_tag?post=14445"}],"curies":[{"name":"wp","href":"https:\/\/api.w.org\/{rel}","templated":true}]}}