{"id":14439,"date":"2025-07-28T16:50:12","date_gmt":"2025-07-28T19:50:12","guid":{"rendered":"https:\/\/fullatacados.com.br\/index.php\/produto\/bagageiro-cb300-twister-23-liga-leve\/"},"modified":"2026-01-31T13:10:07","modified_gmt":"2026-01-31T16:10:07","slug":"bagageiro-cb300-twister-23-liga-leve","status":"publish","type":"product","link":"https:\/\/fullatacados.com.br\/index.php\/produto\/bagageiro-cb300-twister-23-liga-leve\/","title":{"rendered":"BAGAGEIRO CB300 TWISTER 23\/&#8230; LIGA LEVE"},"content":{"rendered":"","protected":false},"excerpt":{"rendered":"<div>Bagageiro SCAM Liga\u2011Leve \u2013 Honda CB300F Twister (2023\u20132025)<\/div>\n<div>\u2022Aplica\u00e7\u00e3o: Desenvolvido para modelos Honda CB300F Twister 2023, 2024 e 2025<\/div>\n<div>\u2022Material: Liga leve de alum\u00ednio (SAE 305) com acabamento em pintura ep\u00f3xi preta ou prata, totalmente selado contra corros\u00e3o\u00a0 \ufffc \ufffc<\/div>\n<div>\u2022Capacidade de carga: Suporta at\u00e9 10\u202fkg, compat\u00edvel com a maioria dos ba\u00fas padr\u00e3o (Monolock \/ Monokey)\u00a0 \ufffc \ufffc<\/div>\n<div>\u2022Fixa\u00e7\u00e3o: Instala\u00e7\u00e3o direta no lugar da al\u00e7a original, com uso dos quatro parafusos originais \u2014 sem necessidade de furos ou adapta\u00e7\u00f5es no chassi<\/div>\n<div>\u2022Peso estimado: Leve, sem comprometer o desempenho da moto<\/div>\n<div>\u2022Garantia de f\u00e1brica: 90 dias contra defeitos<\/div>\n","protected":false},"featured_media":14591,"comment_status":"open","ping_status":"closed","template":"","meta":{"_joinchat":[]},"product_brand":[277],"product_cat":[482,15],"product_tag":[],"class_list":{"0":"post-14439","1":"product","2":"type-product","3":"status-publish","4":"has-post-thumbnail","6":"product_brand-scam","7":"product_cat-moto-pecas","8":"product_cat-sem-categoria","9":"product_shipping_class-envionormal","11":"first","12":"outofstock","13":"shipping-taxable","14":"purchasable","15":"product-type-simple"},"_links":{"self":[{"href":"https:\/\/fullatacados.com.br\/index.php\/wp-json\/wp\/v2\/product\/14439","targetHints":{"allow":["GET"]}}],"collection":[{"href":"https:\/\/fullatacados.com.br\/index.php\/wp-json\/wp\/v2\/product"}],"about":[{"href":"https:\/\/fullatacados.com.br\/index.php\/wp-json\/wp\/v2\/types\/product"}],"replies":[{"embeddable":true,"href":"https:\/\/fullatacados.com.br\/index.php\/wp-json\/wp\/v2\/comments?post=14439"}],"wp:featuredmedia":[{"embeddable":true,"href":"https:\/\/fullatacados.com.br\/index.php\/wp-json\/wp\/v2\/media\/14591"}],"wp:attachment":[{"href":"https:\/\/fullatacados.com.br\/index.php\/wp-json\/wp\/v2\/media?parent=14439"}],"wp:term":[{"taxonomy":"product_brand","embeddable":true,"href":"https:\/\/fullatacados.com.br\/index.php\/wp-json\/wp\/v2\/product_brand?post=14439"},{"taxonomy":"product_cat","embeddable":true,"href":"https:\/\/fullatacados.com.br\/index.php\/wp-json\/wp\/v2\/product_cat?post=14439"},{"taxonomy":"product_tag","embeddable":true,"href":"https:\/\/fullatacados.com.br\/index.php\/wp-json\/wp\/v2\/product_tag?post=14439"}],"curies":[{"name":"wp","href":"https:\/\/api.w.org\/{rel}","templated":true}]}}