{"id":14437,"date":"2025-07-28T16:50:11","date_gmt":"2025-07-28T19:50:11","guid":{"rendered":"https:\/\/fullatacados.com.br\/index.php\/produto\/bagageiro-cb500f-cbr500r-20-scam\/"},"modified":"2025-12-01T13:20:33","modified_gmt":"2025-12-01T16:20:33","slug":"bagageiro-cb500f-cbr500r-20-scam","status":"publish","type":"product","link":"https:\/\/fullatacados.com.br\/index.php\/produto\/bagageiro-cb500f-cbr500r-20-scam\/","title":{"rendered":"BAGAGEIRO CB500F\/CBR500R 20\/&#8230; SCAM"},"content":{"rendered":"<p>Bagageiro SCAM CB500F\/CBR500R (2020+)<br \/>\nResistente e f\u00e1cil de instalar, ideal para ba\u00fas de at\u00e9 10kg. Feito em a\u00e7o carbono com pintura eletrost\u00e1tica. Compat\u00edvel com CB500F e CBR500R a partir de 2020.<\/p>\n","protected":false},"excerpt":{"rendered":"<p>Bagageiro SCAM CB500F\/CBR500R (2020+) Resistente e f\u00e1cil de instalar, ideal para ba\u00fas de at\u00e9 10kg. Feito em a\u00e7o carbono com pintura eletrost\u00e1tica. Compat\u00edvel com CB500F e CBR500R a partir de 2020.<\/p>\n","protected":false},"featured_media":14601,"comment_status":"open","ping_status":"closed","template":"","meta":{"_joinchat":[]},"product_brand":[],"product_cat":[482,15],"product_tag":[],"class_list":{"0":"post-14437","1":"product","2":"type-product","3":"status-publish","4":"has-post-thumbnail","6":"product_cat-moto-pecas","7":"product_cat-sem-categoria","8":"product_shipping_class-envionormal","10":"first","11":"instock","12":"shipping-taxable","13":"purchasable","14":"product-type-simple"},"_links":{"self":[{"href":"https:\/\/fullatacados.com.br\/index.php\/wp-json\/wp\/v2\/product\/14437","targetHints":{"allow":["GET"]}}],"collection":[{"href":"https:\/\/fullatacados.com.br\/index.php\/wp-json\/wp\/v2\/product"}],"about":[{"href":"https:\/\/fullatacados.com.br\/index.php\/wp-json\/wp\/v2\/types\/product"}],"replies":[{"embeddable":true,"href":"https:\/\/fullatacados.com.br\/index.php\/wp-json\/wp\/v2\/comments?post=14437"}],"wp:featuredmedia":[{"embeddable":true,"href":"https:\/\/fullatacados.com.br\/index.php\/wp-json\/wp\/v2\/media\/14601"}],"wp:attachment":[{"href":"https:\/\/fullatacados.com.br\/index.php\/wp-json\/wp\/v2\/media?parent=14437"}],"wp:term":[{"taxonomy":"product_brand","embeddable":true,"href":"https:\/\/fullatacados.com.br\/index.php\/wp-json\/wp\/v2\/product_brand?post=14437"},{"taxonomy":"product_cat","embeddable":true,"href":"https:\/\/fullatacados.com.br\/index.php\/wp-json\/wp\/v2\/product_cat?post=14437"},{"taxonomy":"product_tag","embeddable":true,"href":"https:\/\/fullatacados.com.br\/index.php\/wp-json\/wp\/v2\/product_tag?post=14437"}],"curies":[{"name":"wp","href":"https:\/\/api.w.org\/{rel}","templated":true}]}}