{"id":14436,"date":"2025-07-28T16:50:11","date_gmt":"2025-07-28T19:50:11","guid":{"rendered":"https:\/\/fullatacados.com.br\/index.php\/produto\/bagageiro-cb300-chapa\/"},"modified":"2026-03-27T17:45:06","modified_gmt":"2026-03-27T20:45:06","slug":"bagageiro-cb300-chapa","status":"publish","type":"product","link":"https:\/\/fullatacados.com.br\/index.php\/produto\/bagageiro-cb300-chapa\/","title":{"rendered":"BAGAGEIRO CB300 CHAPA"},"content":{"rendered":"<div>\u200eAdicione uma legenda&#8230; Bagageiro Chapam \u2013 Honda CB300F Twister 2023+ (Chapa Refor\u00e7ada)<\/div>\n<div>\u2022Compat\u00edvel com Honda CB300F \/ Twister (modelos de 2023 a 2025)\u00a0 \ufffc \ufffc \ufffc<\/div>\n<div>\u2022Confeccionado em chapa de a\u00e7o carbono de 3\u202fmm e 4,25\u202fmm de espessura, com acabamento em pintura eletrost\u00e1tica preta fosca\u00a0 \ufffc \ufffc<\/div>\n<div>\u2022Fura\u00e7\u00e3o compat\u00edvel com bases Monokey e Monolock, acompanhando parafusos de instala\u00e7\u00e3o; peso aproximado de 2,9\u202fkg<\/div>\n<div>\u2022Capacidade m\u00e1xima de carga: at\u00e9 10\u202fkg (algumas fontes relatam 11\u202fkg)\u00a0 \ufffc \ufffc<\/div>\n<div>\u2022Substitui a al\u00e7a traseira, sendo necess\u00e1ria sua remo\u00e7\u00e3o; ideal para instala\u00e7\u00e3o de ba\u00fa traseiro e alforges\u00a0 \ufffc \ufffc<\/div>\n<div>\u2022Garantia de f\u00e1brica: 90 dias contra defeitos de fabrica\u00e7\u00e3o<\/div>\n","protected":false},"excerpt":{"rendered":"<p>\u200eAdicione uma legenda&#8230; Bagageiro Chapam \u2013 Honda CB300F Twister 2023+ (Chapa Refor\u00e7ada) \u2022Compat\u00edvel com Honda CB300F \/ Twister (modelos de 2023 a 2025)\u00a0 \ufffc \ufffc \ufffc \u2022Confeccionado em chapa de a\u00e7o carbono de 3\u202fmm e 4,25\u202fmm de espessura, com acabamento em pintura eletrost\u00e1tica preta fosca\u00a0 \ufffc \ufffc \u2022Fura\u00e7\u00e3o compat\u00edvel com bases Monokey e Monolock, acompanhando [&hellip;]<\/p>\n","protected":false},"featured_media":14597,"comment_status":"open","ping_status":"closed","template":"","meta":{"_joinchat":[]},"product_brand":[184],"product_cat":[482,15],"product_tag":[],"class_list":{"0":"post-14436","1":"product","2":"type-product","3":"status-publish","4":"has-post-thumbnail","6":"product_brand-tork","7":"product_cat-moto-pecas","8":"product_cat-sem-categoria","9":"product_shipping_class-envionormal","11":"first","12":"instock","13":"shipping-taxable","14":"purchasable","15":"product-type-simple"},"_links":{"self":[{"href":"https:\/\/fullatacados.com.br\/index.php\/wp-json\/wp\/v2\/product\/14436","targetHints":{"allow":["GET"]}}],"collection":[{"href":"https:\/\/fullatacados.com.br\/index.php\/wp-json\/wp\/v2\/product"}],"about":[{"href":"https:\/\/fullatacados.com.br\/index.php\/wp-json\/wp\/v2\/types\/product"}],"replies":[{"embeddable":true,"href":"https:\/\/fullatacados.com.br\/index.php\/wp-json\/wp\/v2\/comments?post=14436"}],"wp:featuredmedia":[{"embeddable":true,"href":"https:\/\/fullatacados.com.br\/index.php\/wp-json\/wp\/v2\/media\/14597"}],"wp:attachment":[{"href":"https:\/\/fullatacados.com.br\/index.php\/wp-json\/wp\/v2\/media?parent=14436"}],"wp:term":[{"taxonomy":"product_brand","embeddable":true,"href":"https:\/\/fullatacados.com.br\/index.php\/wp-json\/wp\/v2\/product_brand?post=14436"},{"taxonomy":"product_cat","embeddable":true,"href":"https:\/\/fullatacados.com.br\/index.php\/wp-json\/wp\/v2\/product_cat?post=14436"},{"taxonomy":"product_tag","embeddable":true,"href":"https:\/\/fullatacados.com.br\/index.php\/wp-json\/wp\/v2\/product_tag?post=14436"}],"curies":[{"name":"wp","href":"https:\/\/api.w.org\/{rel}","templated":true}]}}