{"id":14434,"date":"2025-07-28T16:50:11","date_gmt":"2025-07-28T19:50:11","guid":{"rendered":"https:\/\/fullatacados.com.br\/index.php\/produto\/bagageiro-biz125-06-10-pto-sansao\/"},"modified":"2026-02-20T17:00:08","modified_gmt":"2026-02-20T20:00:08","slug":"bagageiro-biz125-06-10-pto-sansao","status":"publish","type":"product","link":"https:\/\/fullatacados.com.br\/index.php\/produto\/bagageiro-biz125-06-10-pto-sansao\/","title":{"rendered":"BAGAGEIRO BIZ125 06\/10 PTO SANSAO"},"content":{"rendered":"<div>Bagageiro Pro Tork Sans\u00e3o \u2013 Honda\u202fBiz\u202f125 (2006\u20132010)<\/div>\n<div>\u2022Compatibilidade: Honda Biz\u202f125, anos 2006, 2007, 2008, 2009 e 2010. Compat\u00edvel com assinatura KS\/ES da Biz 125.\u00a0 \ufffc \ufffc<\/div>\n<div>\u2022Material: A\u00e7o maci\u00e7o, proporciona resist\u00eancia e durabilidade. Pintura eletrost\u00e1tica (preto ou cromado) com acabamento anticorrosivo.\u00a0 \ufffc \ufffc<\/div>\n<div>\u2022Design: Estilo \u201cSans\u00e3o\u201d ou \u201cchurrasqueira\u201d com barras tubulares, ideal para instala\u00e7\u00e3o de bauletos.<\/div>\n<div>\u2022Capacidade de carga: Suporta at\u00e9 6\u202fkg, adequado para bauletos de pequeno a m\u00e9dio porte.\u00a0 \ufffc \ufffc<\/div>\n<div>\u2022Instala\u00e7\u00e3o: Utiliza os pontos de fixa\u00e7\u00e3o originais da motocicleta, substituindo a al\u00e7a do garupa sem necessidade de desmontar a rabeta ou modificar a moto.\u00a0 \ufffc \ufffc<\/div>\n<div>\u2022Peso estimado: Aproximadamente 1,5 a 2 kg, leve mas robusto.<\/div>\n<div>\u2022Garantia de f\u00e1brica: 90 dias, contra defeitos de fabrica\u00e7\u00e3o.<\/div>\n","protected":false},"excerpt":{"rendered":"<p>Bagageiro Pro Tork Sans\u00e3o \u2013 Honda\u202fBiz\u202f125 (2006\u20132010) \u2022Compatibilidade: Honda Biz\u202f125, anos 2006, 2007, 2008, 2009 e 2010. Compat\u00edvel com assinatura KS\/ES da Biz 125.\u00a0 \ufffc \ufffc \u2022Material: A\u00e7o maci\u00e7o, proporciona resist\u00eancia e durabilidade. Pintura eletrost\u00e1tica (preto ou cromado) com acabamento anticorrosivo.\u00a0 \ufffc \ufffc \u2022Design: Estilo \u201cSans\u00e3o\u201d ou \u201cchurrasqueira\u201d com barras tubulares, ideal para instala\u00e7\u00e3o de [&hellip;]<\/p>\n","protected":false},"featured_media":14594,"comment_status":"open","ping_status":"closed","template":"","meta":{"_joinchat":[]},"product_brand":[183],"product_cat":[482,15],"product_tag":[],"class_list":{"0":"post-14434","1":"product","2":"type-product","3":"status-publish","4":"has-post-thumbnail","6":"product_brand-pro-tork","7":"product_cat-moto-pecas","8":"product_cat-sem-categoria","9":"product_shipping_class-envionormal","11":"first","12":"instock","13":"shipping-taxable","14":"purchasable","15":"product-type-simple"},"_links":{"self":[{"href":"https:\/\/fullatacados.com.br\/index.php\/wp-json\/wp\/v2\/product\/14434","targetHints":{"allow":["GET"]}}],"collection":[{"href":"https:\/\/fullatacados.com.br\/index.php\/wp-json\/wp\/v2\/product"}],"about":[{"href":"https:\/\/fullatacados.com.br\/index.php\/wp-json\/wp\/v2\/types\/product"}],"replies":[{"embeddable":true,"href":"https:\/\/fullatacados.com.br\/index.php\/wp-json\/wp\/v2\/comments?post=14434"}],"wp:featuredmedia":[{"embeddable":true,"href":"https:\/\/fullatacados.com.br\/index.php\/wp-json\/wp\/v2\/media\/14594"}],"wp:attachment":[{"href":"https:\/\/fullatacados.com.br\/index.php\/wp-json\/wp\/v2\/media?parent=14434"}],"wp:term":[{"taxonomy":"product_brand","embeddable":true,"href":"https:\/\/fullatacados.com.br\/index.php\/wp-json\/wp\/v2\/product_brand?post=14434"},{"taxonomy":"product_cat","embeddable":true,"href":"https:\/\/fullatacados.com.br\/index.php\/wp-json\/wp\/v2\/product_cat?post=14434"},{"taxonomy":"product_tag","embeddable":true,"href":"https:\/\/fullatacados.com.br\/index.php\/wp-json\/wp\/v2\/product_tag?post=14434"}],"curies":[{"name":"wp","href":"https:\/\/api.w.org\/{rel}","templated":true}]}}