{"id":14432,"date":"2025-07-28T16:50:10","date_gmt":"2025-07-28T19:50:10","guid":{"rendered":"https:\/\/fullatacados.com.br\/index.php\/produto\/arvore-comando-admissao-cbx250-eixo\/"},"modified":"2026-04-24T13:45:07","modified_gmt":"2026-04-24T16:45:07","slug":"arvore-comando-admissao-cbx250-eixo","status":"publish","type":"product","link":"https:\/\/fullatacados.com.br\/index.php\/produto\/arvore-comando-admissao-cbx250-eixo\/","title":{"rendered":"ARVORE COMANDO ADMISSAO CBX250 EIXO"},"content":{"rendered":"<p>\u00c1rvore de Comando Admiss\u00e3o CBX 250 (Eixo)<br \/>\nControla a abertura da v\u00e1lvula de admiss\u00e3o, garantindo a entrada correta da mistura no motor. Compat\u00edvel com CBX 250. Ideal para reposi\u00e7\u00e3o com performance e durabilidade.<\/p>\n","protected":false},"excerpt":{"rendered":"<p>\u00c1rvore de Comando Admiss\u00e3o CBX 250 (Eixo) Controla a abertura da v\u00e1lvula de admiss\u00e3o, garantindo a entrada correta da mistura no motor. Compat\u00edvel com CBX 250. Ideal para reposi\u00e7\u00e3o com performance e durabilidade.<\/p>\n","protected":false},"featured_media":14604,"comment_status":"open","ping_status":"closed","template":"","meta":{"_joinchat":[]},"product_brand":[199],"product_cat":[482,15],"product_tag":[],"class_list":{"0":"post-14432","1":"product","2":"type-product","3":"status-publish","4":"has-post-thumbnail","6":"product_brand-importado","7":"product_cat-moto-pecas","8":"product_cat-sem-categoria","9":"product_shipping_class-envionormal","11":"first","12":"instock","13":"shipping-taxable","14":"purchasable","15":"product-type-simple"},"_links":{"self":[{"href":"https:\/\/fullatacados.com.br\/index.php\/wp-json\/wp\/v2\/product\/14432","targetHints":{"allow":["GET"]}}],"collection":[{"href":"https:\/\/fullatacados.com.br\/index.php\/wp-json\/wp\/v2\/product"}],"about":[{"href":"https:\/\/fullatacados.com.br\/index.php\/wp-json\/wp\/v2\/types\/product"}],"replies":[{"embeddable":true,"href":"https:\/\/fullatacados.com.br\/index.php\/wp-json\/wp\/v2\/comments?post=14432"}],"wp:featuredmedia":[{"embeddable":true,"href":"https:\/\/fullatacados.com.br\/index.php\/wp-json\/wp\/v2\/media\/14604"}],"wp:attachment":[{"href":"https:\/\/fullatacados.com.br\/index.php\/wp-json\/wp\/v2\/media?parent=14432"}],"wp:term":[{"taxonomy":"product_brand","embeddable":true,"href":"https:\/\/fullatacados.com.br\/index.php\/wp-json\/wp\/v2\/product_brand?post=14432"},{"taxonomy":"product_cat","embeddable":true,"href":"https:\/\/fullatacados.com.br\/index.php\/wp-json\/wp\/v2\/product_cat?post=14432"},{"taxonomy":"product_tag","embeddable":true,"href":"https:\/\/fullatacados.com.br\/index.php\/wp-json\/wp\/v2\/product_tag?post=14432"}],"curies":[{"name":"wp","href":"https:\/\/api.w.org\/{rel}","templated":true}]}}