{"id":14427,"date":"2025-07-28T16:50:10","date_gmt":"2025-07-28T19:50:10","guid":{"rendered":"https:\/\/fullatacados.com.br\/index.php\/produto\/antena-corta-pipa-guidao-preto-6-est\/"},"modified":"2026-05-02T11:40:06","modified_gmt":"2026-05-02T14:40:06","slug":"antena-corta-pipa-guidao-preto-6-est","status":"publish","type":"product","link":"https:\/\/fullatacados.com.br\/index.php\/produto\/antena-corta-pipa-guidao-preto-6-est\/","title":{"rendered":"ANTENA CORTA PIPA GUIDAO PRETO 6 EST"},"content":{"rendered":"<p>Antena Corta Pipa Guid\u00e3o Preta \u2013 6 est\u00e1gios<br \/>\nProte\u00e7\u00e3o essencial contra linhas de pipa com cerol. Modelo com 6 est\u00e1gios, ajust\u00e1vel e f\u00e1cil de instalar no guid\u00e3o. Seguran\u00e7a refor\u00e7ada para motociclistas.<\/p>\n","protected":false},"excerpt":{"rendered":"<p>Antena Corta Pipa Guid\u00e3o Preta \u2013 6 est\u00e1gios Prote\u00e7\u00e3o essencial contra linhas de pipa com cerol. Modelo com 6 est\u00e1gios, ajust\u00e1vel e f\u00e1cil de instalar no guid\u00e3o. Seguran\u00e7a refor\u00e7ada para motociclistas.<\/p>\n","protected":false},"featured_media":14608,"comment_status":"open","ping_status":"closed","template":"","meta":{"_joinchat":[]},"product_brand":[182],"product_cat":[482,15],"product_tag":[],"class_list":{"0":"post-14427","1":"product","2":"type-product","3":"status-publish","4":"has-post-thumbnail","6":"product_brand-embus-ilion","7":"product_cat-moto-pecas","8":"product_cat-sem-categoria","9":"product_shipping_class-envionormal","11":"first","12":"instock","13":"shipping-taxable","14":"purchasable","15":"product-type-simple"},"_links":{"self":[{"href":"https:\/\/fullatacados.com.br\/index.php\/wp-json\/wp\/v2\/product\/14427","targetHints":{"allow":["GET"]}}],"collection":[{"href":"https:\/\/fullatacados.com.br\/index.php\/wp-json\/wp\/v2\/product"}],"about":[{"href":"https:\/\/fullatacados.com.br\/index.php\/wp-json\/wp\/v2\/types\/product"}],"replies":[{"embeddable":true,"href":"https:\/\/fullatacados.com.br\/index.php\/wp-json\/wp\/v2\/comments?post=14427"}],"wp:featuredmedia":[{"embeddable":true,"href":"https:\/\/fullatacados.com.br\/index.php\/wp-json\/wp\/v2\/media\/14608"}],"wp:attachment":[{"href":"https:\/\/fullatacados.com.br\/index.php\/wp-json\/wp\/v2\/media?parent=14427"}],"wp:term":[{"taxonomy":"product_brand","embeddable":true,"href":"https:\/\/fullatacados.com.br\/index.php\/wp-json\/wp\/v2\/product_brand?post=14427"},{"taxonomy":"product_cat","embeddable":true,"href":"https:\/\/fullatacados.com.br\/index.php\/wp-json\/wp\/v2\/product_cat?post=14427"},{"taxonomy":"product_tag","embeddable":true,"href":"https:\/\/fullatacados.com.br\/index.php\/wp-json\/wp\/v2\/product_tag?post=14427"}],"curies":[{"name":"wp","href":"https:\/\/api.w.org\/{rel}","templated":true}]}}