{"id":14424,"date":"2025-07-28T16:50:09","date_gmt":"2025-07-28T19:50:09","guid":{"rendered":"https:\/\/fullatacados.com.br\/index.php\/produto\/amortecedor-biz125-par-biz100-98-21\/"},"modified":"2026-04-29T18:25:10","modified_gmt":"2026-04-29T21:25:10","slug":"amortecedor-biz125-par-biz100-98-21","status":"publish","type":"product","link":"https:\/\/fullatacados.com.br\/index.php\/produto\/amortecedor-biz125-par-biz100-98-21\/","title":{"rendered":"AMORTECEDOR BIZ125 PAR BIZ100 98\/21"},"content":{"rendered":"<p>Amortecedor Biz 100\/125 Par 98\/21<br \/>\nConjunto de amortecedores traseiros compat\u00edveis com Honda Biz 100 e 125, modelos de 1998 a 2021. Proporciona conforto, estabilidade e seguran\u00e7a, ideal para reposi\u00e7\u00e3o com alta durabilidade.<\/p>\n","protected":false},"excerpt":{"rendered":"<p>Amortecedor Biz 100\/125 Par 98\/21 Conjunto de amortecedores traseiros compat\u00edveis com Honda Biz 100 e 125, modelos de 1998 a 2021. Proporciona conforto, estabilidade e seguran\u00e7a, ideal para reposi\u00e7\u00e3o com alta durabilidade.<\/p>\n","protected":false},"featured_media":14619,"comment_status":"open","ping_status":"closed","template":"","meta":{"_joinchat":[]},"product_brand":[199],"product_cat":[482,15],"product_tag":[],"class_list":{"0":"post-14424","1":"product","2":"type-product","3":"status-publish","4":"has-post-thumbnail","6":"product_brand-importado","7":"product_cat-moto-pecas","8":"product_cat-sem-categoria","9":"product_shipping_class-envionormal","11":"first","12":"instock","13":"shipping-taxable","14":"purchasable","15":"product-type-simple"},"_links":{"self":[{"href":"https:\/\/fullatacados.com.br\/index.php\/wp-json\/wp\/v2\/product\/14424","targetHints":{"allow":["GET"]}}],"collection":[{"href":"https:\/\/fullatacados.com.br\/index.php\/wp-json\/wp\/v2\/product"}],"about":[{"href":"https:\/\/fullatacados.com.br\/index.php\/wp-json\/wp\/v2\/types\/product"}],"replies":[{"embeddable":true,"href":"https:\/\/fullatacados.com.br\/index.php\/wp-json\/wp\/v2\/comments?post=14424"}],"wp:featuredmedia":[{"embeddable":true,"href":"https:\/\/fullatacados.com.br\/index.php\/wp-json\/wp\/v2\/media\/14619"}],"wp:attachment":[{"href":"https:\/\/fullatacados.com.br\/index.php\/wp-json\/wp\/v2\/media?parent=14424"}],"wp:term":[{"taxonomy":"product_brand","embeddable":true,"href":"https:\/\/fullatacados.com.br\/index.php\/wp-json\/wp\/v2\/product_brand?post=14424"},{"taxonomy":"product_cat","embeddable":true,"href":"https:\/\/fullatacados.com.br\/index.php\/wp-json\/wp\/v2\/product_cat?post=14424"},{"taxonomy":"product_tag","embeddable":true,"href":"https:\/\/fullatacados.com.br\/index.php\/wp-json\/wp\/v2\/product_tag?post=14424"}],"curies":[{"name":"wp","href":"https:\/\/api.w.org\/{rel}","templated":true}]}}