{"id":14422,"date":"2025-07-28T16:50:09","date_gmt":"2025-07-28T19:50:09","guid":{"rendered":"https:\/\/fullatacados.com.br\/index.php\/produto\/amortecedor-ybr125-scud-par\/"},"modified":"2026-04-29T09:50:07","modified_gmt":"2026-04-29T12:50:07","slug":"amortecedor-ybr125-scud-par","status":"publish","type":"product","link":"https:\/\/fullatacados.com.br\/index.php\/produto\/amortecedor-ybr125-scud-par\/","title":{"rendered":"AMORTECEDOR YBR125 SCUD PAR"},"content":{"rendered":"<p>Amortecedor YBR125 Scud Par<br \/>\nConjunto de amortecedores traseiros para Yamaha YBR 125, fabricados pela Scud. Oferece melhor absor\u00e7\u00e3o de impactos, garantindo conforto e estabilidade na pilotagem. Ideal para reposi\u00e7\u00e3o com qualidade.<\/p>\n","protected":false},"excerpt":{"rendered":"<p>Amortecedor YBR125 Scud Par Conjunto de amortecedores traseiros para Yamaha YBR 125, fabricados pela Scud. Oferece melhor absor\u00e7\u00e3o de impactos, garantindo conforto e estabilidade na pilotagem. Ideal para reposi\u00e7\u00e3o com qualidade.<\/p>\n","protected":false},"featured_media":14622,"comment_status":"open","ping_status":"closed","template":"","meta":{"_joinchat":[]},"product_brand":[185],"product_cat":[482,15],"product_tag":[],"class_list":{"0":"post-14422","1":"product","2":"type-product","3":"status-publish","4":"has-post-thumbnail","6":"product_brand-scud","7":"product_cat-moto-pecas","8":"product_cat-sem-categoria","9":"product_shipping_class-envionormal","11":"first","12":"instock","13":"shipping-taxable","14":"purchasable","15":"product-type-simple"},"_links":{"self":[{"href":"https:\/\/fullatacados.com.br\/index.php\/wp-json\/wp\/v2\/product\/14422","targetHints":{"allow":["GET"]}}],"collection":[{"href":"https:\/\/fullatacados.com.br\/index.php\/wp-json\/wp\/v2\/product"}],"about":[{"href":"https:\/\/fullatacados.com.br\/index.php\/wp-json\/wp\/v2\/types\/product"}],"replies":[{"embeddable":true,"href":"https:\/\/fullatacados.com.br\/index.php\/wp-json\/wp\/v2\/comments?post=14422"}],"wp:featuredmedia":[{"embeddable":true,"href":"https:\/\/fullatacados.com.br\/index.php\/wp-json\/wp\/v2\/media\/14622"}],"wp:attachment":[{"href":"https:\/\/fullatacados.com.br\/index.php\/wp-json\/wp\/v2\/media?parent=14422"}],"wp:term":[{"taxonomy":"product_brand","embeddable":true,"href":"https:\/\/fullatacados.com.br\/index.php\/wp-json\/wp\/v2\/product_brand?post=14422"},{"taxonomy":"product_cat","embeddable":true,"href":"https:\/\/fullatacados.com.br\/index.php\/wp-json\/wp\/v2\/product_cat?post=14422"},{"taxonomy":"product_tag","embeddable":true,"href":"https:\/\/fullatacados.com.br\/index.php\/wp-json\/wp\/v2\/product_tag?post=14422"}],"curies":[{"name":"wp","href":"https:\/\/api.w.org\/{rel}","templated":true}]}}