{"id":14421,"date":"2025-07-28T16:50:09","date_gmt":"2025-07-28T19:50:09","guid":{"rendered":"https:\/\/fullatacados.com.br\/index.php\/produto\/amortecedor-cbx150-200-par\/"},"modified":"2026-04-29T18:25:08","modified_gmt":"2026-04-29T21:25:08","slug":"amortecedor-cbx150-200-par","status":"publish","type":"product","link":"https:\/\/fullatacados.com.br\/index.php\/produto\/amortecedor-cbx150-200-par\/","title":{"rendered":"AMORTECEDOR CBX150\/200 PAR"},"content":{"rendered":"<p>Amortecedor CBX150\/200 Par<br \/>\nConjunto de amortecedores traseiros para Honda CBX 150 e 200, garantindo maior conforto e estabilidade na pilotagem. Pe\u00e7as resistentes, ideais para reposi\u00e7\u00e3o com qualidade e durabilidade.<\/p>\n","protected":false},"excerpt":{"rendered":"<p>Amortecedor CBX150\/200 Par Conjunto de amortecedores traseiros para Honda CBX 150 e 200, garantindo maior conforto e estabilidade na pilotagem. Pe\u00e7as resistentes, ideais para reposi\u00e7\u00e3o com qualidade e durabilidade.<\/p>\n","protected":false},"featured_media":14617,"comment_status":"open","ping_status":"closed","template":"","meta":{"_joinchat":[]},"product_brand":[199],"product_cat":[482,15],"product_tag":[],"class_list":{"0":"post-14421","1":"product","2":"type-product","3":"status-publish","4":"has-post-thumbnail","6":"product_brand-importado","7":"product_cat-moto-pecas","8":"product_cat-sem-categoria","9":"product_shipping_class-envionormal","11":"first","12":"instock","13":"shipping-taxable","14":"purchasable","15":"product-type-simple"},"_links":{"self":[{"href":"https:\/\/fullatacados.com.br\/index.php\/wp-json\/wp\/v2\/product\/14421","targetHints":{"allow":["GET"]}}],"collection":[{"href":"https:\/\/fullatacados.com.br\/index.php\/wp-json\/wp\/v2\/product"}],"about":[{"href":"https:\/\/fullatacados.com.br\/index.php\/wp-json\/wp\/v2\/types\/product"}],"replies":[{"embeddable":true,"href":"https:\/\/fullatacados.com.br\/index.php\/wp-json\/wp\/v2\/comments?post=14421"}],"wp:featuredmedia":[{"embeddable":true,"href":"https:\/\/fullatacados.com.br\/index.php\/wp-json\/wp\/v2\/media\/14617"}],"wp:attachment":[{"href":"https:\/\/fullatacados.com.br\/index.php\/wp-json\/wp\/v2\/media?parent=14421"}],"wp:term":[{"taxonomy":"product_brand","embeddable":true,"href":"https:\/\/fullatacados.com.br\/index.php\/wp-json\/wp\/v2\/product_brand?post=14421"},{"taxonomy":"product_cat","embeddable":true,"href":"https:\/\/fullatacados.com.br\/index.php\/wp-json\/wp\/v2\/product_cat?post=14421"},{"taxonomy":"product_tag","embeddable":true,"href":"https:\/\/fullatacados.com.br\/index.php\/wp-json\/wp\/v2\/product_tag?post=14421"}],"curies":[{"name":"wp","href":"https:\/\/api.w.org\/{rel}","templated":true}]}}