{"id":14419,"date":"2025-07-28T16:50:08","date_gmt":"2025-07-28T19:50:08","guid":{"rendered":"https:\/\/fullatacados.com.br\/index.php\/produto\/amortecedor-elite-125-honda-19\/"},"modified":"2026-02-06T08:25:10","modified_gmt":"2026-02-06T11:25:10","slug":"amortecedor-elite-125-honda-19","status":"publish","type":"product","link":"https:\/\/fullatacados.com.br\/index.php\/produto\/amortecedor-elite-125-honda-19\/","title":{"rendered":"AMORTECEDOR ELITE125 HONDA 19&#8230;"},"content":{"rendered":"<p>Amortecedor Elite 125 Honda 2019 em diante<br \/>\nAmortecedor traseiro compat\u00edvel com Honda Elite 125, modelos a partir de 2019. Proporciona conforto e estabilidade na pilotagem, ideal para reposi\u00e7\u00e3o com durabilidade e qualidade garantidas.<\/p>\n","protected":false},"excerpt":{"rendered":"<p>Amortecedor Elite 125 Honda 2019 em diante Amortecedor traseiro compat\u00edvel com Honda Elite 125, modelos a partir de 2019. Proporciona conforto e estabilidade na pilotagem, ideal para reposi\u00e7\u00e3o com durabilidade e qualidade garantidas.<\/p>\n","protected":false},"featured_media":14633,"comment_status":"open","ping_status":"closed","template":"","meta":{"_joinchat":[]},"product_brand":[199],"product_cat":[482,15],"product_tag":[],"class_list":{"0":"post-14419","1":"product","2":"type-product","3":"status-publish","4":"has-post-thumbnail","6":"product_brand-importado","7":"product_cat-moto-pecas","8":"product_cat-sem-categoria","9":"product_shipping_class-envionormal","11":"first","12":"instock","13":"shipping-taxable","14":"purchasable","15":"product-type-simple"},"_links":{"self":[{"href":"https:\/\/fullatacados.com.br\/index.php\/wp-json\/wp\/v2\/product\/14419","targetHints":{"allow":["GET"]}}],"collection":[{"href":"https:\/\/fullatacados.com.br\/index.php\/wp-json\/wp\/v2\/product"}],"about":[{"href":"https:\/\/fullatacados.com.br\/index.php\/wp-json\/wp\/v2\/types\/product"}],"replies":[{"embeddable":true,"href":"https:\/\/fullatacados.com.br\/index.php\/wp-json\/wp\/v2\/comments?post=14419"}],"wp:featuredmedia":[{"embeddable":true,"href":"https:\/\/fullatacados.com.br\/index.php\/wp-json\/wp\/v2\/media\/14633"}],"wp:attachment":[{"href":"https:\/\/fullatacados.com.br\/index.php\/wp-json\/wp\/v2\/media?parent=14419"}],"wp:term":[{"taxonomy":"product_brand","embeddable":true,"href":"https:\/\/fullatacados.com.br\/index.php\/wp-json\/wp\/v2\/product_brand?post=14419"},{"taxonomy":"product_cat","embeddable":true,"href":"https:\/\/fullatacados.com.br\/index.php\/wp-json\/wp\/v2\/product_cat?post=14419"},{"taxonomy":"product_tag","embeddable":true,"href":"https:\/\/fullatacados.com.br\/index.php\/wp-json\/wp\/v2\/product_tag?post=14419"}],"curies":[{"name":"wp","href":"https:\/\/api.w.org\/{rel}","templated":true}]}}