{"id":14416,"date":"2025-07-28T16:50:08","date_gmt":"2025-07-28T19:50:08","guid":{"rendered":"https:\/\/fullatacados.com.br\/index.php\/produto\/amortecedor-land250-07-19-tenere-11-19\/"},"modified":"2026-04-28T14:20:10","modified_gmt":"2026-04-28T17:20:10","slug":"amortecedor-land250-07-19-tenere-11-19","status":"publish","type":"product","link":"https:\/\/fullatacados.com.br\/index.php\/produto\/amortecedor-land250-07-19-tenere-11-19\/","title":{"rendered":"AMORTECEDOR LAND250 07\/19 TENERE 11\/19"},"content":{"rendered":"<p>Amortecedor Land 250 (07\/19) \/ Tenere 250 (11\/19)<br \/>\nAmortecedor traseiro para Yamaha Land 250 (2007-2019) e Tenere 250 (2011-2019), que proporciona conforto, absor\u00e7\u00e3o de impactos e estabilidade na pilotagem. Ideal para reposi\u00e7\u00e3o com qualidade garantida.<\/p>\n","protected":false},"excerpt":{"rendered":"<p>Amortecedor Land 250 (07\/19) \/ Tenere 250 (11\/19) Amortecedor traseiro para Yamaha Land 250 (2007-2019) e Tenere 250 (2011-2019), que proporciona conforto, absor\u00e7\u00e3o de impactos e estabilidade na pilotagem. Ideal para reposi\u00e7\u00e3o com qualidade garantida.<\/p>\n","protected":false},"featured_media":14630,"comment_status":"open","ping_status":"closed","template":"","meta":{"_joinchat":[]},"product_brand":[199],"product_cat":[482,15],"product_tag":[],"class_list":{"0":"post-14416","1":"product","2":"type-product","3":"status-publish","4":"has-post-thumbnail","6":"product_brand-importado","7":"product_cat-moto-pecas","8":"product_cat-sem-categoria","9":"product_shipping_class-envionormal","11":"first","12":"instock","13":"shipping-taxable","14":"purchasable","15":"product-type-simple"},"_links":{"self":[{"href":"https:\/\/fullatacados.com.br\/index.php\/wp-json\/wp\/v2\/product\/14416","targetHints":{"allow":["GET"]}}],"collection":[{"href":"https:\/\/fullatacados.com.br\/index.php\/wp-json\/wp\/v2\/product"}],"about":[{"href":"https:\/\/fullatacados.com.br\/index.php\/wp-json\/wp\/v2\/types\/product"}],"replies":[{"embeddable":true,"href":"https:\/\/fullatacados.com.br\/index.php\/wp-json\/wp\/v2\/comments?post=14416"}],"wp:featuredmedia":[{"embeddable":true,"href":"https:\/\/fullatacados.com.br\/index.php\/wp-json\/wp\/v2\/media\/14630"}],"wp:attachment":[{"href":"https:\/\/fullatacados.com.br\/index.php\/wp-json\/wp\/v2\/media?parent=14416"}],"wp:term":[{"taxonomy":"product_brand","embeddable":true,"href":"https:\/\/fullatacados.com.br\/index.php\/wp-json\/wp\/v2\/product_brand?post=14416"},{"taxonomy":"product_cat","embeddable":true,"href":"https:\/\/fullatacados.com.br\/index.php\/wp-json\/wp\/v2\/product_cat?post=14416"},{"taxonomy":"product_tag","embeddable":true,"href":"https:\/\/fullatacados.com.br\/index.php\/wp-json\/wp\/v2\/product_tag?post=14416"}],"curies":[{"name":"wp","href":"https:\/\/api.w.org\/{rel}","templated":true}]}}