{"id":14415,"date":"2025-07-28T16:50:08","date_gmt":"2025-07-28T19:50:08","guid":{"rendered":"https:\/\/fullatacados.com.br\/index.php\/produto\/amortecedor-crypton115-2010\/"},"modified":"2026-04-22T17:45:10","modified_gmt":"2026-04-22T20:45:10","slug":"amortecedor-crypton115-2010","status":"publish","type":"product","link":"https:\/\/fullatacados.com.br\/index.php\/produto\/amortecedor-crypton115-2010\/","title":{"rendered":"AMORTECEDOR CRYPTON115 2010\/17"},"content":{"rendered":"<p>Amortecedor Crypton 115 2010 em diante<br \/>\nAmortecedor traseiro compat\u00edvel com Yamaha Crypton 115 a partir de 2010. Proporciona conforto e estabilidade na pilotagem, ideal para reposi\u00e7\u00e3o com durabilidade garantida.<\/p>\n","protected":false},"excerpt":{"rendered":"<p>Amortecedor Crypton 115 2010 em diante Amortecedor traseiro compat\u00edvel com Yamaha Crypton 115 a partir de 2010. Proporciona conforto e estabilidade na pilotagem, ideal para reposi\u00e7\u00e3o com durabilidade garantida.<\/p>\n","protected":false},"featured_media":14626,"comment_status":"open","ping_status":"closed","template":"","meta":{"_joinchat":[]},"product_brand":[199],"product_cat":[482,15],"product_tag":[],"class_list":{"0":"post-14415","1":"product","2":"type-product","3":"status-publish","4":"has-post-thumbnail","6":"product_brand-importado","7":"product_cat-moto-pecas","8":"product_cat-sem-categoria","9":"product_shipping_class-envionormal","11":"first","12":"instock","13":"shipping-taxable","14":"purchasable","15":"product-type-simple"},"_links":{"self":[{"href":"https:\/\/fullatacados.com.br\/index.php\/wp-json\/wp\/v2\/product\/14415","targetHints":{"allow":["GET"]}}],"collection":[{"href":"https:\/\/fullatacados.com.br\/index.php\/wp-json\/wp\/v2\/product"}],"about":[{"href":"https:\/\/fullatacados.com.br\/index.php\/wp-json\/wp\/v2\/types\/product"}],"replies":[{"embeddable":true,"href":"https:\/\/fullatacados.com.br\/index.php\/wp-json\/wp\/v2\/comments?post=14415"}],"wp:featuredmedia":[{"embeddable":true,"href":"https:\/\/fullatacados.com.br\/index.php\/wp-json\/wp\/v2\/media\/14626"}],"wp:attachment":[{"href":"https:\/\/fullatacados.com.br\/index.php\/wp-json\/wp\/v2\/media?parent=14415"}],"wp:term":[{"taxonomy":"product_brand","embeddable":true,"href":"https:\/\/fullatacados.com.br\/index.php\/wp-json\/wp\/v2\/product_brand?post=14415"},{"taxonomy":"product_cat","embeddable":true,"href":"https:\/\/fullatacados.com.br\/index.php\/wp-json\/wp\/v2\/product_cat?post=14415"},{"taxonomy":"product_tag","embeddable":true,"href":"https:\/\/fullatacados.com.br\/index.php\/wp-json\/wp\/v2\/product_tag?post=14415"}],"curies":[{"name":"wp","href":"https:\/\/api.w.org\/{rel}","templated":true}]}}