{"id":14361,"date":"2025-07-25T17:00:08","date_gmt":"2025-07-25T20:00:08","guid":{"rendered":"https:\/\/fullatacados.com.br\/?post_type=product&#038;p=14361"},"modified":"2025-12-01T13:20:35","modified_gmt":"2025-12-01T16:20:35","slug":"disco-de-freio-tras-xre-300","status":"publish","type":"product","link":"https:\/\/fullatacados.com.br\/index.php\/produto\/disco-de-freio-tras-xre-300\/","title":{"rendered":"DISCO DE FREIO TRAS XRE 300"},"content":{"rendered":"<p>Disco de freio traseiro para XRE 300 \u2013 compat\u00edvel com modelos de 2009 a 2023, vers\u00f5es com ou sem ABS. Garante frenagem segura, eficiente e durabilidade, ideal para reposi\u00e7\u00e3o com padr\u00e3o original.<\/p>\n","protected":false},"excerpt":{"rendered":"<p>Disco de freio traseiro para XRE 300 \u2013 compat\u00edvel com modelos de 2009 a 2023, vers\u00f5es com ou sem ABS. Garante frenagem segura, eficiente e durabilidade, ideal para reposi\u00e7\u00e3o com padr\u00e3o original.<\/p>\n","protected":false},"featured_media":14724,"comment_status":"open","ping_status":"closed","template":"","meta":{"_joinchat":[]},"product_brand":[],"product_cat":[482,15],"product_tag":[],"class_list":{"0":"post-14361","1":"product","2":"type-product","3":"status-publish","4":"has-post-thumbnail","6":"product_cat-moto-pecas","7":"product_cat-sem-categoria","8":"product_shipping_class-envionormal","10":"first","11":"outofstock","12":"shipping-taxable","13":"purchasable","14":"product-type-simple"},"_links":{"self":[{"href":"https:\/\/fullatacados.com.br\/index.php\/wp-json\/wp\/v2\/product\/14361","targetHints":{"allow":["GET"]}}],"collection":[{"href":"https:\/\/fullatacados.com.br\/index.php\/wp-json\/wp\/v2\/product"}],"about":[{"href":"https:\/\/fullatacados.com.br\/index.php\/wp-json\/wp\/v2\/types\/product"}],"replies":[{"embeddable":true,"href":"https:\/\/fullatacados.com.br\/index.php\/wp-json\/wp\/v2\/comments?post=14361"}],"wp:featuredmedia":[{"embeddable":true,"href":"https:\/\/fullatacados.com.br\/index.php\/wp-json\/wp\/v2\/media\/14724"}],"wp:attachment":[{"href":"https:\/\/fullatacados.com.br\/index.php\/wp-json\/wp\/v2\/media?parent=14361"}],"wp:term":[{"taxonomy":"product_brand","embeddable":true,"href":"https:\/\/fullatacados.com.br\/index.php\/wp-json\/wp\/v2\/product_brand?post=14361"},{"taxonomy":"product_cat","embeddable":true,"href":"https:\/\/fullatacados.com.br\/index.php\/wp-json\/wp\/v2\/product_cat?post=14361"},{"taxonomy":"product_tag","embeddable":true,"href":"https:\/\/fullatacados.com.br\/index.php\/wp-json\/wp\/v2\/product_tag?post=14361"}],"curies":[{"name":"wp","href":"https:\/\/api.w.org\/{rel}","templated":true}]}}