{"id":14309,"date":"2025-07-25T09:05:08","date_gmt":"2025-07-25T12:05:08","guid":{"rendered":"https:\/\/fullatacados.com.br\/index.php\/produto\/suporte-celular-c-carregador-garra-x\/"},"modified":"2026-04-30T17:55:07","modified_gmt":"2026-04-30T20:55:07","slug":"suporte-celular-c-carregador-garra-x","status":"publish","type":"product","link":"https:\/\/fullatacados.com.br\/index.php\/produto\/suporte-celular-c-carregador-garra-x\/","title":{"rendered":"SUPORTE CELULAR C\/CARREGADOR GARRA X"},"content":{"rendered":"","protected":false},"excerpt":{"rendered":"<p>Suporte de celular com carregador para moto: praticidade e seguran\u00e7a na sua pilotagem. Fixa\u00e7\u00e3o firme, compat\u00edvel com diversos modelos de celular, e carregamento USB incluso para manter a bateria sempre cheia durante o trajeto.<\/p>\n","protected":false},"featured_media":14310,"comment_status":"open","ping_status":"closed","template":"","meta":{"_joinchat":[]},"product_brand":[181],"product_cat":[482,15],"product_tag":[],"class_list":{"0":"post-14309","1":"product","2":"type-product","3":"status-publish","4":"has-post-thumbnail","6":"product_brand-smartfox","7":"product_cat-moto-pecas","8":"product_cat-sem-categoria","9":"product_shipping_class-envionormal","11":"first","12":"instock","13":"featured","14":"shipping-taxable","15":"purchasable","16":"product-type-simple"},"_links":{"self":[{"href":"https:\/\/fullatacados.com.br\/index.php\/wp-json\/wp\/v2\/product\/14309","targetHints":{"allow":["GET"]}}],"collection":[{"href":"https:\/\/fullatacados.com.br\/index.php\/wp-json\/wp\/v2\/product"}],"about":[{"href":"https:\/\/fullatacados.com.br\/index.php\/wp-json\/wp\/v2\/types\/product"}],"replies":[{"embeddable":true,"href":"https:\/\/fullatacados.com.br\/index.php\/wp-json\/wp\/v2\/comments?post=14309"}],"wp:featuredmedia":[{"embeddable":true,"href":"https:\/\/fullatacados.com.br\/index.php\/wp-json\/wp\/v2\/media\/14310"}],"wp:attachment":[{"href":"https:\/\/fullatacados.com.br\/index.php\/wp-json\/wp\/v2\/media?parent=14309"}],"wp:term":[{"taxonomy":"product_brand","embeddable":true,"href":"https:\/\/fullatacados.com.br\/index.php\/wp-json\/wp\/v2\/product_brand?post=14309"},{"taxonomy":"product_cat","embeddable":true,"href":"https:\/\/fullatacados.com.br\/index.php\/wp-json\/wp\/v2\/product_cat?post=14309"},{"taxonomy":"product_tag","embeddable":true,"href":"https:\/\/fullatacados.com.br\/index.php\/wp-json\/wp\/v2\/product_tag?post=14309"}],"curies":[{"name":"wp","href":"https:\/\/api.w.org\/{rel}","templated":true}]}}