{"id":14303,"date":"2025-07-25T08:45:07","date_gmt":"2025-07-25T11:45:07","guid":{"rendered":"https:\/\/fullatacados.com.br\/index.php\/produto\/capacete-eagle-fast-fosc-pto-ama-cin-56\/"},"modified":"2026-04-13T10:35:07","modified_gmt":"2026-04-13T13:35:07","slug":"capacete-eagle-fast-fosc-pto-ama-cin-56","status":"publish","type":"product","link":"https:\/\/fullatacados.com.br\/index.php\/produto\/capacete-eagle-fast-fosc-pto-ama-cin-56\/","title":{"rendered":"CAPACETE EAGLE FAST FOSC PTO\/AMA\/CIN 56"},"content":{"rendered":"","protected":false},"excerpt":{"rendered":"<p>Capacete ASX: seguran\u00e7a, conforto e estilo para o dia a dia. Com casco resistente, forro interno acolchoado e sistema de ventila\u00e7\u00e3o eficiente, \u00e9 ideal para quem busca prote\u00e7\u00e3o sem abrir m\u00e3o do visual<\/p>\n","protected":false},"featured_media":14305,"comment_status":"open","ping_status":"closed","template":"","meta":{"_joinchat":[]},"product_brand":[288],"product_cat":[482,15],"product_tag":[],"class_list":{"0":"post-14303","1":"product","2":"type-product","3":"status-publish","4":"has-post-thumbnail","6":"product_brand-asx-capacetes","7":"product_cat-moto-pecas","8":"product_cat-sem-categoria","9":"product_shipping_class-envionormal","11":"first","12":"instock","13":"shipping-taxable","14":"purchasable","15":"product-type-simple"},"_links":{"self":[{"href":"https:\/\/fullatacados.com.br\/index.php\/wp-json\/wp\/v2\/product\/14303","targetHints":{"allow":["GET"]}}],"collection":[{"href":"https:\/\/fullatacados.com.br\/index.php\/wp-json\/wp\/v2\/product"}],"about":[{"href":"https:\/\/fullatacados.com.br\/index.php\/wp-json\/wp\/v2\/types\/product"}],"replies":[{"embeddable":true,"href":"https:\/\/fullatacados.com.br\/index.php\/wp-json\/wp\/v2\/comments?post=14303"}],"wp:featuredmedia":[{"embeddable":true,"href":"https:\/\/fullatacados.com.br\/index.php\/wp-json\/wp\/v2\/media\/14305"}],"wp:attachment":[{"href":"https:\/\/fullatacados.com.br\/index.php\/wp-json\/wp\/v2\/media?parent=14303"}],"wp:term":[{"taxonomy":"product_brand","embeddable":true,"href":"https:\/\/fullatacados.com.br\/index.php\/wp-json\/wp\/v2\/product_brand?post=14303"},{"taxonomy":"product_cat","embeddable":true,"href":"https:\/\/fullatacados.com.br\/index.php\/wp-json\/wp\/v2\/product_cat?post=14303"},{"taxonomy":"product_tag","embeddable":true,"href":"https:\/\/fullatacados.com.br\/index.php\/wp-json\/wp\/v2\/product_tag?post=14303"}],"curies":[{"name":"wp","href":"https:\/\/api.w.org\/{rel}","templated":true}]}}