{"id":14300,"date":"2025-07-25T08:35:07","date_gmt":"2025-07-25T11:35:07","guid":{"rendered":"https:\/\/fullatacados.com.br\/index.php\/produto\/mochila-pizza-45-lts-nilvan-loja-full\/"},"modified":"2026-04-30T16:50:07","modified_gmt":"2026-04-30T19:50:07","slug":"mochila-pizza-45-lts-nilvan-loja-full","status":"publish","type":"product","link":"https:\/\/fullatacados.com.br\/index.php\/produto\/mochila-pizza-45-lts-nilvan-loja-full\/","title":{"rendered":"MOCHILA PIZZA 45 LTS NILVAN LOJA FULL"},"content":{"rendered":"","protected":false},"excerpt":{"rendered":"<p>Mochila de motoboy 45L: resistente, espa\u00e7osa e ideal para entregas. Possui estrutura r\u00edgida, al\u00e7as refor\u00e7adas e compartimento t\u00e9rmico, garantindo praticidade, conforto e seguran\u00e7a no transporte<\/p>\n","protected":false},"featured_media":14301,"comment_status":"open","ping_status":"closed","template":"","meta":{"_joinchat":[]},"product_brand":[261],"product_cat":[482,15],"product_tag":[],"class_list":{"0":"post-14300","1":"product","2":"type-product","3":"status-publish","4":"has-post-thumbnail","6":"product_brand-nilvan-confeccoes","7":"product_cat-moto-pecas","8":"product_cat-sem-categoria","9":"product_shipping_class-envionormal","11":"first","12":"instock","13":"shipping-taxable","14":"purchasable","15":"product-type-simple"},"_links":{"self":[{"href":"https:\/\/fullatacados.com.br\/index.php\/wp-json\/wp\/v2\/product\/14300","targetHints":{"allow":["GET"]}}],"collection":[{"href":"https:\/\/fullatacados.com.br\/index.php\/wp-json\/wp\/v2\/product"}],"about":[{"href":"https:\/\/fullatacados.com.br\/index.php\/wp-json\/wp\/v2\/types\/product"}],"replies":[{"embeddable":true,"href":"https:\/\/fullatacados.com.br\/index.php\/wp-json\/wp\/v2\/comments?post=14300"}],"wp:featuredmedia":[{"embeddable":true,"href":"https:\/\/fullatacados.com.br\/index.php\/wp-json\/wp\/v2\/media\/14301"}],"wp:attachment":[{"href":"https:\/\/fullatacados.com.br\/index.php\/wp-json\/wp\/v2\/media?parent=14300"}],"wp:term":[{"taxonomy":"product_brand","embeddable":true,"href":"https:\/\/fullatacados.com.br\/index.php\/wp-json\/wp\/v2\/product_brand?post=14300"},{"taxonomy":"product_cat","embeddable":true,"href":"https:\/\/fullatacados.com.br\/index.php\/wp-json\/wp\/v2\/product_cat?post=14300"},{"taxonomy":"product_tag","embeddable":true,"href":"https:\/\/fullatacados.com.br\/index.php\/wp-json\/wp\/v2\/product_tag?post=14300"}],"curies":[{"name":"wp","href":"https:\/\/api.w.org\/{rel}","templated":true}]}}