{"id":14298,"date":"2025-07-25T08:30:09","date_gmt":"2025-07-25T11:30:09","guid":{"rendered":"https:\/\/fullatacados.com.br\/index.php\/produto\/lubrificante-corrente-block-300ml\/"},"modified":"2026-05-01T11:05:07","modified_gmt":"2026-05-01T14:05:07","slug":"lubrificante-corrente-block-300ml","status":"publish","type":"product","link":"https:\/\/fullatacados.com.br\/index.php\/produto\/lubrificante-corrente-block-300ml\/","title":{"rendered":"LUBRIFICANTE CORRENTE BLOCK 300ML"},"content":{"rendered":"","protected":false},"excerpt":{"rendered":"<p>Lubrificante de corrente Block: prote\u00e7\u00e3o e desempenho para sua moto. Reduz o desgaste, evita ferrugem e garante uma lubrifica\u00e7\u00e3o duradoura, mesmo em condi\u00e7\u00f5es extremas.<\/p>\n","protected":false},"featured_media":14299,"comment_status":"open","ping_status":"closed","template":"","meta":{"_joinchat":[]},"product_brand":[478],"product_cat":[482,15],"product_tag":[],"class_list":{"0":"post-14298","1":"product","2":"type-product","3":"status-publish","4":"has-post-thumbnail","6":"product_brand-block-lub","7":"product_cat-moto-pecas","8":"product_cat-sem-categoria","9":"product_shipping_class-envionormal","11":"first","12":"instock","13":"shipping-taxable","14":"purchasable","15":"product-type-simple"},"_links":{"self":[{"href":"https:\/\/fullatacados.com.br\/index.php\/wp-json\/wp\/v2\/product\/14298","targetHints":{"allow":["GET"]}}],"collection":[{"href":"https:\/\/fullatacados.com.br\/index.php\/wp-json\/wp\/v2\/product"}],"about":[{"href":"https:\/\/fullatacados.com.br\/index.php\/wp-json\/wp\/v2\/types\/product"}],"replies":[{"embeddable":true,"href":"https:\/\/fullatacados.com.br\/index.php\/wp-json\/wp\/v2\/comments?post=14298"}],"wp:featuredmedia":[{"embeddable":true,"href":"https:\/\/fullatacados.com.br\/index.php\/wp-json\/wp\/v2\/media\/14299"}],"wp:attachment":[{"href":"https:\/\/fullatacados.com.br\/index.php\/wp-json\/wp\/v2\/media?parent=14298"}],"wp:term":[{"taxonomy":"product_brand","embeddable":true,"href":"https:\/\/fullatacados.com.br\/index.php\/wp-json\/wp\/v2\/product_brand?post=14298"},{"taxonomy":"product_cat","embeddable":true,"href":"https:\/\/fullatacados.com.br\/index.php\/wp-json\/wp\/v2\/product_cat?post=14298"},{"taxonomy":"product_tag","embeddable":true,"href":"https:\/\/fullatacados.com.br\/index.php\/wp-json\/wp\/v2\/product_tag?post=14298"}],"curies":[{"name":"wp","href":"https:\/\/api.w.org\/{rel}","templated":true}]}}