{"id":14284,"date":"2025-07-24T16:20:08","date_gmt":"2025-07-24T19:20:08","guid":{"rendered":"https:\/\/fullatacados.com.br\/index.php\/produto\/capacete-ff320-stream-sukeban-blk-tit-g\/"},"modified":"2025-12-01T13:20:36","modified_gmt":"2025-12-01T16:20:36","slug":"capacete-ff320-stream-sukeban-blk-tit-g","status":"publish","type":"product","link":"https:\/\/fullatacados.com.br\/index.php\/produto\/capacete-ff320-stream-sukeban-blk-tit-g\/","title":{"rendered":"CAPACETE FF320 STREAM SUKEBAN BLK\/TIT\/G"},"content":{"rendered":"","protected":false},"excerpt":{"rendered":"<p>Capacete LS2 FF320: ideal para quem busca prote\u00e7\u00e3o e conforto no dia a dia ou na estrada. Modelo fechado com casco aerodin\u00e2mico em HPTT (termopl\u00e1stico de alta resist\u00eancia), viseira com tratamento antirrisco e prepara\u00e7\u00e3o para Pinlock. Conta ainda com sistema de ventila\u00e7\u00e3o eficiente, forro remov\u00edvel e lav\u00e1vel, al\u00e9m de fecho microm\u00e9trico para mais praticidade e seguran\u00e7a.<\/p>\n","protected":false},"featured_media":14312,"comment_status":"open","ping_status":"closed","template":"","meta":{"_joinchat":[]},"product_brand":[],"product_cat":[482,15],"product_tag":[],"class_list":{"0":"post-14284","1":"product","2":"type-product","3":"status-publish","4":"has-post-thumbnail","6":"product_cat-moto-pecas","7":"product_cat-sem-categoria","8":"product_shipping_class-envionormal","10":"first","11":"instock","12":"shipping-taxable","13":"purchasable","14":"product-type-simple"},"_links":{"self":[{"href":"https:\/\/fullatacados.com.br\/index.php\/wp-json\/wp\/v2\/product\/14284","targetHints":{"allow":["GET"]}}],"collection":[{"href":"https:\/\/fullatacados.com.br\/index.php\/wp-json\/wp\/v2\/product"}],"about":[{"href":"https:\/\/fullatacados.com.br\/index.php\/wp-json\/wp\/v2\/types\/product"}],"replies":[{"embeddable":true,"href":"https:\/\/fullatacados.com.br\/index.php\/wp-json\/wp\/v2\/comments?post=14284"}],"wp:featuredmedia":[{"embeddable":true,"href":"https:\/\/fullatacados.com.br\/index.php\/wp-json\/wp\/v2\/media\/14312"}],"wp:attachment":[{"href":"https:\/\/fullatacados.com.br\/index.php\/wp-json\/wp\/v2\/media?parent=14284"}],"wp:term":[{"taxonomy":"product_brand","embeddable":true,"href":"https:\/\/fullatacados.com.br\/index.php\/wp-json\/wp\/v2\/product_brand?post=14284"},{"taxonomy":"product_cat","embeddable":true,"href":"https:\/\/fullatacados.com.br\/index.php\/wp-json\/wp\/v2\/product_cat?post=14284"},{"taxonomy":"product_tag","embeddable":true,"href":"https:\/\/fullatacados.com.br\/index.php\/wp-json\/wp\/v2\/product_tag?post=14284"}],"curies":[{"name":"wp","href":"https:\/\/api.w.org\/{rel}","templated":true}]}}