{"id":14279,"date":"2025-07-24T16:10:13","date_gmt":"2025-07-24T19:10:13","guid":{"rendered":"https:\/\/fullatacados.com.br\/index.php\/produto\/capacete-xtroy-articulado-pto-fos-56\/"},"modified":"2026-04-22T17:50:09","modified_gmt":"2026-04-22T20:50:09","slug":"capacete-xtroy-articulado-pto-fos-56","status":"publish","type":"product","link":"https:\/\/fullatacados.com.br\/index.php\/produto\/capacete-xtroy-articulado-pto-fos-56\/","title":{"rendered":"CAPACETE XTROY ARTICULADO PTO FOS 56"},"content":{"rendered":"","protected":false},"excerpt":{"rendered":"<p>Capacete Articulado Xtroy (Robocop)<br \/>\n\u2022 Tipo: Escamote\u00e1vel, com prote\u00e7\u00e3o de queixo m\u00f3vel que permite abertura frontal<br \/>\n\u2022 Casco: ABS de alto impacto, leve com boa resist\u00eancia<br \/>\n\u2022 Viseira: Policarbonato de 2\u202fmm com viseira solar interna fum\u00ea (prote\u00e7\u00e3o UV), al\u00e9m de narigueira para evitar emba\u00e7amento<br \/>\n\u2022 Forro: Espuma antial\u00e9rgica, revestida com tecido de pluma, remov\u00edvel e lav\u00e1vel<br \/>\n\u2022 Ventila\u00e7\u00e3o: Entradas de ar frontais e superiores, com bavete que reduz a entrada excessiva de vento<br \/>\n\u2022 Fecho: Cinta jugular com engate microm\u00e9trico, para ajuste seguro e pr\u00e1tico<br \/>\n\u2022 Certifica\u00e7\u00e3o: Aprovado pelo INMETRO, com garantia de 3\u202fmeses na maioria dos modelos<br \/>\n\u2022 Design: Visual moderno, aerodin\u00e2mico, dispon\u00edvel em diversas cores e tamanhos (56, 58, 60)<\/p>\n","protected":false},"featured_media":14289,"comment_status":"open","ping_status":"closed","template":"","meta":{"_joinchat":[]},"product_brand":[300],"product_cat":[482,15],"product_tag":[],"class_list":{"0":"post-14279","1":"product","2":"type-product","3":"status-publish","4":"has-post-thumbnail","6":"product_brand-ebf-spark-jet","7":"product_cat-moto-pecas","8":"product_cat-sem-categoria","9":"product_shipping_class-envionormal","11":"first","12":"instock","13":"shipping-taxable","14":"purchasable","15":"product-type-simple"},"_links":{"self":[{"href":"https:\/\/fullatacados.com.br\/index.php\/wp-json\/wp\/v2\/product\/14279","targetHints":{"allow":["GET"]}}],"collection":[{"href":"https:\/\/fullatacados.com.br\/index.php\/wp-json\/wp\/v2\/product"}],"about":[{"href":"https:\/\/fullatacados.com.br\/index.php\/wp-json\/wp\/v2\/types\/product"}],"replies":[{"embeddable":true,"href":"https:\/\/fullatacados.com.br\/index.php\/wp-json\/wp\/v2\/comments?post=14279"}],"wp:featuredmedia":[{"embeddable":true,"href":"https:\/\/fullatacados.com.br\/index.php\/wp-json\/wp\/v2\/media\/14289"}],"wp:attachment":[{"href":"https:\/\/fullatacados.com.br\/index.php\/wp-json\/wp\/v2\/media?parent=14279"}],"wp:term":[{"taxonomy":"product_brand","embeddable":true,"href":"https:\/\/fullatacados.com.br\/index.php\/wp-json\/wp\/v2\/product_brand?post=14279"},{"taxonomy":"product_cat","embeddable":true,"href":"https:\/\/fullatacados.com.br\/index.php\/wp-json\/wp\/v2\/product_cat?post=14279"},{"taxonomy":"product_tag","embeddable":true,"href":"https:\/\/fullatacados.com.br\/index.php\/wp-json\/wp\/v2\/product_tag?post=14279"}],"curies":[{"name":"wp","href":"https:\/\/api.w.org\/{rel}","templated":true}]}}