{"id":14253,"date":"2025-07-24T11:40:08","date_gmt":"2025-07-24T14:40:08","guid":{"rendered":"https:\/\/fullatacados.com.br\/index.php\/produto\/disco-freio-diant-xre300-2\/"},"modified":"2026-04-03T08:10:07","modified_gmt":"2026-04-03T11:10:07","slug":"disco-freio-diant-xre300-2","status":"publish","type":"product","link":"https:\/\/fullatacados.com.br\/index.php\/produto\/disco-freio-diant-xre300-2\/","title":{"rendered":"DISCO FREIO DIANT XRE300"},"content":{"rendered":"","protected":false},"excerpt":{"rendered":"<p>Disco de freio dianteiro para XRE 300: desempenho confi\u00e1vel e frenagem precisa. Fabricado em material resistente \u00e0 alta temperatura e desgaste, garante seguran\u00e7a, durabilidade e resposta eficiente em todas as condi\u00e7\u00f5es de pilotagem<\/p>\n","protected":false},"featured_media":14316,"comment_status":"open","ping_status":"closed","template":"","meta":{"_joinchat":[]},"product_brand":[181],"product_cat":[482,15],"product_tag":[],"class_list":{"0":"post-14253","1":"product","2":"type-product","3":"status-publish","4":"has-post-thumbnail","6":"product_brand-smartfox","7":"product_cat-moto-pecas","8":"product_cat-sem-categoria","9":"product_shipping_class-envionormal","11":"first","12":"instock","13":"shipping-taxable","14":"purchasable","15":"product-type-simple"},"_links":{"self":[{"href":"https:\/\/fullatacados.com.br\/index.php\/wp-json\/wp\/v2\/product\/14253","targetHints":{"allow":["GET"]}}],"collection":[{"href":"https:\/\/fullatacados.com.br\/index.php\/wp-json\/wp\/v2\/product"}],"about":[{"href":"https:\/\/fullatacados.com.br\/index.php\/wp-json\/wp\/v2\/types\/product"}],"replies":[{"embeddable":true,"href":"https:\/\/fullatacados.com.br\/index.php\/wp-json\/wp\/v2\/comments?post=14253"}],"wp:featuredmedia":[{"embeddable":true,"href":"https:\/\/fullatacados.com.br\/index.php\/wp-json\/wp\/v2\/media\/14316"}],"wp:attachment":[{"href":"https:\/\/fullatacados.com.br\/index.php\/wp-json\/wp\/v2\/media?parent=14253"}],"wp:term":[{"taxonomy":"product_brand","embeddable":true,"href":"https:\/\/fullatacados.com.br\/index.php\/wp-json\/wp\/v2\/product_brand?post=14253"},{"taxonomy":"product_cat","embeddable":true,"href":"https:\/\/fullatacados.com.br\/index.php\/wp-json\/wp\/v2\/product_cat?post=14253"},{"taxonomy":"product_tag","embeddable":true,"href":"https:\/\/fullatacados.com.br\/index.php\/wp-json\/wp\/v2\/product_tag?post=14253"}],"curies":[{"name":"wp","href":"https:\/\/api.w.org\/{rel}","templated":true}]}}