{"id":14237,"date":"2025-07-20T09:00:09","date_gmt":"2025-07-20T12:00:09","guid":{"rendered":"https:\/\/fullatacados.com.br\/index.php\/produto\/camara-ar-17-fina-importada\/"},"modified":"2026-04-30T16:35:07","modified_gmt":"2026-04-30T19:35:07","slug":"camara-ar-17-fina-importada","status":"publish","type":"product","link":"https:\/\/fullatacados.com.br\/index.php\/produto\/camara-ar-17-fina-importada\/","title":{"rendered":"CAMARA AR 17 FINA IMPORTADA"},"content":{"rendered":"","protected":false},"excerpt":{"rendered":"<p>C\u00e2mara de ar resistente, ideal para garantir seguran\u00e7a e desempenho nas pistas e no dia a dia. Fabricada em borracha de alta qualidade, oferece excelente veda\u00e7\u00e3o, durabilidade e compatibilidade com diversos modelos de pneus<\/p>\n","protected":false},"featured_media":14319,"comment_status":"open","ping_status":"closed","template":"","meta":{"_joinchat":[]},"product_brand":[199],"product_cat":[482,15],"product_tag":[],"class_list":{"0":"post-14237","1":"product","2":"type-product","3":"status-publish","4":"has-post-thumbnail","6":"product_brand-importado","7":"product_cat-moto-pecas","8":"product_cat-sem-categoria","9":"product_shipping_class-envionormal","11":"first","12":"instock","13":"shipping-taxable","14":"purchasable","15":"product-type-simple"},"_links":{"self":[{"href":"https:\/\/fullatacados.com.br\/index.php\/wp-json\/wp\/v2\/product\/14237","targetHints":{"allow":["GET"]}}],"collection":[{"href":"https:\/\/fullatacados.com.br\/index.php\/wp-json\/wp\/v2\/product"}],"about":[{"href":"https:\/\/fullatacados.com.br\/index.php\/wp-json\/wp\/v2\/types\/product"}],"replies":[{"embeddable":true,"href":"https:\/\/fullatacados.com.br\/index.php\/wp-json\/wp\/v2\/comments?post=14237"}],"wp:featuredmedia":[{"embeddable":true,"href":"https:\/\/fullatacados.com.br\/index.php\/wp-json\/wp\/v2\/media\/14319"}],"wp:attachment":[{"href":"https:\/\/fullatacados.com.br\/index.php\/wp-json\/wp\/v2\/media?parent=14237"}],"wp:term":[{"taxonomy":"product_brand","embeddable":true,"href":"https:\/\/fullatacados.com.br\/index.php\/wp-json\/wp\/v2\/product_brand?post=14237"},{"taxonomy":"product_cat","embeddable":true,"href":"https:\/\/fullatacados.com.br\/index.php\/wp-json\/wp\/v2\/product_cat?post=14237"},{"taxonomy":"product_tag","embeddable":true,"href":"https:\/\/fullatacados.com.br\/index.php\/wp-json\/wp\/v2\/product_tag?post=14237"}],"curies":[{"name":"wp","href":"https:\/\/api.w.org\/{rel}","templated":true}]}}