{"id":14232,"date":"2025-07-20T08:55:09","date_gmt":"2025-07-20T11:55:09","guid":{"rendered":"https:\/\/fullatacados.com.br\/index.php\/produto\/bota-chuva-cano-alto-39-40-monseg\/"},"modified":"2026-03-13T17:15:06","modified_gmt":"2026-03-13T20:15:06","slug":"bota-chuva-cano-alto-39-40-monseg","status":"publish","type":"product","link":"https:\/\/fullatacados.com.br\/index.php\/produto\/bota-chuva-cano-alto-39-40-monseg\/","title":{"rendered":"BOTA CHUVA CANO ALTO 39\/40 MONSEG"},"content":{"rendered":"","protected":false},"excerpt":{"rendered":"<p>Bota de chuva com cano alto monseg: prote\u00e7\u00e3o total contra \u00e1gua e sujeira. Fabricada em material imperme\u00e1vel e resistente, \u00e9 ideal para enfrentar dias chuvosos com conforto e seguran\u00e7a, mantendo os p\u00e9s sempre secos.<\/p>\n","protected":false},"featured_media":14322,"comment_status":"open","ping_status":"closed","template":"","meta":{"_joinchat":[]},"product_brand":[315],"product_cat":[482,15],"product_tag":[],"class_list":{"0":"post-14232","1":"product","2":"type-product","3":"status-publish","4":"has-post-thumbnail","6":"product_brand-monseg","7":"product_cat-moto-pecas","8":"product_cat-sem-categoria","9":"product_shipping_class-envionormal","11":"first","12":"instock","13":"shipping-taxable","14":"purchasable","15":"product-type-simple"},"_links":{"self":[{"href":"https:\/\/fullatacados.com.br\/index.php\/wp-json\/wp\/v2\/product\/14232","targetHints":{"allow":["GET"]}}],"collection":[{"href":"https:\/\/fullatacados.com.br\/index.php\/wp-json\/wp\/v2\/product"}],"about":[{"href":"https:\/\/fullatacados.com.br\/index.php\/wp-json\/wp\/v2\/types\/product"}],"replies":[{"embeddable":true,"href":"https:\/\/fullatacados.com.br\/index.php\/wp-json\/wp\/v2\/comments?post=14232"}],"wp:featuredmedia":[{"embeddable":true,"href":"https:\/\/fullatacados.com.br\/index.php\/wp-json\/wp\/v2\/media\/14322"}],"wp:attachment":[{"href":"https:\/\/fullatacados.com.br\/index.php\/wp-json\/wp\/v2\/media?parent=14232"}],"wp:term":[{"taxonomy":"product_brand","embeddable":true,"href":"https:\/\/fullatacados.com.br\/index.php\/wp-json\/wp\/v2\/product_brand?post=14232"},{"taxonomy":"product_cat","embeddable":true,"href":"https:\/\/fullatacados.com.br\/index.php\/wp-json\/wp\/v2\/product_cat?post=14232"},{"taxonomy":"product_tag","embeddable":true,"href":"https:\/\/fullatacados.com.br\/index.php\/wp-json\/wp\/v2\/product_tag?post=14232"}],"curies":[{"name":"wp","href":"https:\/\/api.w.org\/{rel}","templated":true}]}}