{"id":14199,"date":"2025-07-20T08:50:08","date_gmt":"2025-07-20T11:50:08","guid":{"rendered":"https:\/\/fullatacados.com.br\/index.php\/produto\/bauleto-52-lts-tork-vermelho\/"},"modified":"2026-04-25T08:50:07","modified_gmt":"2026-04-25T11:50:07","slug":"bauleto-52-lts-tork-vermelho","status":"publish","type":"product","link":"https:\/\/fullatacados.com.br\/index.php\/produto\/bauleto-52-lts-tork-vermelho\/","title":{"rendered":"BAULETO 52 LTS TORK VERMELHO"},"content":{"rendered":"","protected":false},"excerpt":{"rendered":"<p>Ba\u00fa 52L: compacto, resistente e ideal para o dia a dia. Fabricado em material pl\u00e1stico de alta durabilidade, oferece bom espa\u00e7o interno, travamento seguro e \u00e9 perfeito para transportar capacetes, mochilas ou objetos com praticide<\/p>\n","protected":false},"featured_media":14328,"comment_status":"open","ping_status":"closed","template":"","meta":{"_joinchat":[]},"product_brand":[183],"product_cat":[482,15],"product_tag":[],"class_list":{"0":"post-14199","1":"product","2":"type-product","3":"status-publish","4":"has-post-thumbnail","6":"product_brand-pro-tork","7":"product_cat-moto-pecas","8":"product_cat-sem-categoria","9":"product_shipping_class-envionormal","11":"first","12":"outofstock","13":"shipping-taxable","14":"purchasable","15":"product-type-simple"},"_links":{"self":[{"href":"https:\/\/fullatacados.com.br\/index.php\/wp-json\/wp\/v2\/product\/14199","targetHints":{"allow":["GET"]}}],"collection":[{"href":"https:\/\/fullatacados.com.br\/index.php\/wp-json\/wp\/v2\/product"}],"about":[{"href":"https:\/\/fullatacados.com.br\/index.php\/wp-json\/wp\/v2\/types\/product"}],"replies":[{"embeddable":true,"href":"https:\/\/fullatacados.com.br\/index.php\/wp-json\/wp\/v2\/comments?post=14199"}],"wp:featuredmedia":[{"embeddable":true,"href":"https:\/\/fullatacados.com.br\/index.php\/wp-json\/wp\/v2\/media\/14328"}],"wp:attachment":[{"href":"https:\/\/fullatacados.com.br\/index.php\/wp-json\/wp\/v2\/media?parent=14199"}],"wp:term":[{"taxonomy":"product_brand","embeddable":true,"href":"https:\/\/fullatacados.com.br\/index.php\/wp-json\/wp\/v2\/product_brand?post=14199"},{"taxonomy":"product_cat","embeddable":true,"href":"https:\/\/fullatacados.com.br\/index.php\/wp-json\/wp\/v2\/product_cat?post=14199"},{"taxonomy":"product_tag","embeddable":true,"href":"https:\/\/fullatacados.com.br\/index.php\/wp-json\/wp\/v2\/product_tag?post=14199"}],"curies":[{"name":"wp","href":"https:\/\/api.w.org\/{rel}","templated":true}]}}