{"id":14197,"date":"2025-07-20T08:50:08","date_gmt":"2025-07-20T11:50:08","guid":{"rendered":"https:\/\/fullatacados.com.br\/index.php\/produto\/bauleto-45-lts-givi-monolock-verm\/"},"modified":"2026-04-17T09:35:07","modified_gmt":"2026-04-17T12:35:07","slug":"bauleto-45-lts-givi-monolock-verm","status":"publish","type":"product","link":"https:\/\/fullatacados.com.br\/index.php\/produto\/bauleto-45-lts-givi-monolock-verm\/","title":{"rendered":"BAULETO 45 LTS GIVI MONOLOCK VERM"},"content":{"rendered":"<div>Givi Monolock 45\u202flitros \u2013 Bauleto (B45+\/E450\/E455 Simply\u202fIV)<\/div>\n<div><\/div>\n<div>Resumo descri\u00e7\u00e3o:<\/div>\n<div>\u2022Capacidade de 45\u202flitros, suficiente para at\u00e9 dois capacetes integrais ou bagagem urbana e de m\u00e9dia dist\u00e2ncia\u00a0 \ufffc.<\/div>\n<div>\u2022Sistema de encaixe Monolock, com piastra e kit universal, permitindo fixa\u00e7\u00e3o simples em suportes tubulares ou de chapa reta\u00a0 \ufffc.<\/div>\n<div>\u2022Estrutura em pl\u00e1stico r\u00edgido (ABS) com design quadrado e detalhes est\u00e9ticos na tampa\u00a0 \ufffc \ufffc.<\/div>\n<div>\u2022Vem com sistema \u201cclick\u201d de fechamento, schienalino para passageiro, rede el\u00e1stica porta-objetos no interior da tampa e tamp\u00e3o interno acolchoado\u00a0 \ufffc \ufffc.<\/div>\n<div>\u2022Resistente \u00e0 \u00e1gua, com veda\u00e7\u00e3o testada para suportar chuva intensa simulada (&gt;\u202f20\u202fl\/min)\u00a0 \ufffc.<\/div>\n<div>\u2022Ideal para uso urbano, entregas e viagens de m\u00e9dio porte, combinando praticidade e seguran\u00e7a em uma solu\u00e7\u00e3o leve e vers\u00e1til\u00a0 \ufffc.<\/div>\n","protected":false},"excerpt":{"rendered":"<p>Givi Monolock 45\u202flitros \u2013 Bauleto (B45+\/E450\/E455 Simply\u202fIV) Resumo descri\u00e7\u00e3o: \u2022Capacidade de 45\u202flitros, suficiente para at\u00e9 dois capacetes integrais ou bagagem urbana e de m\u00e9dia dist\u00e2ncia\u00a0 \ufffc. \u2022Sistema de encaixe Monolock, com piastra e kit universal, permitindo fixa\u00e7\u00e3o simples em suportes tubulares ou de chapa reta\u00a0 \ufffc. \u2022Estrutura em pl\u00e1stico r\u00edgido (ABS) com design quadrado e [&hellip;]<\/p>\n","protected":false},"featured_media":14639,"comment_status":"open","ping_status":"closed","template":"","meta":{"_joinchat":[]},"product_brand":[312],"product_cat":[482,15],"product_tag":[],"class_list":{"0":"post-14197","1":"product","2":"type-product","3":"status-publish","4":"has-post-thumbnail","6":"product_brand-givi","7":"product_cat-moto-pecas","8":"product_cat-sem-categoria","9":"product_shipping_class-envionormal","11":"first","12":"instock","13":"shipping-taxable","14":"purchasable","15":"product-type-simple"},"_links":{"self":[{"href":"https:\/\/fullatacados.com.br\/index.php\/wp-json\/wp\/v2\/product\/14197","targetHints":{"allow":["GET"]}}],"collection":[{"href":"https:\/\/fullatacados.com.br\/index.php\/wp-json\/wp\/v2\/product"}],"about":[{"href":"https:\/\/fullatacados.com.br\/index.php\/wp-json\/wp\/v2\/types\/product"}],"replies":[{"embeddable":true,"href":"https:\/\/fullatacados.com.br\/index.php\/wp-json\/wp\/v2\/comments?post=14197"}],"wp:featuredmedia":[{"embeddable":true,"href":"https:\/\/fullatacados.com.br\/index.php\/wp-json\/wp\/v2\/media\/14639"}],"wp:attachment":[{"href":"https:\/\/fullatacados.com.br\/index.php\/wp-json\/wp\/v2\/media?parent=14197"}],"wp:term":[{"taxonomy":"product_brand","embeddable":true,"href":"https:\/\/fullatacados.com.br\/index.php\/wp-json\/wp\/v2\/product_brand?post=14197"},{"taxonomy":"product_cat","embeddable":true,"href":"https:\/\/fullatacados.com.br\/index.php\/wp-json\/wp\/v2\/product_cat?post=14197"},{"taxonomy":"product_tag","embeddable":true,"href":"https:\/\/fullatacados.com.br\/index.php\/wp-json\/wp\/v2\/product_tag?post=14197"}],"curies":[{"name":"wp","href":"https:\/\/api.w.org\/{rel}","templated":true}]}}