{"id":14192,"date":"2025-07-20T08:45:08","date_gmt":"2025-07-20T11:45:08","guid":{"rendered":"https:\/\/fullatacados.com.br\/index.php\/produto\/bateria-12v-moura-ma5-d-tit-ybr\/"},"modified":"2026-05-15T10:25:07","modified_gmt":"2026-05-15T13:25:07","slug":"bateria-12v-moura-ma5-d-tit-ybr","status":"publish","type":"product","link":"https:\/\/fullatacados.com.br\/index.php\/produto\/bateria-12v-moura-ma5-d-tit-ybr\/","title":{"rendered":"BATERIA 12V MOURA MA5-D TIT\/YBR"},"content":{"rendered":"","protected":false},"excerpt":{"rendered":"<h2 data-start=\"1748\" data-end=\"1767\">\ud83d\udccb Tabela Resumo<\/h2>\n<div class=\"_tableContainer_80l1q_1\">\n<div class=\"_tableWrapper_80l1q_14 group flex w-fit flex-col-reverse\" tabindex=\"-1\">\n<table class=\"w-fit min-w-(--thread-content-width)\" data-start=\"1769\" data-end=\"2610\">\n<thead data-start=\"1769\" data-end=\"1838\">\n<tr data-start=\"1769\" data-end=\"1838\">\n<th data-start=\"1769\" data-end=\"1796\" data-col-size=\"sm\">Caracter\u00edstica<\/th>\n<th data-start=\"1796\" data-end=\"1838\" data-col-size=\"sm\">Detalhes<\/th>\n<\/tr>\n<\/thead>\n<tbody data-start=\"1909\" data-end=\"2610\">\n<tr data-start=\"1909\" data-end=\"1978\">\n<td data-start=\"1909\" data-end=\"1936\" data-col-size=\"sm\">Tens\u00e3o nominal<\/td>\n<td data-start=\"1936\" data-end=\"1978\" data-col-size=\"sm\">12\u202fV<\/td>\n<\/tr>\n<tr data-start=\"1979\" data-end=\"2048\">\n<td data-start=\"1979\" data-end=\"2006\" data-col-size=\"sm\">Capacidade (C10)<\/td>\n<td data-col-size=\"sm\" data-start=\"2006\" data-end=\"2048\">5\u202fAh<\/td>\n<\/tr>\n<tr data-start=\"2049\" data-end=\"2118\">\n<td data-start=\"2049\" data-end=\"2076\" data-col-size=\"sm\">Corrente de partida (CCA)<\/td>\n<td data-col-size=\"sm\" data-start=\"2076\" data-end=\"2118\">~50\u202fA (\u221210\u202f\u00b0C)<\/td>\n<\/tr>\n<tr data-start=\"2119\" data-end=\"2188\">\n<td data-start=\"2119\" data-end=\"2146\" data-col-size=\"sm\">Dimens\u00f5es (CxLxA)<\/td>\n<td data-start=\"2146\" data-end=\"2188\" data-col-size=\"sm\">~113 \u00d7 70 \u00d7 105\u202fmm<\/td>\n<\/tr>\n<tr data-start=\"2189\" data-end=\"2258\">\n<td data-start=\"2189\" data-end=\"2216\" data-col-size=\"sm\">Peso<\/td>\n<td data-start=\"2216\" data-end=\"2258\" data-col-size=\"sm\">~1,95\u202fkg (at\u00e9 ~1,7\u202fkg sem \u00e1cido)<\/td>\n<\/tr>\n<tr data-start=\"2259\" data-end=\"2328\">\n<td data-start=\"2259\" data-end=\"2286\" data-col-size=\"sm\">Polaridade<\/td>\n<td data-start=\"2286\" data-end=\"2328\" data-col-size=\"sm\">Positivo \u00e0 direita<\/td>\n<\/tr>\n<tr data-start=\"2329\" data-end=\"2398\">\n<td data-start=\"2329\" data-end=\"2356\" data-col-size=\"sm\">Fixa\u00e7\u00e3o<\/td>\n<td data-col-size=\"sm\" data-start=\"2356\" data-end=\"2398\">Parafuso 5\u202f\u00d7\u202f10\u202fmm, porca 5\u202fmm<\/td>\n<\/tr>\n<tr data-start=\"2399\" data-end=\"2470\">\n<td data-start=\"2399\" data-end=\"2426\" data-col-size=\"sm\">Tecnologia<\/td>\n<td data-start=\"2426\" data-end=\"2470\" data-col-size=\"sm\">AGM \/ VRLA (selada, livre de manuten\u00e7\u00e3o)<\/td>\n<\/tr>\n<tr data-start=\"2471\" data-end=\"2540\">\n<td data-start=\"2471\" data-end=\"2498\" data-col-size=\"sm\">Garantia<\/td>\n<td data-col-size=\"sm\" data-start=\"2498\" data-end=\"2540\">6 meses<\/td>\n<\/tr>\n<tr data-start=\"2541\" data-end=\"2610\">\n<td data-start=\"2541\" data-end=\"2568\" data-col-size=\"sm\">Aplica\u00e7\u00f5es t\u00edpicas<\/td>\n<td data-start=\"2568\" data-end=\"2610\" data-col-size=\"sm\">Biz, CG, Pop, Factor, quadriciclos<\/td>\n<\/tr>\n<\/tbody>\n<\/table>\n<h2 data-start=\"1272\" data-end=\"1320\">Benef\u00edcios e Caracter\u00edsticas de Desempenho<\/h2>\n<ul data-start=\"1322\" data-end=\"1741\">\n<li data-start=\"1322\" data-end=\"1405\">\n<p data-start=\"1324\" data-end=\"1405\"><span class=\"relative -mx-px my-[-0.2rem] rounded px-px py-[0.2rem] transition-colors duration-100 ease-in-out\"><strong data-start=\"0\" data-end=\"25\" data-is-only-node=\"\">Vida \u00fatil aprimorada:<\/strong> placas com liga anticorrosiva e design robusto, com at\u00e9 50\u202f% mais durabilidade que baterias convencionais<\/span><\/p>\n<\/li>\n<li data-start=\"1322\" data-end=\"1405\">\n<p data-start=\"1324\" data-end=\"1405\"><span class=\"relative -mx-px my-[-0.2rem] rounded px-px py-[0.2rem] transition-colors duration-100 ease-in-out\"><strong data-start=\"0\" data-end=\"27\" data-is-only-node=\"\">Alta reten\u00e7\u00e3o de carga:<\/strong> mant\u00e9m energia est\u00e1vel mesmo ap\u00f3s longos per\u00edodos sem uso<\/span><\/p>\n<\/li>\n<li data-start=\"1490\" data-end=\"1573\">\n<p data-start=\"1492\" data-end=\"1573\"><span class=\"relative -mx-px my-[-0.2rem] rounded px-px py-[0.2rem] transition-colors duration-100 ease-in-out\"><strong data-start=\"0\" data-end=\"19\" data-is-only-node=\"\">Recarga r\u00e1pida:<\/strong> suporte a ciclos r\u00e1pidos de recarga, ideal para usu\u00e1rios que n\u00e3o querem esperar horas<\/span> <span class=\"\" data-state=\"closed\"><span class=\"ms-1 inline-flex max-w-full items-center relative top-[-0.094rem] animate-[show_150ms_ease-in]\"><a class=\"flex h-4.5 overflow-hidden rounded-xl px-2 text-[9px] font-medium text-token-text-secondary! bg-[#F4F4F4]! dark:bg-[#303030]! transition-colors duration-150 ease-in-out\" href=\"https:\/\/www.atacadaodebaterias.com.br\/produto\/bateria-moto-moura-ma5-d?utm_source=chatgpt.com\" target=\"_blank\" rel=\"noopener\"><span class=\"relative start-0 bottom-0 flex h-full w-full items-center\"><span class=\"flex h-4 w-full items-center justify-between overflow-hidden\"><span class=\"max-w-full grow truncate overflow-hidden text-center\">a<\/span><\/span><\/span><\/a><\/span><\/span><\/p>\n<\/li>\n<li data-start=\"1574\" data-end=\"1657\">\n<p data-start=\"1576\" data-end=\"1657\"><span class=\"relative -mx-px my-[-0.2rem] rounded px-px py-[0.2rem] transition-colors duration-100 ease-in-out\"><strong data-start=\"0\" data-end=\"28\" data-is-only-node=\"\">Resist\u00eancia a vibra\u00e7\u00f5es:<\/strong> projetada para suportar uso em terrenos acidentados e uso urbano intenso<\/span><\/p>\n<\/li>\n<li data-start=\"1658\" data-end=\"1741\">\n<p data-start=\"1660\" data-end=\"1741\"><span class=\"relative -mx-px my-[-0.2rem] rounded px-px py-[0.2rem] bg-[#FCECC1] dark:bg-[#64572A] transition-colors duration-100 ease-in-out\"><strong data-start=\"0\" data-end=\"20\" data-is-only-node=\"\">Opera\u00e7\u00e3o segura:<\/strong> sistema selado com v\u00e1lvula de seguran\u00e7a e separador AGM que evita vazamentos ou forma\u00e7\u00e3o de gases<\/span><\/p>\n<\/li>\n<\/ul>\n<\/div>\n<\/div>\n","protected":false},"featured_media":14329,"comment_status":"open","ping_status":"closed","template":"","meta":{"_joinchat":[]},"product_brand":[289],"product_cat":[482,15],"product_tag":[],"class_list":{"0":"post-14192","1":"product","2":"type-product","3":"status-publish","4":"has-post-thumbnail","6":"product_brand-moura","7":"product_cat-moto-pecas","8":"product_cat-sem-categoria","9":"product_shipping_class-envionormal","11":"first","12":"instock","13":"shipping-taxable","14":"purchasable","15":"product-type-simple"},"_links":{"self":[{"href":"https:\/\/fullatacados.com.br\/index.php\/wp-json\/wp\/v2\/product\/14192","targetHints":{"allow":["GET"]}}],"collection":[{"href":"https:\/\/fullatacados.com.br\/index.php\/wp-json\/wp\/v2\/product"}],"about":[{"href":"https:\/\/fullatacados.com.br\/index.php\/wp-json\/wp\/v2\/types\/product"}],"replies":[{"embeddable":true,"href":"https:\/\/fullatacados.com.br\/index.php\/wp-json\/wp\/v2\/comments?post=14192"}],"wp:featuredmedia":[{"embeddable":true,"href":"https:\/\/fullatacados.com.br\/index.php\/wp-json\/wp\/v2\/media\/14329"}],"wp:attachment":[{"href":"https:\/\/fullatacados.com.br\/index.php\/wp-json\/wp\/v2\/media?parent=14192"}],"wp:term":[{"taxonomy":"product_brand","embeddable":true,"href":"https:\/\/fullatacados.com.br\/index.php\/wp-json\/wp\/v2\/product_brand?post=14192"},{"taxonomy":"product_cat","embeddable":true,"href":"https:\/\/fullatacados.com.br\/index.php\/wp-json\/wp\/v2\/product_cat?post=14192"},{"taxonomy":"product_tag","embeddable":true,"href":"https:\/\/fullatacados.com.br\/index.php\/wp-json\/wp\/v2\/product_tag?post=14192"}],"curies":[{"name":"wp","href":"https:\/\/api.w.org\/{rel}","templated":true}]}}