{"id":14186,"date":"2025-07-20T08:45:07","date_gmt":"2025-07-20T11:45:07","guid":{"rendered":"https:\/\/fullatacados.com.br\/index.php\/produto\/bateria-12v-motobatt-mtx7a-burgman\/"},"modified":"2026-04-25T10:25:07","modified_gmt":"2026-04-25T13:25:07","slug":"bateria-12v-motobatt-mtx7a-burgman","status":"publish","type":"product","link":"https:\/\/fullatacados.com.br\/index.php\/produto\/bateria-12v-motobatt-mtx7a-burgman\/","title":{"rendered":"BATERIA 12V MOTOBATT MTX7A BURGMAN"},"content":{"rendered":"","protected":false},"excerpt":{"rendered":"<h2 data-start=\"44\" data-end=\"100\">\ud83d\udd0d Bateria MotoBatt MTX7A (Gel, 12\u202fV \/ cerca de 7\u202fAh)<\/h2>\n<ul data-start=\"102\" data-end=\"587\">\n<li data-start=\"102\" data-end=\"181\">\n<p data-start=\"104\" data-end=\"181\"><span class=\"relative -mx-px my-[-0.2rem] rounded px-px py-[0.2rem] transition-colors duration-100 ease-in-out\"><strong data-start=\"0\" data-end=\"15\" data-is-only-node=\"\">Tecnologia:<\/strong> gel (s\u00f3lido), alta densidade, que reduz perda de \u00e1gua e sulfata\u00e7\u00e3o, ideal para uso em motos com muitas vibra\u00e7\u00f5es<\/span><\/p>\n<\/li>\n<li data-start=\"182\" data-end=\"261\">\n<p data-start=\"184\" data-end=\"261\"><span class=\"relative -mx-px my-[-0.2rem] rounded px-px py-[0.2rem] transition-colors duration-100 ease-in-out\"><strong data-start=\"0\" data-end=\"29\" data-is-only-node=\"\">Capacidade nominal (C10):<\/strong> aproximadamente 6,5\u202fAh<\/span><\/p>\n<\/li>\n<li data-start=\"182\" data-end=\"261\">\n<p data-start=\"184\" data-end=\"261\"><span class=\"relative -mx-px my-[-0.2rem] rounded px-px py-[0.2rem] transition-colors duration-100 ease-in-out\"><strong data-start=\"0\" data-end=\"38\" data-is-only-node=\"\">CCA (cold cranking amps a \u201310\u202f\u00b0C):<\/strong> cerca de 95\u202fA, superior \u00e0 maioria da concorr\u00eancia<\/span><\/p>\n<\/li>\n<li data-start=\"342\" data-end=\"421\">\n<p data-start=\"344\" data-end=\"421\"><span class=\"relative -mx-px my-[-0.2rem] rounded px-px py-[0.2rem] transition-colors duration-100 ease-in-out\"><strong data-start=\"0\" data-end=\"14\" data-is-only-node=\"\">Dimens\u00f5es:<\/strong> cerca de 151\u202f\u00d7\u202f88\u202f\u00d7\u202f95\u202fmm (C\u202f\u00d7\u202fL\u202f\u00d7\u202fA)<\/span> <span class=\"relative -mx-px my-[-0.2rem] rounded px-px py-[0.2rem] transition-colors duration-100 ease-in-out\"><strong data-start=\"0\" data-end=\"9\" data-is-only-node=\"\">Peso:<\/strong> aproximadamente 2,5\u202fkg<\/span><\/p>\n<\/li>\n<li data-start=\"504\" data-end=\"587\">\n<p data-start=\"506\" data-end=\"587\"><span class=\"relative -mx-px my-[-0.2rem] rounded px-px py-[0.2rem] transition-colors duration-100 ease-in-out\"><strong data-start=\"0\" data-end=\"13\" data-is-only-node=\"\">Garantia:<\/strong> em geral 6 meses contra defeitos<\/span><\/p>\n<\/li>\n<li data-start=\"504\" data-end=\"587\">FRequente em motos como <strong data-start=\"24\" data-end=\"58\">scooters Suzuki Burgman AN 125<\/strong>, Honda XR\/Tornado, entre outros modelos<\/li>\n<\/ul>\n","protected":false},"featured_media":14335,"comment_status":"open","ping_status":"closed","template":"","meta":{"_joinchat":[]},"product_brand":[271],"product_cat":[482,15],"product_tag":[],"class_list":{"0":"post-14186","1":"product","2":"type-product","3":"status-publish","4":"has-post-thumbnail","6":"product_brand-motobatt","7":"product_cat-moto-pecas","8":"product_cat-sem-categoria","9":"product_shipping_class-envionormal","11":"first","12":"instock","13":"shipping-taxable","14":"purchasable","15":"product-type-simple"},"_links":{"self":[{"href":"https:\/\/fullatacados.com.br\/index.php\/wp-json\/wp\/v2\/product\/14186","targetHints":{"allow":["GET"]}}],"collection":[{"href":"https:\/\/fullatacados.com.br\/index.php\/wp-json\/wp\/v2\/product"}],"about":[{"href":"https:\/\/fullatacados.com.br\/index.php\/wp-json\/wp\/v2\/types\/product"}],"replies":[{"embeddable":true,"href":"https:\/\/fullatacados.com.br\/index.php\/wp-json\/wp\/v2\/comments?post=14186"}],"wp:featuredmedia":[{"embeddable":true,"href":"https:\/\/fullatacados.com.br\/index.php\/wp-json\/wp\/v2\/media\/14335"}],"wp:attachment":[{"href":"https:\/\/fullatacados.com.br\/index.php\/wp-json\/wp\/v2\/media?parent=14186"}],"wp:term":[{"taxonomy":"product_brand","embeddable":true,"href":"https:\/\/fullatacados.com.br\/index.php\/wp-json\/wp\/v2\/product_brand?post=14186"},{"taxonomy":"product_cat","embeddable":true,"href":"https:\/\/fullatacados.com.br\/index.php\/wp-json\/wp\/v2\/product_cat?post=14186"},{"taxonomy":"product_tag","embeddable":true,"href":"https:\/\/fullatacados.com.br\/index.php\/wp-json\/wp\/v2\/product_tag?post=14186"}],"curies":[{"name":"wp","href":"https:\/\/api.w.org\/{rel}","templated":true}]}}