{"id":14183,"date":"2025-07-20T08:40:09","date_gmt":"2025-07-20T11:40:09","guid":{"rendered":"https:\/\/fullatacados.com.br\/index.php\/produto\/bateria-12v-motobatt-mtx9a\/"},"modified":"2026-04-22T11:55:07","modified_gmt":"2026-04-22T14:55:07","slug":"bateria-12v-motobatt-mtx9a","status":"publish","type":"product","link":"https:\/\/fullatacados.com.br\/index.php\/produto\/bateria-12v-motobatt-mtx9a\/","title":{"rendered":"BATERIA 12V MOTOBATT MTX9A"},"content":{"rendered":"<h2 data-start=\"2543\" data-end=\"2570\"><strong data-start=\"2549\" data-end=\"2570\">Resumo da Bateria<\/strong><\/h2>\n<div class=\"_tableContainer_80l1q_1\">\n<div class=\"_tableWrapper_80l1q_14 group flex w-fit flex-col-reverse\" tabindex=\"-1\">\n<table class=\"w-fit min-w-(--thread-content-width)\" data-start=\"2572\" data-end=\"3353\">\n<thead data-start=\"2572\" data-end=\"2641\">\n<tr data-start=\"2572\" data-end=\"2641\">\n<th data-start=\"2572\" data-end=\"2599\" data-col-size=\"sm\">Caracter\u00edstica<\/th>\n<th data-start=\"2599\" data-end=\"2641\" data-col-size=\"sm\">Detalhes<\/th>\n<\/tr>\n<\/thead>\n<tbody data-start=\"2712\" data-end=\"3353\">\n<tr data-start=\"2712\" data-end=\"2782\">\n<td data-start=\"2712\" data-end=\"2740\" data-col-size=\"sm\"><strong data-start=\"2714\" data-end=\"2732\">Tens\u00e3o nominal<\/strong><\/td>\n<td data-col-size=\"sm\" data-start=\"2740\" data-end=\"2782\">12V<\/td>\n<\/tr>\n<tr data-start=\"2783\" data-end=\"2853\">\n<td data-start=\"2783\" data-end=\"2811\" data-col-size=\"sm\"><strong data-start=\"2785\" data-end=\"2805\">Capacidade (C10)<\/strong><\/td>\n<td data-col-size=\"sm\" data-start=\"2811\" data-end=\"2853\">8 Ah<\/td>\n<\/tr>\n<tr data-start=\"2854\" data-end=\"2927\">\n<td data-start=\"2854\" data-end=\"2886\" data-col-size=\"sm\"><strong data-start=\"2856\" data-end=\"2885\">Corrente de partida (CCA)<\/strong><\/td>\n<td data-col-size=\"sm\" data-start=\"2886\" data-end=\"2927\">150A (a \u221210\u00b0C)<\/td>\n<\/tr>\n<tr data-start=\"2928\" data-end=\"2998\">\n<td data-start=\"2928\" data-end=\"2956\" data-col-size=\"sm\"><strong data-start=\"2930\" data-end=\"2938\">Peso<\/strong><\/td>\n<td data-col-size=\"sm\" data-start=\"2956\" data-end=\"2998\">Aproximadamente 3,8 kg<\/td>\n<\/tr>\n<tr data-start=\"2999\" data-end=\"3069\">\n<td data-start=\"2999\" data-end=\"3027\" data-col-size=\"sm\"><strong data-start=\"3001\" data-end=\"3022\">Dimens\u00f5es (CxLxA)<\/strong><\/td>\n<td data-col-size=\"sm\" data-start=\"3027\" data-end=\"3069\">150 x 87 x 105 mm<\/td>\n<\/tr>\n<tr data-start=\"3070\" data-end=\"3140\">\n<td data-start=\"3070\" data-end=\"3098\" data-col-size=\"sm\"><strong data-start=\"3072\" data-end=\"3086\">Polaridade<\/strong><\/td>\n<td data-col-size=\"sm\" data-start=\"3098\" data-end=\"3140\">Positiva \u00e0 direita<\/td>\n<\/tr>\n<tr data-start=\"3141\" data-end=\"3211\">\n<td data-start=\"3141\" data-end=\"3169\" data-col-size=\"sm\"><strong data-start=\"3143\" data-end=\"3157\">Tecnologia<\/strong><\/td>\n<td data-col-size=\"sm\" data-start=\"3169\" data-end=\"3211\">AGM (selada, sem manuten\u00e7\u00e3o)<\/td>\n<\/tr>\n<tr data-start=\"3212\" data-end=\"3282\">\n<td data-start=\"3212\" data-end=\"3240\" data-col-size=\"sm\"><strong data-start=\"3214\" data-end=\"3226\">Garantia<\/strong><\/td>\n<td data-col-size=\"sm\" data-start=\"3240\" data-end=\"3282\">6 meses contra defeitos<\/td>\n<\/tr>\n<\/tbody>\n<\/table>\n<\/div>\n<\/div>\n","protected":false},"excerpt":{"rendered":"<h2 data-start=\"1163\" data-end=\"1191\"><strong data-start=\"1169\" data-end=\"1191\">Aplica\u00e7\u00f5es T\u00edpicas<\/strong><\/h2>\n<p data-start=\"1193\" data-end=\"1383\">A <strong data-start=\"1195\" data-end=\"1204\">MTX9A<\/strong> \u00e9 uma bateria indicada para motocicletas de <strong data-start=\"1249\" data-end=\"1258\">m\u00e9dia<\/strong> e <strong data-start=\"1261\" data-end=\"1282\">grande cilindrada<\/strong>, sendo amplamente utilizada em motos esportivas, de turismo e tamb\u00e9m em modelos de maior desempenho:<\/p>\n<ul data-start=\"1385\" data-end=\"1606\">\n<li data-start=\"1385\" data-end=\"1438\">\n<p data-start=\"1387\" data-end=\"1438\"><strong data-start=\"1387\" data-end=\"1397\">Honda:<\/strong> CBR 600, CB 500, CRF 250L, entre outras.<\/p>\n<\/li>\n<li data-start=\"1439\" data-end=\"1505\">\n<p data-start=\"1441\" data-end=\"1505\"><strong data-start=\"1441\" data-end=\"1452\">Yamaha:<\/strong> FZ6, YZF R6, FZ1, entre outras motos de m\u00e9dio porte.<\/p>\n<\/li>\n<li data-start=\"1506\" data-end=\"1558\">\n<p data-start=\"1508\" data-end=\"1558\"><strong data-start=\"1508\" data-end=\"1521\">Kawasaki:<\/strong> Ninja 650, Z800, Z900, entre outras.<\/p>\n<\/li>\n<li data-start=\"1559\" data-end=\"1606\">\n<p data-start=\"1561\" data-end=\"1606\"><strong data-start=\"1561\" data-end=\"1572\">Suzuki:<\/strong> GSX-R 600, GSX 750, entre outras.<\/p>\n<h2 data-start=\"2543\" data-end=\"2570\"><strong data-start=\"2549\" data-end=\"2570\">Resumo da Bateria<\/strong><\/h2>\n<div class=\"_tableContainer_80l1q_1\">\n<div class=\"_tableWrapper_80l1q_14 group flex w-fit flex-col-reverse\" tabindex=\"-1\">\n<table class=\"w-fit min-w-(--thread-content-width)\" data-start=\"2572\" data-end=\"3353\">\n<thead data-start=\"2572\" data-end=\"2641\">\n<tr data-start=\"2572\" data-end=\"2641\">\n<th data-start=\"2572\" data-end=\"2599\" data-col-size=\"sm\">Caracter\u00edstica<\/th>\n<th data-start=\"2599\" data-end=\"2641\" data-col-size=\"sm\">Detalhes<\/th>\n<\/tr>\n<\/thead>\n<tbody data-start=\"2712\" data-end=\"3353\">\n<tr data-start=\"2712\" data-end=\"2782\">\n<td data-start=\"2712\" data-end=\"2740\" data-col-size=\"sm\"><strong data-start=\"2714\" data-end=\"2732\">Tens\u00e3o nominal<\/strong><\/td>\n<td data-col-size=\"sm\" data-start=\"2740\" data-end=\"2782\">12V<\/td>\n<\/tr>\n<tr data-start=\"2783\" data-end=\"2853\">\n<td data-start=\"2783\" data-end=\"2811\" data-col-size=\"sm\"><strong data-start=\"2785\" data-end=\"2805\">Capacidade (C10)<\/strong><\/td>\n<td data-col-size=\"sm\" data-start=\"2811\" data-end=\"2853\">8 Ah<\/td>\n<\/tr>\n<tr data-start=\"2854\" data-end=\"2927\">\n<td data-start=\"2854\" data-end=\"2886\" data-col-size=\"sm\"><strong data-start=\"2856\" data-end=\"2885\">Corrente de partida (CCA)<\/strong><\/td>\n<td data-col-size=\"sm\" data-start=\"2886\" data-end=\"2927\">150A (a \u221210\u00b0C)<\/td>\n<\/tr>\n<tr data-start=\"2928\" data-end=\"2998\">\n<td data-start=\"2928\" data-end=\"2956\" data-col-size=\"sm\"><strong data-start=\"2930\" data-end=\"2938\">Peso<\/strong><\/td>\n<td data-col-size=\"sm\" data-start=\"2956\" data-end=\"2998\">Aproximadamente 3,8 kg<\/td>\n<\/tr>\n<tr data-start=\"2999\" data-end=\"3069\">\n<td data-start=\"2999\" data-end=\"3027\" data-col-size=\"sm\"><strong data-start=\"3001\" data-end=\"3022\">Dimens\u00f5es (CxLxA)<\/strong><\/td>\n<td data-col-size=\"sm\" data-start=\"3027\" data-end=\"3069\">150 x 87 x 105 mm<\/td>\n<\/tr>\n<tr data-start=\"3070\" data-end=\"3140\">\n<td data-start=\"3070\" data-end=\"3098\" data-col-size=\"sm\"><strong data-start=\"3072\" data-end=\"3086\">Polaridade<\/strong><\/td>\n<td data-col-size=\"sm\" data-start=\"3098\" data-end=\"3140\">Positiva \u00e0 direita<\/td>\n<\/tr>\n<tr data-start=\"3141\" data-end=\"3211\">\n<td data-start=\"3141\" data-end=\"3169\" data-col-size=\"sm\"><strong data-start=\"3143\" data-end=\"3157\">Tecnologia<\/strong><\/td>\n<td data-col-size=\"sm\" data-start=\"3169\" data-end=\"3211\">AGM (selada, sem manuten\u00e7\u00e3o)<\/td>\n<\/tr>\n<tr data-start=\"3212\" data-end=\"3282\">\n<td data-start=\"3212\" data-end=\"3240\" data-col-size=\"sm\"><strong data-start=\"3214\" data-end=\"3226\">Garantia<\/strong><\/td>\n<td data-col-size=\"sm\" data-start=\"3240\" data-end=\"3282\">6 meses contra defeitos<\/td>\n<\/tr>\n<\/tbody>\n<\/table>\n<\/div>\n<\/div>\n<\/li>\n<\/ul>\n","protected":false},"featured_media":14339,"comment_status":"open","ping_status":"closed","template":"","meta":{"_joinchat":[]},"product_brand":[271],"product_cat":[482,15],"product_tag":[],"class_list":{"0":"post-14183","1":"product","2":"type-product","3":"status-publish","4":"has-post-thumbnail","6":"product_brand-motobatt","7":"product_cat-moto-pecas","8":"product_cat-sem-categoria","9":"product_shipping_class-envionormal","11":"first","12":"instock","13":"shipping-taxable","14":"purchasable","15":"product-type-simple"},"_links":{"self":[{"href":"https:\/\/fullatacados.com.br\/index.php\/wp-json\/wp\/v2\/product\/14183","targetHints":{"allow":["GET"]}}],"collection":[{"href":"https:\/\/fullatacados.com.br\/index.php\/wp-json\/wp\/v2\/product"}],"about":[{"href":"https:\/\/fullatacados.com.br\/index.php\/wp-json\/wp\/v2\/types\/product"}],"replies":[{"embeddable":true,"href":"https:\/\/fullatacados.com.br\/index.php\/wp-json\/wp\/v2\/comments?post=14183"}],"wp:featuredmedia":[{"embeddable":true,"href":"https:\/\/fullatacados.com.br\/index.php\/wp-json\/wp\/v2\/media\/14339"}],"wp:attachment":[{"href":"https:\/\/fullatacados.com.br\/index.php\/wp-json\/wp\/v2\/media?parent=14183"}],"wp:term":[{"taxonomy":"product_brand","embeddable":true,"href":"https:\/\/fullatacados.com.br\/index.php\/wp-json\/wp\/v2\/product_brand?post=14183"},{"taxonomy":"product_cat","embeddable":true,"href":"https:\/\/fullatacados.com.br\/index.php\/wp-json\/wp\/v2\/product_cat?post=14183"},{"taxonomy":"product_tag","embeddable":true,"href":"https:\/\/fullatacados.com.br\/index.php\/wp-json\/wp\/v2\/product_tag?post=14183"}],"curies":[{"name":"wp","href":"https:\/\/api.w.org\/{rel}","templated":true}]}}