{"id":14181,"date":"2025-07-20T08:40:09","date_gmt":"2025-07-20T11:40:09","guid":{"rendered":"https:\/\/fullatacados.com.br\/index.php\/produto\/bateria-12v-motobatt-mtz6s-xre\/"},"modified":"2026-04-29T14:15:07","modified_gmt":"2026-04-29T17:15:07","slug":"bateria-12v-motobatt-mtz6s-xre","status":"publish","type":"product","link":"https:\/\/fullatacados.com.br\/index.php\/produto\/bateria-12v-motobatt-mtz6s-xre\/","title":{"rendered":"BATERIA 12V MOTOBATT MTZ6S XRE"},"content":{"rendered":"<h2 data-start=\"2350\" data-end=\"2377\"><strong data-start=\"2356\" data-end=\"2377\">Resumo da Bateria<\/strong><\/h2>\n<div class=\"_tableContainer_80l1q_1\">\n<div class=\"_tableWrapper_80l1q_14 group flex w-fit flex-col-reverse\" tabindex=\"-1\">\n<table class=\"w-fit min-w-(--thread-content-width)\" data-start=\"2379\" data-end=\"3160\">\n<thead data-start=\"2379\" data-end=\"2448\">\n<tr data-start=\"2379\" data-end=\"2448\">\n<th data-start=\"2379\" data-end=\"2406\" data-col-size=\"sm\">Caracter\u00edstica<\/th>\n<th data-start=\"2406\" data-end=\"2448\" data-col-size=\"sm\">Detalhes<\/th>\n<\/tr>\n<\/thead>\n<tbody data-start=\"2519\" data-end=\"3160\">\n<tr data-start=\"2519\" data-end=\"2589\">\n<td data-start=\"2519\" data-end=\"2547\" data-col-size=\"sm\"><strong data-start=\"2521\" data-end=\"2539\">Tens\u00e3o nominal<\/strong><\/td>\n<td data-col-size=\"sm\" data-start=\"2547\" data-end=\"2589\">12V<\/td>\n<\/tr>\n<tr data-start=\"2590\" data-end=\"2660\">\n<td data-start=\"2590\" data-end=\"2618\" data-col-size=\"sm\"><strong data-start=\"2592\" data-end=\"2612\">Capacidade (C10)<\/strong><\/td>\n<td data-col-size=\"sm\" data-start=\"2618\" data-end=\"2660\">5 Ah<\/td>\n<\/tr>\n<tr data-start=\"2661\" data-end=\"2734\">\n<td data-start=\"2661\" data-end=\"2693\" data-col-size=\"sm\"><strong data-start=\"2663\" data-end=\"2692\">Corrente de partida (CCA)<\/strong><\/td>\n<td data-col-size=\"sm\" data-start=\"2693\" data-end=\"2734\">~80A (a \u221210\u00b0C)<\/td>\n<\/tr>\n<tr data-start=\"2735\" data-end=\"2805\">\n<td data-start=\"2735\" data-end=\"2763\" data-col-size=\"sm\"><strong data-start=\"2737\" data-end=\"2745\">Peso<\/strong><\/td>\n<td data-col-size=\"sm\" data-start=\"2763\" data-end=\"2805\">Aproximadamente 2,2 kg<\/td>\n<\/tr>\n<tr data-start=\"2806\" data-end=\"2876\">\n<td data-start=\"2806\" data-end=\"2834\" data-col-size=\"sm\"><strong data-start=\"2808\" data-end=\"2829\">Dimens\u00f5es (CxLxA)<\/strong><\/td>\n<td data-col-size=\"sm\" data-start=\"2834\" data-end=\"2876\">134 x 70 x 106 mm<\/td>\n<\/tr>\n<tr data-start=\"2877\" data-end=\"2947\">\n<td data-start=\"2877\" data-end=\"2905\" data-col-size=\"sm\"><strong data-start=\"2879\" data-end=\"2893\">Polaridade<\/strong><\/td>\n<td data-col-size=\"sm\" data-start=\"2905\" data-end=\"2947\">Positiva \u00e0 direita<\/td>\n<\/tr>\n<tr data-start=\"2948\" data-end=\"3018\">\n<td data-start=\"2948\" data-end=\"2976\" data-col-size=\"sm\"><strong data-start=\"2950\" data-end=\"2964\">Tecnologia<\/strong><\/td>\n<td data-col-size=\"sm\" data-start=\"2976\" data-end=\"3018\">Gel (selada, sem manuten\u00e7\u00e3o)<\/td>\n<\/tr>\n<tr data-start=\"3019\" data-end=\"3089\">\n<td data-start=\"3019\" data-end=\"3047\" data-col-size=\"sm\"><strong data-start=\"3021\" data-end=\"3033\">Garantia<\/strong><\/td>\n<td data-col-size=\"sm\" data-start=\"3047\" data-end=\"3089\">6 meses contra defeitos<\/td>\n<\/tr>\n<tr data-start=\"3090\" data-end=\"3160\">\n<td data-start=\"3090\" data-end=\"3118\" data-col-size=\"sm\"><strong data-start=\"3092\" data-end=\"3114\">Aplica\u00e7\u00f5es t\u00edpicas<\/strong><\/td>\n<td data-col-size=\"sm\" data-start=\"3118\" data-end=\"3160\">Motos pequenas e m\u00e9dias, scooters<\/td>\n<\/tr>\n<\/tbody>\n<\/table>\n<\/div>\n<\/div>\n","protected":false},"excerpt":{"rendered":"<div class=\"flex basis-auto flex-col -mb-(--composer-overlap-px) [--composer-overlap-px:55px] grow overflow-hidden\">\n<div class=\"relative h-full\">\n<div class=\"flex h-full flex-col overflow-y-auto [scrollbar-gutter:stable_both-edges] @[84rem]\/thread:pt-(--header-height)\">\n<div class=\"@thread-xl\/thread:pt-header-height flex flex-col text-sm pb-25\">\n<article class=\"text-token-text-primary w-full focus:outline-none scroll-mt-[calc(var(--header-height)+min(200px,max(70px,20svh)))]\" dir=\"auto\" tabindex=\"-1\" data-testid=\"conversation-turn-16\" data-scroll-anchor=\"true\" data-turn=\"assistant\">\n<div class=\"text-base my-auto mx-auto pb-10 [--thread-content-margin:--spacing(4)] @[37rem]:[--thread-content-margin:--spacing(6)] @[72rem]:[--thread-content-margin:--spacing(16)] px-(--thread-content-margin)\">\n<div class=\"[--thread-content-max-width:32rem] @[34rem]:[--thread-content-max-width:40rem] @[64rem]:[--thread-content-max-width:48rem] mx-auto max-w-(--thread-content-max-width) flex-1 group\/turn-messages focus-visible:outline-hidden relative flex w-full min-w-0 flex-col agent-turn\" tabindex=\"-1\">\n<div class=\"flex max-w-full flex-col grow\">\n<div class=\"min-h-8 text-message relative flex w-full flex-col items-end gap-2 text-start break-words whitespace-normal [.text-message+&amp;]:mt-5\" dir=\"auto\" data-message-author-role=\"assistant\" data-message-id=\"7d886f2f-06e0-4c41-aca2-150804a6a0b5\" data-message-model-slug=\"gpt-4o\">\n<div class=\"flex w-full flex-col gap-1 empty:hidden first:pt-[3px]\">\n<div class=\"markdown prose dark:prose-invert w-full break-words dark\">\n<div class=\"_tableContainer_80l1q_1\">\n<div class=\"_tableWrapper_80l1q_14 group flex w-fit flex-col-reverse\" tabindex=\"-1\">\n<div class=\"sticky end-(--thread-content-margin) h-0 self-end select-none\">\n<div class=\"absolute end-0 flex items-end\">A <strong data-start=\"3169\" data-end=\"3178\">MTX6S<\/strong> \u00e9 uma \u00f3tima escolha para quem procura uma bateria de alta performance, com excelente resist\u00eancia a vibra\u00e7\u00f5es e temperaturas extremas.<\/div>\n<\/div>\n<\/div>\n<\/div>\n<\/div>\n<\/div>\n<\/div>\n<\/div>\n<\/div>\n<\/div>\n<\/article>\n<\/div>\n<\/div>\n<\/div>\n<\/div>\n","protected":false},"featured_media":14337,"comment_status":"open","ping_status":"closed","template":"","meta":{"_joinchat":[]},"product_brand":[271],"product_cat":[482,15],"product_tag":[],"class_list":{"0":"post-14181","1":"product","2":"type-product","3":"status-publish","4":"has-post-thumbnail","6":"product_brand-motobatt","7":"product_cat-moto-pecas","8":"product_cat-sem-categoria","9":"product_shipping_class-envionormal","11":"first","12":"instock","13":"shipping-taxable","14":"purchasable","15":"product-type-simple"},"_links":{"self":[{"href":"https:\/\/fullatacados.com.br\/index.php\/wp-json\/wp\/v2\/product\/14181","targetHints":{"allow":["GET"]}}],"collection":[{"href":"https:\/\/fullatacados.com.br\/index.php\/wp-json\/wp\/v2\/product"}],"about":[{"href":"https:\/\/fullatacados.com.br\/index.php\/wp-json\/wp\/v2\/types\/product"}],"replies":[{"embeddable":true,"href":"https:\/\/fullatacados.com.br\/index.php\/wp-json\/wp\/v2\/comments?post=14181"}],"wp:featuredmedia":[{"embeddable":true,"href":"https:\/\/fullatacados.com.br\/index.php\/wp-json\/wp\/v2\/media\/14337"}],"wp:attachment":[{"href":"https:\/\/fullatacados.com.br\/index.php\/wp-json\/wp\/v2\/media?parent=14181"}],"wp:term":[{"taxonomy":"product_brand","embeddable":true,"href":"https:\/\/fullatacados.com.br\/index.php\/wp-json\/wp\/v2\/product_brand?post=14181"},{"taxonomy":"product_cat","embeddable":true,"href":"https:\/\/fullatacados.com.br\/index.php\/wp-json\/wp\/v2\/product_cat?post=14181"},{"taxonomy":"product_tag","embeddable":true,"href":"https:\/\/fullatacados.com.br\/index.php\/wp-json\/wp\/v2\/product_tag?post=14181"}],"curies":[{"name":"wp","href":"https:\/\/api.w.org\/{rel}","templated":true}]}}