{"id":14180,"date":"2025-07-20T08:40:09","date_gmt":"2025-07-20T11:40:09","guid":{"rendered":"https:\/\/fullatacados.com.br\/index.php\/produto\/bateria-12v-motobatt-mbtx9u\/"},"modified":"2026-04-16T10:50:07","modified_gmt":"2026-04-16T13:50:07","slug":"bateria-12v-motobatt-mbtx9u","status":"publish","type":"product","link":"https:\/\/fullatacados.com.br\/index.php\/produto\/bateria-12v-motobatt-mbtx9u\/","title":{"rendered":"BATERIA 12V MOTOBATT MBTX9U"},"content":{"rendered":"","protected":false},"excerpt":{"rendered":"<div class=\"flex basis-auto flex-col -mb-(--composer-overlap-px) [--composer-overlap-px:55px] grow overflow-hidden\">\n<div class=\"relative h-full\">\n<div class=\"flex h-full flex-col overflow-y-auto [scrollbar-gutter:stable_both-edges] @[84rem]\/thread:pt-(--header-height)\">\n<div class=\"@thread-xl\/thread:pt-header-height flex flex-col text-sm pb-25\">\n<article class=\"text-token-text-primary w-full focus:outline-none scroll-mt-[calc(var(--header-height)+min(200px,max(70px,20svh)))]\" dir=\"auto\" tabindex=\"-1\" data-testid=\"conversation-turn-14\" data-scroll-anchor=\"true\" data-turn=\"assistant\">\n<div class=\"text-base my-auto mx-auto pb-10 [--thread-content-margin:--spacing(4)] @[37rem]:[--thread-content-margin:--spacing(6)] @[72rem]:[--thread-content-margin:--spacing(16)] px-(--thread-content-margin)\">\n<div class=\"[--thread-content-max-width:32rem] @[34rem]:[--thread-content-max-width:40rem] @[64rem]:[--thread-content-max-width:48rem] mx-auto max-w-(--thread-content-max-width) flex-1 group\/turn-messages focus-visible:outline-hidden relative flex w-full min-w-0 flex-col agent-turn\" tabindex=\"-1\">\n<div class=\"flex max-w-full flex-col grow\">\n<div class=\"min-h-8 text-message relative flex w-full flex-col items-end gap-2 text-start break-words whitespace-normal [.text-message+&amp;]:mt-5\" dir=\"auto\" data-message-author-role=\"assistant\" data-message-id=\"6a35683d-1cd3-4879-a922-30a91d6990b1\" data-message-model-slug=\"gpt-4o\">\n<div class=\"flex w-full flex-col gap-1 empty:hidden first:pt-[3px]\">\n<div class=\"markdown prose dark:prose-invert w-full break-words dark\">\n<h2 data-start=\"2256\" data-end=\"2283\"><strong data-start=\"2262\" data-end=\"2283\">Resumo da Bateria<\/strong><\/h2>\n<div class=\"_tableContainer_80l1q_1\">\n<div class=\"_tableWrapper_80l1q_14 group flex w-fit flex-col-reverse\" tabindex=\"-1\">\n<table class=\"w-fit min-w-(--thread-content-width)\" data-start=\"2285\" data-end=\"3066\">\n<thead data-start=\"2285\" data-end=\"2354\">\n<tr data-start=\"2285\" data-end=\"2354\">\n<th data-start=\"2285\" data-end=\"2312\" data-col-size=\"sm\">Caracter\u00edstica<\/th>\n<th data-start=\"2312\" data-end=\"2354\" data-col-size=\"sm\">Detalhes<\/th>\n<\/tr>\n<\/thead>\n<tbody data-start=\"2425\" data-end=\"3066\">\n<tr data-start=\"2425\" data-end=\"2495\">\n<td data-start=\"2425\" data-end=\"2453\" data-col-size=\"sm\"><strong data-start=\"2427\" data-end=\"2445\">Tens\u00e3o nominal<\/strong><\/td>\n<td data-col-size=\"sm\" data-start=\"2453\" data-end=\"2495\">12V<\/td>\n<\/tr>\n<tr data-start=\"2496\" data-end=\"2566\">\n<td data-start=\"2496\" data-end=\"2524\" data-col-size=\"sm\"><strong data-start=\"2498\" data-end=\"2518\">Capacidade (C10)<\/strong><\/td>\n<td data-col-size=\"sm\" data-start=\"2524\" data-end=\"2566\">8 Ah<\/td>\n<\/tr>\n<tr data-start=\"2567\" data-end=\"2640\">\n<td data-start=\"2567\" data-end=\"2599\" data-col-size=\"sm\"><strong data-start=\"2569\" data-end=\"2598\">Corrente de partida (CCA)<\/strong><\/td>\n<td data-col-size=\"sm\" data-start=\"2599\" data-end=\"2640\">150A (a \u221210\u00b0C)<\/td>\n<\/tr>\n<tr data-start=\"2641\" data-end=\"2711\">\n<td data-start=\"2641\" data-end=\"2669\" data-col-size=\"sm\"><strong data-start=\"2643\" data-end=\"2651\">Peso<\/strong><\/td>\n<td data-col-size=\"sm\" data-start=\"2669\" data-end=\"2711\">Aproximadamente 4,0 kg<\/td>\n<\/tr>\n<tr data-start=\"2712\" data-end=\"2782\">\n<td data-start=\"2712\" data-end=\"2740\" data-col-size=\"sm\"><strong data-start=\"2714\" data-end=\"2735\">Dimens\u00f5es (CxLxA)<\/strong><\/td>\n<td data-col-size=\"sm\" data-start=\"2740\" data-end=\"2782\">150 x 87 x 105 mm<\/td>\n<\/tr>\n<tr data-start=\"2783\" data-end=\"2853\">\n<td data-start=\"2783\" data-end=\"2811\" data-col-size=\"sm\"><strong data-start=\"2785\" data-end=\"2799\">Polaridade<\/strong><\/td>\n<td data-col-size=\"sm\" data-start=\"2811\" data-end=\"2853\">Positiva \u00e0 direita<\/td>\n<\/tr>\n<tr data-start=\"2854\" data-end=\"2924\">\n<td data-start=\"2854\" data-end=\"2882\" data-col-size=\"sm\"><strong data-start=\"2856\" data-end=\"2870\">Tecnologia<\/strong><\/td>\n<td data-col-size=\"sm\" data-start=\"2882\" data-end=\"2924\">AGM (selada, sem manuten\u00e7\u00e3o)<\/td>\n<\/tr>\n<tr data-start=\"2925\" data-end=\"2995\">\n<td data-start=\"2925\" data-end=\"2953\" data-col-size=\"sm\"><strong data-start=\"2927\" data-end=\"2939\">Garantia<\/strong><\/td>\n<td data-col-size=\"sm\" data-start=\"2953\" data-end=\"2995\">6 meses contra defeitos<\/td>\n<\/tr>\n<tr data-start=\"2996\" data-end=\"3066\">\n<td data-start=\"2996\" data-end=\"3024\" data-col-size=\"sm\"><strong data-start=\"2998\" data-end=\"3020\">Aplica\u00e7\u00f5es t\u00edpicas<\/strong><\/td>\n<td data-col-size=\"sm\" data-start=\"3024\" data-end=\"3066\">Motos de m\u00e9dia e grande cilindrada<\/td>\n<\/tr>\n<\/tbody>\n<\/table>\n<div class=\"sticky end-(--thread-content-margin) h-0 self-end select-none\">\n<div class=\"absolute end-0 flex items-end\"><\/div>\n<\/div>\n<\/div>\n<\/div>\n<p data-start=\"3073\" data-end=\"3267\">\n<\/div>\n<\/div>\n<\/div>\n<\/div>\n<\/div>\n<\/div>\n<\/article>\n<\/div>\n<\/div>\n<\/div>\n<\/div>\n","protected":false},"featured_media":14341,"comment_status":"open","ping_status":"closed","template":"","meta":{"_joinchat":[]},"product_brand":[271],"product_cat":[482,15],"product_tag":[],"class_list":{"0":"post-14180","1":"product","2":"type-product","3":"status-publish","4":"has-post-thumbnail","6":"product_brand-motobatt","7":"product_cat-moto-pecas","8":"product_cat-sem-categoria","9":"product_shipping_class-envionormal","11":"first","12":"instock","13":"shipping-taxable","14":"purchasable","15":"product-type-simple"},"_links":{"self":[{"href":"https:\/\/fullatacados.com.br\/index.php\/wp-json\/wp\/v2\/product\/14180","targetHints":{"allow":["GET"]}}],"collection":[{"href":"https:\/\/fullatacados.com.br\/index.php\/wp-json\/wp\/v2\/product"}],"about":[{"href":"https:\/\/fullatacados.com.br\/index.php\/wp-json\/wp\/v2\/types\/product"}],"replies":[{"embeddable":true,"href":"https:\/\/fullatacados.com.br\/index.php\/wp-json\/wp\/v2\/comments?post=14180"}],"wp:featuredmedia":[{"embeddable":true,"href":"https:\/\/fullatacados.com.br\/index.php\/wp-json\/wp\/v2\/media\/14341"}],"wp:attachment":[{"href":"https:\/\/fullatacados.com.br\/index.php\/wp-json\/wp\/v2\/media?parent=14180"}],"wp:term":[{"taxonomy":"product_brand","embeddable":true,"href":"https:\/\/fullatacados.com.br\/index.php\/wp-json\/wp\/v2\/product_brand?post=14180"},{"taxonomy":"product_cat","embeddable":true,"href":"https:\/\/fullatacados.com.br\/index.php\/wp-json\/wp\/v2\/product_cat?post=14180"},{"taxonomy":"product_tag","embeddable":true,"href":"https:\/\/fullatacados.com.br\/index.php\/wp-json\/wp\/v2\/product_tag?post=14180"}],"curies":[{"name":"wp","href":"https:\/\/api.w.org\/{rel}","templated":true}]}}