{"id":14178,"date":"2025-07-20T08:40:08","date_gmt":"2025-07-20T11:40:08","guid":{"rendered":"https:\/\/fullatacados.com.br\/index.php\/produto\/bateria-12v-motobatt-mbtx30uhd\/"},"modified":"2026-03-27T09:15:07","modified_gmt":"2026-03-27T12:15:07","slug":"bateria-12v-motobatt-mbtx30uhd","status":"publish","type":"product","link":"https:\/\/fullatacados.com.br\/index.php\/produto\/bateria-12v-motobatt-mbtx30uhd\/","title":{"rendered":"BATERIA 12V MOTOBATT MBTX30UHD"},"content":{"rendered":"<ul>\n<li data-start=\"321\" data-end=\"440\">\n<p data-start=\"323\" data-end=\"360\"><span class=\"relative -mx-px my-[-0.2rem] rounded px-px py-[0.2rem] transition-colors duration-100 ease-in-out\"><strong data-start=\"0\" data-end=\"35\" data-is-only-node=\"\">BMW modelos \u201cR\u201d e \u201cK\u201d cl\u00e1ssicos<\/strong> como:<\/span><\/p>\n<ul data-start=\"363\" data-end=\"440\">\n<li data-start=\"363\" data-end=\"440\">\n<p data-start=\"365\" data-end=\"440\"><span class=\"relative -mx-px my-[-0.2rem] rounded px-px py-[0.2rem] transition-colors duration-100 ease-in-out\">R60, R65, R75\/6, R75\/7, R80\/7, R80RT, R90\/6, R100\/7, R100GS, R100RT (anos 1969\u20131995)<\/span> <span class=\"\" data-state=\"closed\"><span class=\"ms-1 inline-flex max-w-full items-center relative top-[-0.094rem] animate-[show_150ms_ease-in]\"><a class=\"flex h-4.5 overflow-hidden rounded-xl px-2 text-[9px] font-medium text-token-text-secondary! bg-[#F4F4F4]! dark:bg-[#303030]! transition-colors duration-150 ease-in-out\" href=\"https:\/\/www.battery2batteries.com\/motobatt-mbtx30uhd-battery-agm-sealed-for-motorcycle-powersport\/?srsltid=AfmBOopGewui_DcTihv8qI2tj-Rqh11HkFBCV6VBRNTFcUvrBqDvy9ex&amp;utm_source=chatgpt.com\" target=\"_blank\" rel=\"noopener\"><span class=\"relative start-0 bottom-0 flex h-full w-full items-center\"><span class=\"flex h-4 w-full items-center justify-between\"><span class=\"max-w-full grow truncate overflow-hidden text-center\">battery2batteries.com<\/span><span class=\"-me-1 flex h-full items-center rounded-full px-1 text-[#8F8F8F]\">+1<\/span><\/span><span class=\"flex h-4 w-full items-center justify-between absolute\"><span class=\"max-w-full grow truncate overflow-hidden text-center\">motorworks.co.uk<\/span><span class=\"-me-1 flex h-full items-center rounded-full px-1 text-[#8F8F8F]\">+1<\/span><\/span><\/span><\/a><\/span><\/span><\/p>\n<\/li>\n<\/ul>\n<\/li>\n<li data-start=\"441\" data-end=\"520\">\n<p data-start=\"443\" data-end=\"520\"><span class=\"relative -mx-px my-[-0.2rem] rounded px-px py-[0.2rem] transition-colors duration-100 ease-in-out\"><strong data-start=\"0\" data-end=\"12\" data-is-only-node=\"\">Kawasaki<\/strong> Voyager ZN1300\u2011A (1983\u20131988; 1300\u202fcc)<\/span> <span class=\"\" data-state=\"closed\"><span class=\"ms-1 inline-flex max-w-full items-center relative top-[-0.094rem] animate-[show_150ms_ease-in]\"><a class=\"flex h-4.5 overflow-hidden rounded-xl px-2 text-[9px] font-medium text-token-text-secondary! bg-[#F4F4F4]! dark:bg-[#303030]! transition-colors duration-150 ease-in-out\" href=\"https:\/\/www.battery2batteries.com\/motobatt-mbtx30uhd-battery-agm-sealed-for-motorcycle-powersport\/?srsltid=AfmBOopGewui_DcTihv8qI2tj-Rqh11HkFBCV6VBRNTFcUvrBqDvy9ex&amp;utm_source=chatgpt.com\" target=\"_blank\" rel=\"noopener\"><span class=\"relative start-0 bottom-0 flex h-full w-full items-center\"><span class=\"flex h-4 w-full items-center justify-between overflow-hidden\"><span class=\"max-w-full grow truncate overflow-hidden text-center\">battery2batteries.com<\/span><\/span><\/span><\/a><\/span><\/span><\/p>\n<\/li>\n<li data-start=\"521\" data-end=\"602\">\n<p data-start=\"523\" data-end=\"602\"><span class=\"relative -mx-px my-[-0.2rem] rounded px-px py-[0.2rem] transition-colors duration-100 ease-in-out\"><strong data-start=\"0\" data-end=\"10\" data-is-only-node=\"\">Ducati<\/strong> modelos GT, GTS e Laguna Seca (750\u2013860\u202fcc)<\/span> <span class=\"\" data-state=\"closed\"><span class=\"ms-1 inline-flex max-w-full items-center relative top-[-0.094rem] animate-[show_150ms_ease-in]\"><a class=\"flex h-4.5 overflow-hidden rounded-xl px-2 text-[9px] font-medium text-token-text-secondary! bg-[#F4F4F4]! dark:bg-[#303030]! transition-colors duration-150 ease-in-out\" href=\"https:\/\/www.battery2batteries.com\/motobatt-mbtx30uhd-battery-agm-sealed-for-motorcycle-powersport\/?srsltid=AfmBOopGewui_DcTihv8qI2tj-Rqh11HkFBCV6VBRNTFcUvrBqDvy9ex&amp;utm_source=chatgpt.com\" target=\"_blank\" rel=\"noopener\"><span class=\"relative start-0 bottom-0 flex h-full w-full items-center\"><span class=\"flex h-4 w-full items-center justify-between overflow-hidden\"><span class=\"max-w-full grow truncate overflow-hidden text-center\">battery2batteries.com<\/span><\/span><\/span><\/a><\/span><\/span><\/p>\n<\/li>\n<li data-start=\"603\" data-end=\"684\">\n<p data-start=\"605\" data-end=\"684\"><span class=\"relative -mx-px my-[-0.2rem] rounded px-px py-[0.2rem] transition-colors duration-100 ease-in-out\"><strong data-start=\"0\" data-end=\"14\" data-is-only-node=\"\">Moto Guzzi<\/strong> (Stone, V11, California III, Le Mans, Mille, Quota, T3\/T4\/T5, V7, V50\/65) entre cerca de 1989 e 2005<\/span> <span class=\"\" data-state=\"closed\"><span class=\"ms-1 inline-flex max-w-full items-center relative top-[-0.094rem] animate-[show_150ms_ease-in]\"><a class=\"flex h-4.5 overflow-hidden rounded-xl px-2 text-[9px] font-medium text-token-text-secondary! bg-[#F4F4F4]! dark:bg-[#303030]! transition-colors duration-150 ease-in-out\" href=\"https:\/\/www.battery2batteries.com\/motobatt-mbtx30uhd-battery-agm-sealed-for-motorcycle-powersport\/?srsltid=AfmBOopGewui_DcTihv8qI2tj-Rqh11HkFBCV6VBRNTFcUvrBqDvy9ex&amp;utm_source=chatgpt.com\" target=\"_blank\" rel=\"noopener\"><span class=\"relative start-0 bottom-0 flex h-full w-full items-center\"><span class=\"flex h-4 w-full items-center justify-between overflow-hidden\"><span class=\"max-w-full grow truncate overflow-hidden text-center\">battery2batteries.com<\/span><\/span><\/span><\/a><\/span><\/span><\/p>\n<\/li>\n<li data-start=\"685\" data-end=\"766\">\n<p data-start=\"687\" data-end=\"766\"><span class=\"relative -mx-px my-[-0.2rem] rounded px-px py-[0.2rem] transition-colors duration-100 ease-in-out\"><strong data-start=\"0\" data-end=\"15\" data-is-only-node=\"\">Benelli 900<\/strong> (seis cilindros)<\/span> <span class=\"\" data-state=\"closed\"><span class=\"ms-1 inline-flex max-w-full items-center relative top-[-0.094rem] animate-[show_150ms_ease-in]\"><a class=\"flex h-4.5 overflow-hidden rounded-xl px-2 text-[9px] font-medium text-token-text-secondary! bg-[#F4F4F4]! dark:bg-[#303030]! transition-colors duration-150 ease-in-out\" href=\"https:\/\/www.battery2batteries.com\/motobatt-mbtx30uhd-battery-agm-sealed-for-motorcycle-powersport\/?srsltid=AfmBOopGewui_DcTihv8qI2tj-Rqh11HkFBCV6VBRNTFcUvrBqDvy9ex&amp;utm_source=chatgpt.com\" target=\"_blank\" rel=\"noopener\"><span class=\"relative start-0 bottom-0 flex h-full w-full items-center\"><span class=\"flex h-4 w-full items-center justify-between overflow-hidden\"><span class=\"max-w-full grow truncate overflow-hidden text-center\">battery2batteries.com<\/span><\/span><\/span><\/a><\/span><\/span><\/p>\n<\/li>\n<li data-start=\"767\" data-end=\"848\">\n<div class=\"flex basis-auto flex-col -mb-(--composer-overlap-px) [--composer-overlap-px:55px] grow overflow-hidden\">\n<div class=\"relative h-full\">\n<div class=\"flex h-full flex-col overflow-y-auto [scrollbar-gutter:stable_both-edges] @[84rem]\/thread:pt-(--header-height)\">\n<div class=\"@thread-xl\/thread:pt-header-height flex flex-col text-sm pb-25\">\n<article class=\"text-token-text-primary w-full focus:outline-none scroll-mt-[calc(var(--header-height)+min(200px,max(70px,20svh)))]\" dir=\"auto\" tabindex=\"-1\" data-testid=\"conversation-turn-6\" data-scroll-anchor=\"false\" data-turn=\"assistant\">\n<div class=\"text-base my-auto mx-auto [--thread-content-margin:--spacing(4)] @[37rem]:[--thread-content-margin:--spacing(6)] @[72rem]:[--thread-content-margin:--spacing(16)] px-(--thread-content-margin)\">\n<div class=\"[--thread-content-max-width:32rem] @[34rem]:[--thread-content-max-width:40rem] @[64rem]:[--thread-content-max-width:48rem] mx-auto max-w-(--thread-content-max-width) flex-1 group\/turn-messages focus-visible:outline-hidden relative flex w-full min-w-0 flex-col agent-turn\" tabindex=\"-1\">\n<div class=\"flex max-w-full flex-col grow\">\n<div class=\"min-h-8 text-message relative flex w-full flex-col items-end gap-2 text-start break-words whitespace-normal [.text-message+&amp;]:mt-5\" dir=\"auto\" data-message-author-role=\"assistant\" data-message-id=\"d9bc4ce5-6067-4f3c-8edb-d4cf211bb819\" data-message-model-slug=\"gpt-4o\">\n<div class=\"flex w-full flex-col gap-1 empty:hidden first:pt-[3px]\">\n<div class=\"markdown prose dark:prose-invert w-full break-words dark\">\n<h2 data-start=\"1741\" data-end=\"1758\">\u2705 Resumo geral<\/h2>\n<div class=\"_tableContainer_80l1q_1\">\n<div class=\"_tableWrapper_80l1q_14 group flex w-fit flex-col-reverse\" tabindex=\"-1\">\n<table class=\"w-fit min-w-(--thread-content-width)\" data-start=\"1760\" data-end=\"2321\">\n<thead data-start=\"1760\" data-end=\"1815\">\n<tr data-start=\"1760\" data-end=\"1815\">\n<th data-start=\"1760\" data-end=\"1782\" data-col-size=\"sm\">Caracter\u00edstica<\/th>\n<th data-start=\"1782\" data-end=\"1815\" data-col-size=\"sm\">Valor<\/th>\n<\/tr>\n<\/thead>\n<tbody data-start=\"1872\" data-end=\"2321\">\n<tr data-start=\"1872\" data-end=\"1927\">\n<td data-start=\"1872\" data-end=\"1894\" data-col-size=\"sm\">Tens\u00e3o<\/td>\n<td data-start=\"1894\" data-end=\"1927\" data-col-size=\"sm\">12\u202fV<\/td>\n<\/tr>\n<tr data-start=\"1928\" data-end=\"1983\">\n<td data-start=\"1928\" data-end=\"1950\" data-col-size=\"sm\">Capacidade (20\u202fh)<\/td>\n<td data-start=\"1950\" data-end=\"1983\" data-col-size=\"sm\">35\u202fAh<\/td>\n<\/tr>\n<tr data-start=\"1984\" data-end=\"2039\">\n<td data-start=\"1984\" data-end=\"2006\" data-col-size=\"sm\">CCA (\u221218\u202f\u00b0C)<\/td>\n<td data-col-size=\"sm\" data-start=\"2006\" data-end=\"2039\">450\u202fA<\/td>\n<\/tr>\n<tr data-start=\"2040\" data-end=\"2095\">\n<td data-start=\"2040\" data-end=\"2062\" data-col-size=\"sm\">Peso<\/td>\n<td data-start=\"2062\" data-end=\"2095\" data-col-size=\"sm\">~10\u202fkg<\/td>\n<\/tr>\n<tr data-start=\"2096\" data-end=\"2151\">\n<td data-start=\"2096\" data-end=\"2118\" data-col-size=\"sm\">Dimens\u00f5es (L\u00d7W\u00d7H)<\/td>\n<td data-col-size=\"sm\" data-start=\"2118\" data-end=\"2151\">166 \u00d7 126 \u00d7 175\u202fmm<\/td>\n<\/tr>\n<tr data-start=\"2152\" data-end=\"2209\">\n<td data-start=\"2152\" data-end=\"2174\" data-col-size=\"sm\">Tipo de bateria<\/td>\n<td data-col-size=\"sm\" data-start=\"2174\" data-end=\"2209\">AGM selada, livre de manuten\u00e7\u00e3o<\/td>\n<\/tr>\n<tr data-start=\"2210\" data-end=\"2265\">\n<td data-start=\"2210\" data-end=\"2232\" data-col-size=\"sm\">Terminais<\/td>\n<td data-start=\"2232\" data-end=\"2265\" data-col-size=\"sm\">QuadFlex \/ m\u00faltiplas posi\u00e7\u00f5es<\/td>\n<\/tr>\n<tr data-start=\"2266\" data-end=\"2321\">\n<td data-start=\"2266\" data-end=\"2288\" data-col-size=\"sm\">Garantia<\/td>\n<td data-col-size=\"sm\" data-start=\"2288\" data-end=\"2321\">12 MESES<\/td>\n<\/tr>\n<\/tbody>\n<\/table>\n<\/div>\n<\/div>\n<\/div>\n<\/div>\n<\/div>\n<\/div>\n<\/div>\n<\/div>\n<\/article>\n<article class=\"text-token-text-primary w-full focus:outline-none scroll-mt-[calc(var(--header-height)+min(200px,max(70px,20svh)))]\" dir=\"auto\" tabindex=\"-1\" data-testid=\"conversation-turn-8\" data-scroll-anchor=\"true\" data-turn=\"assistant\">\n<div class=\"text-base my-auto mx-auto pb-10 [--thread-content-margin:--spacing(4)] @[37rem]:[--thread-content-margin:--spacing(6)] @[72rem]:[--thread-content-margin:--spacing(16)] px-(--thread-content-margin)\">\n<div class=\"[--thread-content-max-width:32rem] @[34rem]:[--thread-content-max-width:40rem] @[64rem]:[--thread-content-max-width:48rem] mx-auto max-w-(--thread-content-max-width) flex-1 group\/turn-messages focus-visible:outline-hidden relative flex w-full min-w-0 flex-col agent-turn\" tabindex=\"-1\">\n<div class=\"flex max-w-full flex-col grow\">\n<div class=\"min-h-8 text-message relative flex w-full flex-col items-end gap-2 text-start break-words whitespace-normal [.text-message+&amp;]:mt-5\" dir=\"auto\" data-message-author-role=\"assistant\" data-message-id=\"fa83422d-dc13-444c-80d4-600c739339a3\" data-message-model-slug=\"gpt-4o\">\n<div class=\"flex w-full flex-col gap-1 empty:hidden first:pt-[3px]\">\n<div class=\"markdown prose dark:prose-invert w-full break-words dark\"><\/div>\n<\/div>\n<\/div>\n<\/div>\n<\/div>\n<\/div>\n<\/article>\n<\/div>\n<\/div>\n<\/div>\n<\/div>\n<div id=\"thread-bottom-container\" class=\"content-fade relative isolate z-10 w-full basis-auto has-data-has-thread-error:pt-2 has-data-has-thread-error:[box-shadow:var(--sharp-edge-bottom-shadow)] md:border-transparent md:pt-0 dark:border-white\/20 md:dark:border-transparent flex flex-col\">\n<div id=\"thread-bottom\">\n<div class=\"text-base mx-auto [--thread-content-margin:--spacing(4)] @[37rem]:[--thread-content-margin:--spacing(6)] @[72rem]:[--thread-content-margin:--spacing(16)] px-(--thread-content-margin)\"><\/div>\n<\/div>\n<\/div>\n<\/li>\n<\/ul>\n","protected":false},"excerpt":{"rendered":"<p>BMW modelos \u201cR\u201d e \u201cK\u201d cl\u00e1ssicos como: R60, R65, R75\/6, R75\/7, R80\/7, R80RT, R90\/6, R100\/7, R100GS, R100RT (anos 1969\u20131995) battery2batteries.com+1motorworks.co.uk+1 Kawasaki Voyager ZN1300\u2011A (1983\u20131988; 1300\u202fcc) battery2batteries.com Ducati modelos GT, GTS e Laguna Seca (750\u2013860\u202fcc) battery2batteries.com Moto Guzzi (Stone, V11, California III, Le Mans, Mille, Quota, T3\/T4\/T5, V7, V50\/65) entre cerca de 1989 e 2005 battery2batteries.com [&hellip;]<\/p>\n","protected":false},"featured_media":14341,"comment_status":"open","ping_status":"closed","template":"","meta":{"_joinchat":[]},"product_brand":[271],"product_cat":[482,15],"product_tag":[],"class_list":{"0":"post-14178","1":"product","2":"type-product","3":"status-publish","4":"has-post-thumbnail","6":"product_brand-motobatt","7":"product_cat-moto-pecas","8":"product_cat-sem-categoria","9":"product_shipping_class-envionormal","11":"first","12":"instock","13":"shipping-taxable","14":"purchasable","15":"product-type-simple"},"_links":{"self":[{"href":"https:\/\/fullatacados.com.br\/index.php\/wp-json\/wp\/v2\/product\/14178","targetHints":{"allow":["GET"]}}],"collection":[{"href":"https:\/\/fullatacados.com.br\/index.php\/wp-json\/wp\/v2\/product"}],"about":[{"href":"https:\/\/fullatacados.com.br\/index.php\/wp-json\/wp\/v2\/types\/product"}],"replies":[{"embeddable":true,"href":"https:\/\/fullatacados.com.br\/index.php\/wp-json\/wp\/v2\/comments?post=14178"}],"wp:featuredmedia":[{"embeddable":true,"href":"https:\/\/fullatacados.com.br\/index.php\/wp-json\/wp\/v2\/media\/14341"}],"wp:attachment":[{"href":"https:\/\/fullatacados.com.br\/index.php\/wp-json\/wp\/v2\/media?parent=14178"}],"wp:term":[{"taxonomy":"product_brand","embeddable":true,"href":"https:\/\/fullatacados.com.br\/index.php\/wp-json\/wp\/v2\/product_brand?post=14178"},{"taxonomy":"product_cat","embeddable":true,"href":"https:\/\/fullatacados.com.br\/index.php\/wp-json\/wp\/v2\/product_cat?post=14178"},{"taxonomy":"product_tag","embeddable":true,"href":"https:\/\/fullatacados.com.br\/index.php\/wp-json\/wp\/v2\/product_tag?post=14178"}],"curies":[{"name":"wp","href":"https:\/\/api.w.org\/{rel}","templated":true}]}}