{"id":14177,"date":"2025-07-20T08:40:08","date_gmt":"2025-07-20T11:40:08","guid":{"rendered":"https:\/\/fullatacados.com.br\/index.php\/produto\/bateria-12v-motobatt-mbtx14au\/"},"modified":"2026-02-13T10:45:07","modified_gmt":"2026-02-13T13:45:07","slug":"bateria-12v-motobatt-mbtx14au","status":"publish","type":"product","link":"https:\/\/fullatacados.com.br\/index.php\/produto\/bateria-12v-motobatt-mbtx14au\/","title":{"rendered":"BATERIA 12V MOTOBATT MBTX14AU"},"content":{"rendered":"<p data-start=\"1123\" data-end=\"1162\"><span class=\"relative -mx-px my-[-0.2rem] rounded px-px py-[0.2rem] transition-colors duration-100 ease-in-out\"> <strong data-start=\"2\" data-end=\"14\">MBTX14AU<\/strong> substitui diversos modelos originais da Yuasa e outras marcas (como YTX14AH, YTX14AHL, 12N14\u20113A\/B, YB14L\u2011A2\/B2, etc.) e \u00e9 usada em motocicletas cl\u00e1ssicas, scooters e ve\u00edculos ATV\/UTV.<\/span><\/p>\n<h3 data-start=\"1164\" data-end=\"1203\">Exemplos de aplica\u00e7\u00f5es compat\u00edveis:<\/h3>\n<ul data-start=\"1204\" data-end=\"1985\">\n<li data-start=\"1204\" data-end=\"1287\">\n<p data-start=\"1206\" data-end=\"1287\"><span class=\"relative -mx-px my-[-0.2rem] rounded px-px py-[0.2rem] transition-colors duration-100 ease-in-out\"><strong data-start=\"0\" data-end=\"10\" data-is-only-node=\"\">Yamaha<\/strong>: XS650 (1975\u20131983), XS750 (1977\u20131979), XS850 (1980\u20131981), XZ550R Vision (1982\u20131983)<\/span><\/p>\n<\/li>\n<li data-start=\"1204\" data-end=\"1287\">\n<p data-start=\"1206\" data-end=\"1287\"><span class=\"relative -mx-px my-[-0.2rem] rounded px-px py-[0.2rem] transition-colors duration-100 ease-in-out\"><strong data-start=\"0\" data-end=\"10\" data-is-only-node=\"\">Ducati<\/strong>: Indiana, Pantah, Supersport\/Replica, TL (anos 80 e come\u00e7o 90)<\/span><\/p>\n<\/li>\n<li data-start=\"1372\" data-end=\"1455\">\n<p data-start=\"1374\" data-end=\"1455\"><span class=\"relative -mx-px my-[-0.2rem] rounded px-px py-[0.2rem] transition-colors duration-100 ease-in-out\"><strong data-start=\"0\" data-end=\"12\" data-is-only-node=\"\">Kawasaki<\/strong>: Ninja ZX\u20117 (ZX750\u2011F e ZX750\u2011H) dos anos 1987\u20131990<\/span><\/p>\n<\/li>\n<li data-start=\"1456\" data-end=\"1539\">\n<p data-start=\"1458\" data-end=\"1539\"><span class=\"relative -mx-px my-[-0.2rem] rounded px-px py-[0.2rem] transition-colors duration-100 ease-in-out\"><strong data-start=\"0\" data-end=\"14\" data-is-only-node=\"\">Moto Guzzi<\/strong>: Breva (2004\u20132009)<\/span><\/p>\n<\/li>\n<li data-start=\"1540\" data-end=\"1623\">\n<p data-start=\"1542\" data-end=\"1623\"><span class=\"relative -mx-px my-[-0.2rem] rounded px-px py-[0.2rem] transition-colors duration-100 ease-in-out\"><strong data-start=\"0\" data-end=\"10\" data-is-only-node=\"\">Norton<\/strong>: Commando (todos os anos)<\/span><\/p>\n<\/li>\n<li data-start=\"1540\" data-end=\"1623\">\n<p data-start=\"1542\" data-end=\"1623\"><span class=\"relative -mx-px my-[-0.2rem] rounded px-px py-[0.2rem] transition-colors duration-100 ease-in-out\"><strong data-start=\"0\" data-end=\"11\" data-is-only-node=\"\">Polaris<\/strong>: diversos modelos com partida el\u00e9trica (ATVs, UTVs) entre 1985 e 2005<\/span><\/p>\n<\/li>\n<li data-start=\"1708\" data-end=\"1791\">\n<p data-start=\"1710\" data-end=\"1791\"><span class=\"relative -mx-px my-[-0.2rem] rounded px-px py-[0.2rem] transition-colors duration-100 ease-in-out\"><strong data-start=\"0\" data-end=\"19\" data-is-only-node=\"\">Harley-Davidson<\/strong>: modelo MT500 militar (todas as vers\u00f5es)<\/span><\/p>\n<\/li>\n<li data-start=\"1792\" data-end=\"1985\">\n<p data-start=\"1794\" data-end=\"1985\"><strong data-start=\"1794\" data-end=\"1803\">Honda<\/strong>, <strong data-start=\"1805\" data-end=\"1815\">Suzuki<\/strong> e outras marcas que utilizam os padr\u00f5es de baterias listados acima (BTX14AHL\u2011BS etc.) tamb\u00e9m s\u00e3o compat\u00edveis com essa bateria, desde que o espa\u00e7o e conex\u00f5es se ajustembateria<\/p>\n<\/li>\n<\/ul>\n","protected":false},"excerpt":{"rendered":"<p>bateria <strong data-start=\"44\" data-end=\"65\">MotoBatt MBTX14AU<\/strong>, modelo que combina alto desempenho e confiabilidade com o design AGM QuadFlex<\/p>\n","protected":false},"featured_media":14342,"comment_status":"open","ping_status":"closed","template":"","meta":{"_joinchat":[]},"product_brand":[271],"product_cat":[482,15],"product_tag":[],"class_list":{"0":"post-14177","1":"product","2":"type-product","3":"status-publish","4":"has-post-thumbnail","6":"product_brand-motobatt","7":"product_cat-moto-pecas","8":"product_cat-sem-categoria","9":"product_shipping_class-envionormal","11":"first","12":"instock","13":"shipping-taxable","14":"purchasable","15":"product-type-simple"},"_links":{"self":[{"href":"https:\/\/fullatacados.com.br\/index.php\/wp-json\/wp\/v2\/product\/14177","targetHints":{"allow":["GET"]}}],"collection":[{"href":"https:\/\/fullatacados.com.br\/index.php\/wp-json\/wp\/v2\/product"}],"about":[{"href":"https:\/\/fullatacados.com.br\/index.php\/wp-json\/wp\/v2\/types\/product"}],"replies":[{"embeddable":true,"href":"https:\/\/fullatacados.com.br\/index.php\/wp-json\/wp\/v2\/comments?post=14177"}],"wp:featuredmedia":[{"embeddable":true,"href":"https:\/\/fullatacados.com.br\/index.php\/wp-json\/wp\/v2\/media\/14342"}],"wp:attachment":[{"href":"https:\/\/fullatacados.com.br\/index.php\/wp-json\/wp\/v2\/media?parent=14177"}],"wp:term":[{"taxonomy":"product_brand","embeddable":true,"href":"https:\/\/fullatacados.com.br\/index.php\/wp-json\/wp\/v2\/product_brand?post=14177"},{"taxonomy":"product_cat","embeddable":true,"href":"https:\/\/fullatacados.com.br\/index.php\/wp-json\/wp\/v2\/product_cat?post=14177"},{"taxonomy":"product_tag","embeddable":true,"href":"https:\/\/fullatacados.com.br\/index.php\/wp-json\/wp\/v2\/product_tag?post=14177"}],"curies":[{"name":"wp","href":"https:\/\/api.w.org\/{rel}","templated":true}]}}