{"id":14155,"date":"2025-07-20T08:35:07","date_gmt":"2025-07-20T11:35:07","guid":{"rendered":"https:\/\/fullatacados.com.br\/index.php\/produto\/bagageiro-n-max160-16-20-scam\/"},"modified":"2025-12-01T13:20:48","modified_gmt":"2025-12-01T16:20:48","slug":"bagageiro-n-max160-16-20-scam","status":"publish","type":"product","link":"https:\/\/fullatacados.com.br\/index.php\/produto\/bagageiro-n-max160-16-20-scam\/","title":{"rendered":"BAGAGEIRO N MAX160 16\/20 SCAM"},"content":{"rendered":"","protected":false},"excerpt":{"rendered":"<p>Bagageiro SCAM NMAX 160 (2016\u20132020)<br \/>\nSuporte traseiro para ba\u00fa com capacidade de 10\u202fkg, compat\u00edvel com modelos de 2016 a 2020. Feito em a\u00e7o carbono 19\u202fmm com pintura ep\u00f3xi preto fosco e tratamento anticorrosivo. Instala\u00e7\u00e3o simples usando os pontos originais da moto. Ideal para quem busca seguran\u00e7a, durabilidade e conforto ao transportar bagagem.<\/p>\n","protected":false},"featured_media":14640,"comment_status":"open","ping_status":"closed","template":"","meta":{"_joinchat":[]},"product_brand":[],"product_cat":[482,15],"product_tag":[],"class_list":{"0":"post-14155","1":"product","2":"type-product","3":"status-publish","4":"has-post-thumbnail","6":"product_cat-moto-pecas","7":"product_cat-sem-categoria","8":"product_shipping_class-envionormal","10":"first","11":"instock","12":"shipping-taxable","13":"purchasable","14":"product-type-simple"},"_links":{"self":[{"href":"https:\/\/fullatacados.com.br\/index.php\/wp-json\/wp\/v2\/product\/14155","targetHints":{"allow":["GET"]}}],"collection":[{"href":"https:\/\/fullatacados.com.br\/index.php\/wp-json\/wp\/v2\/product"}],"about":[{"href":"https:\/\/fullatacados.com.br\/index.php\/wp-json\/wp\/v2\/types\/product"}],"replies":[{"embeddable":true,"href":"https:\/\/fullatacados.com.br\/index.php\/wp-json\/wp\/v2\/comments?post=14155"}],"wp:featuredmedia":[{"embeddable":true,"href":"https:\/\/fullatacados.com.br\/index.php\/wp-json\/wp\/v2\/media\/14640"}],"wp:attachment":[{"href":"https:\/\/fullatacados.com.br\/index.php\/wp-json\/wp\/v2\/media?parent=14155"}],"wp:term":[{"taxonomy":"product_brand","embeddable":true,"href":"https:\/\/fullatacados.com.br\/index.php\/wp-json\/wp\/v2\/product_brand?post=14155"},{"taxonomy":"product_cat","embeddable":true,"href":"https:\/\/fullatacados.com.br\/index.php\/wp-json\/wp\/v2\/product_cat?post=14155"},{"taxonomy":"product_tag","embeddable":true,"href":"https:\/\/fullatacados.com.br\/index.php\/wp-json\/wp\/v2\/product_tag?post=14155"}],"curies":[{"name":"wp","href":"https:\/\/api.w.org\/{rel}","templated":true}]}}