{"id":14149,"date":"2025-07-20T08:30:09","date_gmt":"2025-07-20T11:30:09","guid":{"rendered":"https:\/\/fullatacados.com.br\/index.php\/produto\/bagageiro-x-max250-21-scam\/"},"modified":"2025-12-01T13:20:49","modified_gmt":"2025-12-01T16:20:49","slug":"bagageiro-x-max250-21-scam","status":"publish","type":"product","link":"https:\/\/fullatacados.com.br\/index.php\/produto\/bagageiro-x-max250-21-scam\/","title":{"rendered":"BAGAGEIRO X-MAX250 21\/&#8230; SCAM"},"content":{"rendered":"<p>Bagageiro SCAM Yamaha X-MAX 250 (2021+)<br \/>\nSuporte traseiro em a\u00e7o carbono com pintura preta, compat\u00edvel com Yamaha X-MAX 250 a partir de 2021. Suporta at\u00e9 10 kg, f\u00e1cil instala\u00e7\u00e3o nos pontos originais da moto. Ideal para fixa\u00e7\u00e3o de ba\u00fas com seguran\u00e7a e durabilidade.<\/p>\n","protected":false},"excerpt":{"rendered":"<p>Bagageiro SCAM Yamaha X-MAX 250 (2021+) Suporte traseiro em a\u00e7o carbono com pintura preta, compat\u00edvel com Yamaha X-MAX 250 a partir de 2021. Suporta at\u00e9 10 kg, f\u00e1cil instala\u00e7\u00e3o nos pontos originais da moto. Ideal para fixa\u00e7\u00e3o de ba\u00fas com seguran\u00e7a e durabilidade.<\/p>\n","protected":false},"featured_media":14655,"comment_status":"open","ping_status":"closed","template":"","meta":{"_joinchat":[]},"product_brand":[],"product_cat":[482,15],"product_tag":[],"class_list":{"0":"post-14149","1":"product","2":"type-product","3":"status-publish","4":"has-post-thumbnail","6":"product_cat-moto-pecas","7":"product_cat-sem-categoria","8":"product_shipping_class-envionormal","10":"first","11":"instock","12":"shipping-taxable","13":"purchasable","14":"product-type-simple"},"_links":{"self":[{"href":"https:\/\/fullatacados.com.br\/index.php\/wp-json\/wp\/v2\/product\/14149","targetHints":{"allow":["GET"]}}],"collection":[{"href":"https:\/\/fullatacados.com.br\/index.php\/wp-json\/wp\/v2\/product"}],"about":[{"href":"https:\/\/fullatacados.com.br\/index.php\/wp-json\/wp\/v2\/types\/product"}],"replies":[{"embeddable":true,"href":"https:\/\/fullatacados.com.br\/index.php\/wp-json\/wp\/v2\/comments?post=14149"}],"wp:featuredmedia":[{"embeddable":true,"href":"https:\/\/fullatacados.com.br\/index.php\/wp-json\/wp\/v2\/media\/14655"}],"wp:attachment":[{"href":"https:\/\/fullatacados.com.br\/index.php\/wp-json\/wp\/v2\/media?parent=14149"}],"wp:term":[{"taxonomy":"product_brand","embeddable":true,"href":"https:\/\/fullatacados.com.br\/index.php\/wp-json\/wp\/v2\/product_brand?post=14149"},{"taxonomy":"product_cat","embeddable":true,"href":"https:\/\/fullatacados.com.br\/index.php\/wp-json\/wp\/v2\/product_cat?post=14149"},{"taxonomy":"product_tag","embeddable":true,"href":"https:\/\/fullatacados.com.br\/index.php\/wp-json\/wp\/v2\/product_tag?post=14149"}],"curies":[{"name":"wp","href":"https:\/\/api.w.org\/{rel}","templated":true}]}}