{"id":14147,"date":"2025-07-20T08:30:09","date_gmt":"2025-07-20T11:30:09","guid":{"rendered":"https:\/\/fullatacados.com.br\/index.php\/produto\/bagageiro-tit160-fan-14-24-liga-le-scam\/"},"modified":"2026-03-23T10:50:08","modified_gmt":"2026-03-23T13:50:08","slug":"bagageiro-tit160-fan-14-24-liga-le-scam","status":"publish","type":"product","link":"https:\/\/fullatacados.com.br\/index.php\/produto\/bagageiro-tit160-fan-14-24-liga-le-scam\/","title":{"rendered":"BAGAGEIRO TIT160 FAN 14\/24 LIGA LE SCAM"},"content":{"rendered":"<p>Bagageiro Titan 160 Fan 14\/24 Liga Leve \u2013 SCAM<br \/>\nSuporte traseiro em liga leve com pintura preta, compat\u00edvel com Honda Titan 160 e Fan 2014 a 2024. Resistente e leve, suporta ba\u00fas de at\u00e9 15 kg. F\u00e1cil instala\u00e7\u00e3o sem modifica\u00e7\u00f5es, alia praticidade e estilo.<\/p>\n","protected":false},"excerpt":{"rendered":"<p>Bagageiro Titan 160 Fan 14\/24 Liga Leve \u2013 SCAM Suporte traseiro em liga leve com pintura preta, compat\u00edvel com Honda Titan 160 e Fan 2014 a 2024. Resistente e leve, suporta ba\u00fas de at\u00e9 15 kg. F\u00e1cil instala\u00e7\u00e3o sem modifica\u00e7\u00f5es, alia praticidade e estilo.<\/p>\n","protected":false},"featured_media":14650,"comment_status":"open","ping_status":"closed","template":"","meta":{"_joinchat":[]},"product_brand":[277],"product_cat":[482,15],"product_tag":[],"class_list":{"0":"post-14147","1":"product","2":"type-product","3":"status-publish","4":"has-post-thumbnail","6":"product_brand-scam","7":"product_cat-moto-pecas","8":"product_cat-sem-categoria","9":"product_shipping_class-envionormal","11":"first","12":"outofstock","13":"shipping-taxable","14":"purchasable","15":"product-type-simple"},"_links":{"self":[{"href":"https:\/\/fullatacados.com.br\/index.php\/wp-json\/wp\/v2\/product\/14147","targetHints":{"allow":["GET"]}}],"collection":[{"href":"https:\/\/fullatacados.com.br\/index.php\/wp-json\/wp\/v2\/product"}],"about":[{"href":"https:\/\/fullatacados.com.br\/index.php\/wp-json\/wp\/v2\/types\/product"}],"replies":[{"embeddable":true,"href":"https:\/\/fullatacados.com.br\/index.php\/wp-json\/wp\/v2\/comments?post=14147"}],"wp:featuredmedia":[{"embeddable":true,"href":"https:\/\/fullatacados.com.br\/index.php\/wp-json\/wp\/v2\/media\/14650"}],"wp:attachment":[{"href":"https:\/\/fullatacados.com.br\/index.php\/wp-json\/wp\/v2\/media?parent=14147"}],"wp:term":[{"taxonomy":"product_brand","embeddable":true,"href":"https:\/\/fullatacados.com.br\/index.php\/wp-json\/wp\/v2\/product_brand?post=14147"},{"taxonomy":"product_cat","embeddable":true,"href":"https:\/\/fullatacados.com.br\/index.php\/wp-json\/wp\/v2\/product_cat?post=14147"},{"taxonomy":"product_tag","embeddable":true,"href":"https:\/\/fullatacados.com.br\/index.php\/wp-json\/wp\/v2\/product_tag?post=14147"}],"curies":[{"name":"wp","href":"https:\/\/api.w.org\/{rel}","templated":true}]}}