{"id":14146,"date":"2025-07-20T08:30:09","date_gmt":"2025-07-20T11:30:09","guid":{"rendered":"https:\/\/fullatacados.com.br\/index.php\/produto\/bagageiro-ybr125-09-16-fact125-pto\/"},"modified":"2026-04-27T13:35:07","modified_gmt":"2026-04-27T16:35:07","slug":"bagageiro-ybr125-09-16-fact125-pto","status":"publish","type":"product","link":"https:\/\/fullatacados.com.br\/index.php\/produto\/bagageiro-ybr125-09-16-fact125-pto\/","title":{"rendered":"BAGAGEIRO YBR125 09\/16 FACT125 PTO"},"content":{"rendered":"<p>Bagageiro YBR125 \/ FACT125 09\/16 Preto<br \/>\nBagageiro traseiro em a\u00e7o leve com pintura preta, compat\u00edvel com Yamaha YBR125 e Factor125 (2009-2016). Resistente, f\u00e1cil instala\u00e7\u00e3o e ideal para transportar cargas com seguran\u00e7a.<\/p>\n","protected":false},"excerpt":{"rendered":"<p>Bagageiro YBR125 \/ FACT125 09\/16 Preto Bagageiro traseiro em a\u00e7o leve com pintura preta, compat\u00edvel com Yamaha YBR125 e Factor125 (2009-2016). Resistente, f\u00e1cil instala\u00e7\u00e3o e ideal para transportar cargas com seguran\u00e7a.<\/p>\n","protected":false},"featured_media":14649,"comment_status":"open","ping_status":"closed","template":"","meta":{"_joinchat":[]},"product_brand":[199],"product_cat":[482,15],"product_tag":[],"class_list":{"0":"post-14146","1":"product","2":"type-product","3":"status-publish","4":"has-post-thumbnail","6":"product_brand-importado","7":"product_cat-moto-pecas","8":"product_cat-sem-categoria","9":"product_shipping_class-envionormal","11":"first","12":"instock","13":"shipping-taxable","14":"purchasable","15":"product-type-simple"},"_links":{"self":[{"href":"https:\/\/fullatacados.com.br\/index.php\/wp-json\/wp\/v2\/product\/14146","targetHints":{"allow":["GET"]}}],"collection":[{"href":"https:\/\/fullatacados.com.br\/index.php\/wp-json\/wp\/v2\/product"}],"about":[{"href":"https:\/\/fullatacados.com.br\/index.php\/wp-json\/wp\/v2\/types\/product"}],"replies":[{"embeddable":true,"href":"https:\/\/fullatacados.com.br\/index.php\/wp-json\/wp\/v2\/comments?post=14146"}],"wp:featuredmedia":[{"embeddable":true,"href":"https:\/\/fullatacados.com.br\/index.php\/wp-json\/wp\/v2\/media\/14649"}],"wp:attachment":[{"href":"https:\/\/fullatacados.com.br\/index.php\/wp-json\/wp\/v2\/media?parent=14146"}],"wp:term":[{"taxonomy":"product_brand","embeddable":true,"href":"https:\/\/fullatacados.com.br\/index.php\/wp-json\/wp\/v2\/product_brand?post=14146"},{"taxonomy":"product_cat","embeddable":true,"href":"https:\/\/fullatacados.com.br\/index.php\/wp-json\/wp\/v2\/product_cat?post=14146"},{"taxonomy":"product_tag","embeddable":true,"href":"https:\/\/fullatacados.com.br\/index.php\/wp-json\/wp\/v2\/product_tag?post=14146"}],"curies":[{"name":"wp","href":"https:\/\/api.w.org\/{rel}","templated":true}]}}