{"id":14145,"date":"2025-07-20T08:30:09","date_gmt":"2025-07-20T11:30:09","guid":{"rendered":"https:\/\/fullatacados.com.br\/index.php\/produto\/bagageiro-apache-dafra-sansao\/"},"modified":"2025-12-01T13:20:49","modified_gmt":"2025-12-01T16:20:49","slug":"bagageiro-apache-dafra-sansao","status":"publish","type":"product","link":"https:\/\/fullatacados.com.br\/index.php\/produto\/bagageiro-apache-dafra-sansao\/","title":{"rendered":"BAGAGEIRO APACHE DAFRA SANSAO"},"content":{"rendered":"<p>Bagageiro Apache Dafra \u2013 Sans\u00e3o<br \/>\nBagageiro traseiro resistente e dur\u00e1vel, desenvolvido pela Sans\u00e3o para Dafra Apache. Fabricado em a\u00e7o com acabamento de qualidade, oferece seguran\u00e7a e praticidade para transportar cargas. F\u00e1cil instala\u00e7\u00e3o e design que combina com a moto.<\/p>\n","protected":false},"excerpt":{"rendered":"<p>Bagageiro Apache Dafra \u2013 Sans\u00e3o Bagageiro traseiro resistente e dur\u00e1vel, desenvolvido pela Sans\u00e3o para Dafra Apache. Fabricado em a\u00e7o com acabamento de qualidade, oferece seguran\u00e7a e praticidade para transportar cargas. F\u00e1cil instala\u00e7\u00e3o e design que combina com a moto.<\/p>\n","protected":false},"featured_media":14653,"comment_status":"open","ping_status":"closed","template":"","meta":{"_joinchat":[]},"product_brand":[183],"product_cat":[482,15],"product_tag":[],"class_list":{"0":"post-14145","1":"product","2":"type-product","3":"status-publish","4":"has-post-thumbnail","6":"product_brand-pro-tork","7":"product_cat-moto-pecas","8":"product_cat-sem-categoria","9":"product_shipping_class-envionormal","11":"first","12":"instock","13":"shipping-taxable","14":"purchasable","15":"product-type-simple"},"_links":{"self":[{"href":"https:\/\/fullatacados.com.br\/index.php\/wp-json\/wp\/v2\/product\/14145","targetHints":{"allow":["GET"]}}],"collection":[{"href":"https:\/\/fullatacados.com.br\/index.php\/wp-json\/wp\/v2\/product"}],"about":[{"href":"https:\/\/fullatacados.com.br\/index.php\/wp-json\/wp\/v2\/types\/product"}],"replies":[{"embeddable":true,"href":"https:\/\/fullatacados.com.br\/index.php\/wp-json\/wp\/v2\/comments?post=14145"}],"wp:featuredmedia":[{"embeddable":true,"href":"https:\/\/fullatacados.com.br\/index.php\/wp-json\/wp\/v2\/media\/14653"}],"wp:attachment":[{"href":"https:\/\/fullatacados.com.br\/index.php\/wp-json\/wp\/v2\/media?parent=14145"}],"wp:term":[{"taxonomy":"product_brand","embeddable":true,"href":"https:\/\/fullatacados.com.br\/index.php\/wp-json\/wp\/v2\/product_brand?post=14145"},{"taxonomy":"product_cat","embeddable":true,"href":"https:\/\/fullatacados.com.br\/index.php\/wp-json\/wp\/v2\/product_cat?post=14145"},{"taxonomy":"product_tag","embeddable":true,"href":"https:\/\/fullatacados.com.br\/index.php\/wp-json\/wp\/v2\/product_tag?post=14145"}],"curies":[{"name":"wp","href":"https:\/\/api.w.org\/{rel}","templated":true}]}}